{"id":54965,"date":"2024-03-01T10:36:26","date_gmt":"2024-03-01T10:36:26","guid":{"rendered":"https:\/\/nbg.eu\/product\/fox-ammunition-93x62-220-gr\/"},"modified":"2026-01-21T11:30:00","modified_gmt":"2026-01-21T08:30:00","slug":"fox-ammunition-93x62-220-gr","status":"publish","type":"product","link":"https:\/\/nbg.eu\/mt\/product\/fox-ammunition-93x62-220-gr\/","title":{"rendered":"Fox Ammunition 9,3&#215;62 &#8211; 220 gr"},"content":{"rendered":"<div class=\"product-description\">\n<h2>Munizzjon Fox Classic Hunter<\/h2>\n<p>Il-balal Fox Classic Hunter huma \u0127ielsa mi\u010b-\u010bomb, mag\u0127mula g\u0127al xenarji ta&#8217; ka\u010b\u010ba Ewropea. Mag\u0127mulin minn liga tar-ram u \u017c-\u017cingu, joffru:<\/p>\n<ul>\n<li>Prestazzjoni f&#8217;ka\u010b\u010ba tal-\u0127nie\u017cer selva\u0121\u0121i minn qrib sa sparar mill-bog\u0127od fil-muntanji<\/li>\n<li>Deformazzjoni affidabbli f&#8217;velo\u010bitajiet ta&#8217; impatt aktar baxxi (500 m\/s)<\/li>\n<li>Disinn b&#8217;xquq g\u0127al pressjoni mnaqqsa fil-kanna u velo\u010bit\u00e0 mi\u017cjuda<\/li>\n<li>Ponta tal-plastik termostabbli g\u0127al ballistika u effett terminali mtejjeb<\/li>\n<li>Espansjoni kkontrollata g\u0127al trasferiment tal-ener\u0121ija u qawwa ta&#8217; waqfien<\/li>\n<li>Deformazzjoni f&#8217;forma ta&#8217; faqqieg\u0127 sa darbtejn id-dijametru tal-kalibru<\/li>\n<li>\u017bamma tal-massa ta&#8217; 95%+ f&#8217;kundizzjonijiet normali ta&#8217; penetrazzjoni<\/li>\n<li>Preservazzjoni tal-la\u0127am<\/li>\n<\/ul>\n<p>Munizzjon Fox Classic Hunter g\u0127al ka\u010b\u010ba.<\/p>\n<\/div>\n","protected":false},"excerpt":{"rendered":"<p>Munizzjon \u0127ieles mi\u010b-\u010bomb g\u0127al ka\u010b\u010ba Ewropea versatili. Pre\u010bi\u017c u effettiv.<\/p>\n","protected":false},"featured_media":54966,"template":"","meta":{"_acf_changed":false},"product_brand":[11347],"product_cat":[14111,14161,14171],"product_tag":[],"class_list":{"0":"post-54965","1":"product","2":"type-product","3":"status-publish","4":"has-post-thumbnail","6":"product_brand-fox-bullets","7":"product_cat-licenzjat","8":"product_cat-munizzjon","9":"product_cat-munizzjon-tar-rifle","11":"first","12":"instock","13":"taxable","14":"shipping-taxable","15":"purchasable","16":"product-type-simple"},"acf":[],"_links":{"self":[{"href":"https:\/\/nbg.eu\/mt\/wp-json\/wp\/v2\/product\/54965","targetHints":{"allow":["GET"]}}],"collection":[{"href":"https:\/\/nbg.eu\/mt\/wp-json\/wp\/v2\/product"}],"about":[{"href":"https:\/\/nbg.eu\/mt\/wp-json\/wp\/v2\/types\/product"}],"wp:featuredmedia":[{"embeddable":true,"href":"https:\/\/nbg.eu\/mt\/wp-json\/wp\/v2\/media\/54966"}],"wp:attachment":[{"href":"https:\/\/nbg.eu\/mt\/wp-json\/wp\/v2\/media?parent=54965"}],"wp:term":[{"taxonomy":"product_brand","embeddable":true,"href":"https:\/\/nbg.eu\/mt\/wp-json\/wp\/v2\/product_brand?post=54965"},{"taxonomy":"product_cat","embeddable":true,"href":"https:\/\/nbg.eu\/mt\/wp-json\/wp\/v2\/product_cat?post=54965"},{"taxonomy":"product_tag","embeddable":true,"href":"https:\/\/nbg.eu\/mt\/wp-json\/wp\/v2\/product_tag?post=54965"}],"curies":[{"name":"wp","href":"https:\/\/api.w.org\/{rel}","templated":true}]}}