{"id":554039,"date":"2025-09-06T16:21:27","date_gmt":"2025-09-06T13:21:27","guid":{"rendered":"https:\/\/nbg.eu\/product\/armazone-q-r-viper-48mm\/"},"modified":"2026-01-21T11:39:13","modified_gmt":"2026-01-21T08:39:13","slug":"armazone-q-r-viper-48mm","status":"publish","type":"product","link":"https:\/\/nbg.eu\/mt\/product\/armazone-q-r-viper-48mm\/","title":{"rendered":"Armazone Q-R Viper 48mm"},"content":{"rendered":"<h2>Armazone Q-R Viper 48mm<\/h2>\n<p>L-Armazone Q-R Viper 48mm huwa adapter imfassal biex jimmonta utensili termali fuq apparat Nitehog. Dan l-adapter g\u0127andu mekkani\u017cmu ta&#8217; qfil rapidu u sistema ta&#8217; lieva.<\/p>\n<h2>Karatteristi\u010bi Ewlenin:<\/h2>\n<ul>\n<li>Lieva ta&#8217; qfil rapidu g\u0127al immuntar u tne\u0127\u0127ija fa\u010bli<\/li>\n<li>Operazzjoni ming\u0127ajr g\u0127odda ladarba ji\u0121i a\u0121\u0121ustat<\/li>\n<li>Kompatibbli ma&#8217; mirilli teleskopi\u010bi Nitehog<\/li>\n<li>Mag\u0127mul b&#8217;pre\u010bi\u017cjoni g\u0127al twa\u0127\u0127il sigur<\/li>\n<\/ul>\n<p><strong>Nota:<\/strong> Dan l-adapter jista&#8217; jikkumpensa g\u0127al deflezzjoni &#8216;l isfel massima ta&#8217; 1mm. Mhuwiex soluzzjoni universali g\u0127al kull xenarju ta&#8217; immuntar.<\/p>\n<p>L-Armazone Q-R Viper 48mm jipprovdi aktar versatilit\u00e0 u fa\u010bilit\u00e0 fl-u\u017cu fil-qasam.<\/p>\n","protected":false},"excerpt":{"rendered":"<p>Adapter termali b&#8217;lock mg\u0127a\u0121\u0121el g\u0127al scope ta&#8217; Nitehog. Twa\u0127\u0127il ming\u0127ajr b\u017conn ta&#8217; g\u0127odda.<\/p>\n","protected":false},"featured_media":499493,"template":"","meta":{"_acf_changed":false},"product_brand":[14243],"product_cat":[14134,14109,14129],"product_tag":[],"class_list":{"0":"post-554039","1":"product","2":"type-product","3":"status-publish","4":"has-post-thumbnail","6":"product_brand-armazone","7":"product_cat-accessorji-gall-immira","8":"product_cat-immira","9":"product_cat-termali","11":"first","12":"instock","13":"taxable","14":"shipping-taxable","15":"purchasable","16":"product-type-simple"},"acf":[],"_links":{"self":[{"href":"https:\/\/nbg.eu\/mt\/wp-json\/wp\/v2\/product\/554039","targetHints":{"allow":["GET"]}}],"collection":[{"href":"https:\/\/nbg.eu\/mt\/wp-json\/wp\/v2\/product"}],"about":[{"href":"https:\/\/nbg.eu\/mt\/wp-json\/wp\/v2\/types\/product"}],"wp:featuredmedia":[{"embeddable":true,"href":"https:\/\/nbg.eu\/mt\/wp-json\/wp\/v2\/media\/499493"}],"wp:attachment":[{"href":"https:\/\/nbg.eu\/mt\/wp-json\/wp\/v2\/media?parent=554039"}],"wp:term":[{"taxonomy":"product_brand","embeddable":true,"href":"https:\/\/nbg.eu\/mt\/wp-json\/wp\/v2\/product_brand?post=554039"},{"taxonomy":"product_cat","embeddable":true,"href":"https:\/\/nbg.eu\/mt\/wp-json\/wp\/v2\/product_cat?post=554039"},{"taxonomy":"product_tag","embeddable":true,"href":"https:\/\/nbg.eu\/mt\/wp-json\/wp\/v2\/product_tag?post=554039"}],"curies":[{"name":"wp","href":"https:\/\/api.w.org\/{rel}","templated":true}]}}