{"id":554492,"date":"2025-09-05T18:19:19","date_gmt":"2025-09-05T15:19:19","guid":{"rendered":"https:\/\/nbg.eu\/product\/magpul-enhanced-ejection-port-cover-for-ar-15\/"},"modified":"2026-01-21T12:24:13","modified_gmt":"2026-01-21T09:24:13","slug":"magpul-enhanced-ejection-port-cover-for-ar-15","status":"publish","type":"product","link":"https:\/\/nbg.eu\/mt\/product\/magpul-enhanced-ejection-port-cover-for-ar-15\/","title":{"rendered":"MAGPUL ENHANCED EJECTION PORT COVER FOR AR-15"},"content":{"rendered":"<div class=\"product-description\">\n<h2>Magpul G\u0127atu tal-Port tal-E\u0121ezzjoni g\u0127all-AR-15<\/h2>\n<p>Il-Magpul G\u0127atu tal-Port tal-E\u0121ezzjoni g\u0127all-AR-15 huwa komponent iddisinjat g\u0127ad-durabilit\u00e0 u l-fa\u010bilit\u00e0 tal-u\u017cu. Dan l-g\u0127atu tal-port jinkludi:<\/p>\n<ul>\n<li>Kostruzzjoni ta&#8217; polimeru injettat re\u017cistenti g\u0127all-korru\u017cjoni u l-impatt<\/li>\n<li>Installazzjoni sempli\u010bi ming\u0127ajr ma jitne\u0127\u0127ew il-handguard, il-barrel nut, c-clips, jew molol<\/li>\n<li>Kompatibbilt\u00e0 ma&#8217; pjattaformi AR-15 ta&#8217; kalibru .223 Remington\/5.56<\/li>\n<li>Finitura sewda<\/li>\n<\/ul>\n<p>L-G\u0127atu tal-Port tal-E\u0121ezzjoni Magpul joffri konvenjenza u benefi\u010b\u010bji ta&#8217; manutenzjoni g\u0127all-AR-15 tieg\u0127ek. Dan l-a\u010b\u010bessorju huwa utli g\u0127all-bini jew a\u0121\u0121ornament tal-arma tieg\u0127ek.<\/p>\n<\/div>\n","protected":false},"excerpt":{"rendered":"<p>Kopertura tat-trab AR-15 re\u017cistenti g\u0127all-korru\u017cjoni li tinqafel f&#8217;postu. Fa\u010bli biex tinstalla.<\/p>\n","protected":false},"featured_media":499450,"template":"","meta":{"_acf_changed":false},"product_brand":[11539],"product_cat":[14158,14142,14119],"product_tag":[],"class_list":{"0":"post-554492","1":"product","2":"type-product","3":"status-publish","4":"has-post-thumbnail","6":"product_brand-magpul","7":"product_cat-rifle","8":"product_cat-tuning-ar","9":"product_cat-tuning-tar-rifle","11":"first","12":"outofstock","13":"taxable","14":"shipping-taxable","15":"purchasable","16":"product-type-simple"},"acf":[],"_links":{"self":[{"href":"https:\/\/nbg.eu\/mt\/wp-json\/wp\/v2\/product\/554492","targetHints":{"allow":["GET"]}}],"collection":[{"href":"https:\/\/nbg.eu\/mt\/wp-json\/wp\/v2\/product"}],"about":[{"href":"https:\/\/nbg.eu\/mt\/wp-json\/wp\/v2\/types\/product"}],"wp:featuredmedia":[{"embeddable":true,"href":"https:\/\/nbg.eu\/mt\/wp-json\/wp\/v2\/media\/499450"}],"wp:attachment":[{"href":"https:\/\/nbg.eu\/mt\/wp-json\/wp\/v2\/media?parent=554492"}],"wp:term":[{"taxonomy":"product_brand","embeddable":true,"href":"https:\/\/nbg.eu\/mt\/wp-json\/wp\/v2\/product_brand?post=554492"},{"taxonomy":"product_cat","embeddable":true,"href":"https:\/\/nbg.eu\/mt\/wp-json\/wp\/v2\/product_cat?post=554492"},{"taxonomy":"product_tag","embeddable":true,"href":"https:\/\/nbg.eu\/mt\/wp-json\/wp\/v2\/product_tag?post=554492"}],"curies":[{"name":"wp","href":"https:\/\/api.w.org\/{rel}","templated":true}]}}