{"id":55869,"date":"2024-02-28T05:48:50","date_gmt":"2024-09-13T13:17:57","guid":{"rendered":"https:\/\/nbg.eu\/product\/fox-classic-hunter-311\/"},"modified":"2026-01-21T12:16:51","modified_gmt":"2026-01-21T09:16:51","slug":"fox-classic-hunter-311","status":"publish","type":"product","link":"https:\/\/nbg.eu\/mt\/product\/fox-classic-hunter-311\/","title":{"rendered":"Fox Classic Hunter .311"},"content":{"rendered":"<div class=\"product-description\">\n<h2>Fox Classic Hunter <\/h2>\n<p>Il-Fox Classic Hunter huwa balla versatili, \u0127ielsa mi\u010b-\u010bomb, ma\u0127suba g\u0127all-ka\u010b\u010baturi Ewropej li jiffa\u010b\u010bjaw xenarji differenti ta&#8217; ka\u010b\u010ba. Din il-balla mag\u0127mula minn lega tar-ram u \u017cingu tag\u0127ti prestazzjoni f&#8217;diversi sitwazzjonijiet.<\/p>\n<ul>\n<li>Kompo\u017cizzjoni \u0127ielsa mi\u010b-\u010bomb<\/li>\n<li>Deformazzjoni effettiva f&#8217;velo\u010bitajiet ta&#8217; impatt aktar baxxi (500 m\/s)<\/li>\n<li>Disinn bi skanaturi g\u0127al pressjoni mnaqqsa fil-kanna u \u017cieda fil-velo\u010bit\u00e0<\/li>\n<li>Ponta tal-plastik termostabbli g\u0127al ballistica u effett terminali mtejjeb<\/li>\n<li>Espansjoni kkontrollata g\u0127al trasferiment ottimali tal-ener\u0121ija<\/li>\n<li>Deformazzjoni forma ta&#8217; faqqieg\u0127 sa darbtejn id-dijametru tal-kalibru<\/li>\n<li>Qawwa ta&#8217; waqfien b&#8217;\u0127sara minima tal-la\u0127am<\/li>\n<\/ul>\n<p>Il-Fox Classic Hunter huwa g\u0127a\u017cla g\u0127all-ka\u010b\u010ba fl-Ewropa.<\/p>\n<\/div>\n","protected":false},"excerpt":{"rendered":"<p>Balla tar-ram u \u017cingu \u0127ielsa mi\u010b-\u010bomb g\u0127al ka\u010b\u010ba versatili. Espansjoni rapida, pre\u010bi\u017cjoni g\u0127olja.<\/p>\n","protected":false},"featured_media":55870,"template":"","meta":{"_acf_changed":false},"product_brand":[11347],"product_cat":[14144],"product_tag":[],"class_list":{"0":"post-55869","1":"product","2":"type-product","3":"status-publish","4":"has-post-thumbnail","6":"product_brand-fox-bullets","7":"product_cat-rikargar-mill-gdid","9":"first","10":"instock","11":"taxable","12":"shipping-taxable","13":"purchasable","14":"product-type-variable","15":"wvs-archive-product-wrapper"},"acf":[],"_links":{"self":[{"href":"https:\/\/nbg.eu\/mt\/wp-json\/wp\/v2\/product\/55869","targetHints":{"allow":["GET"]}}],"collection":[{"href":"https:\/\/nbg.eu\/mt\/wp-json\/wp\/v2\/product"}],"about":[{"href":"https:\/\/nbg.eu\/mt\/wp-json\/wp\/v2\/types\/product"}],"wp:featuredmedia":[{"embeddable":true,"href":"https:\/\/nbg.eu\/mt\/wp-json\/wp\/v2\/media\/55870"}],"wp:attachment":[{"href":"https:\/\/nbg.eu\/mt\/wp-json\/wp\/v2\/media?parent=55869"}],"wp:term":[{"taxonomy":"product_brand","embeddable":true,"href":"https:\/\/nbg.eu\/mt\/wp-json\/wp\/v2\/product_brand?post=55869"},{"taxonomy":"product_cat","embeddable":true,"href":"https:\/\/nbg.eu\/mt\/wp-json\/wp\/v2\/product_cat?post=55869"},{"taxonomy":"product_tag","embeddable":true,"href":"https:\/\/nbg.eu\/mt\/wp-json\/wp\/v2\/product_tag?post=55869"}],"curies":[{"name":"wp","href":"https:\/\/api.w.org\/{rel}","templated":true}]}}