{"id":56207,"date":"2024-02-24T19:52:23","date_gmt":"2024-09-13T13:20:12","guid":{"rendered":"https:\/\/nbg.eu\/product\/fox-classic-hunter-65-mm-139-gr\/"},"modified":"2026-01-21T11:58:23","modified_gmt":"2026-01-21T08:58:23","slug":"fox-classic-hunter-65-mm-139-gr","status":"publish","type":"product","link":"https:\/\/nbg.eu\/mt\/product\/fox-classic-hunter-65-mm-139-gr\/","title":{"rendered":"Fox Classic Hunter 6,5 mm (139 gr)"},"content":{"rendered":"<div class=\"product-description\">\n<h2>Fox Classic Hunter<\/h2>\n<p>Il-Fox Classic Hunter huwa balla versatili, ming\u0127ajr \u010bomb, iddisinjata g\u0127all-ka\u010b\u010baturi Ewropej li jiffa\u010b\u010bjaw xenarji differenti ta&#8217; ka\u010b\u010ba. Din il-balla ta&#8217; lega tar-ram u \u017cingu tag\u0127ti prestazzjoni tajba kemm g\u0127all-ka\u010b\u010ba tal-\u0127nie\u017cer selva\u0121\u0121i kif ukoll g\u0127all-annimali tal-muntanji.<\/p>\n<ul>\n<li>Kompo\u017cizzjoni ming\u0127ajr \u010bomb<\/li>\n<li>Deformazzjoni effettiva f&#8217;velo\u010bitajiet ta&#8217; impatt aktar baxxi (500 m\/s)<\/li>\n<li>Disinn bi skanaturi g\u0127al pressjoni mnaqqsa fil-kanna u velo\u010bit\u00e0 mi\u017cjuda<\/li>\n<li>Ponta tal-plastik termostabbli g\u0127al ballistika u effett terminali mtejjeb<\/li>\n<li>Espansjoni kkontrollata g\u0127al trasferiment tal-ener\u0121ija ottimali<\/li>\n<li>Deformazzjoni f&#8217;forma ta&#8217; faqqieg\u0127 sa darbtejn id-dijametru tal-kalibru<\/li>\n<li>Sa\u0127\u0127a ta&#8217; waqfien b&#8217;\u0127sara minima g\u0127al-la\u0127am<\/li>\n<\/ul>\n<p>Il-Fox Classic Hunter huwa g\u0127a\u017cla g\u0127all-ka\u010b\u010ba effettiva madwar l-Ewropa.<\/p>\n<\/div>\n","protected":false},"excerpt":{"rendered":"<p>Balla tar-ram u \u017cingu \u0127ielsa mi\u010b-\u010bomb g\u0127al ka\u010b\u010ba versatili. Espansjoni mg\u0127a\u0121\u0121la, pre\u010bi\u017cjoni g\u0127olja.<\/p>\n","protected":false},"featured_media":56208,"template":"","meta":{"_acf_changed":false},"product_brand":[11347],"product_cat":[14144],"product_tag":[],"class_list":{"0":"post-56207","1":"product","2":"type-product","3":"status-publish","4":"has-post-thumbnail","6":"product_brand-fox-bullets","7":"product_cat-rikargar-mill-gdid","9":"first","10":"instock","11":"taxable","12":"shipping-taxable","13":"purchasable","14":"product-type-variable","15":"wvs-archive-product-wrapper"},"acf":[],"_links":{"self":[{"href":"https:\/\/nbg.eu\/mt\/wp-json\/wp\/v2\/product\/56207","targetHints":{"allow":["GET"]}}],"collection":[{"href":"https:\/\/nbg.eu\/mt\/wp-json\/wp\/v2\/product"}],"about":[{"href":"https:\/\/nbg.eu\/mt\/wp-json\/wp\/v2\/types\/product"}],"wp:featuredmedia":[{"embeddable":true,"href":"https:\/\/nbg.eu\/mt\/wp-json\/wp\/v2\/media\/56208"}],"wp:attachment":[{"href":"https:\/\/nbg.eu\/mt\/wp-json\/wp\/v2\/media?parent=56207"}],"wp:term":[{"taxonomy":"product_brand","embeddable":true,"href":"https:\/\/nbg.eu\/mt\/wp-json\/wp\/v2\/product_brand?post=56207"},{"taxonomy":"product_cat","embeddable":true,"href":"https:\/\/nbg.eu\/mt\/wp-json\/wp\/v2\/product_cat?post=56207"},{"taxonomy":"product_tag","embeddable":true,"href":"https:\/\/nbg.eu\/mt\/wp-json\/wp\/v2\/product_tag?post=56207"}],"curies":[{"name":"wp","href":"https:\/\/api.w.org\/{rel}","templated":true}]}}