{"id":56313,"date":"2024-02-24T19:06:55","date_gmt":"2024-09-13T13:21:19","guid":{"rendered":"https:\/\/nbg.eu\/product\/fox-classic-hunter-6-mm-80100-gr\/"},"modified":"2026-01-21T11:54:21","modified_gmt":"2026-01-21T08:54:21","slug":"fox-classic-hunter-6-mm-80100-gr","status":"publish","type":"product","link":"https:\/\/nbg.eu\/mt\/product\/fox-classic-hunter-6-mm-80100-gr\/","title":{"rendered":"Fox Classic Hunter 6 mm (80,100 gr)"},"content":{"rendered":"<div class=\"product-description\">\n<h2>Fox Classic Hunter<\/h2>\n<p>Il-Fox Classic Hunter huwa balla versatili ming\u0127ajr \u010bomb imfassla g\u0127all-ka\u010b\u010baturi Ewropej li jiffa\u010b\u010bjaw xenarji differenti ta&#8217; ka\u010b\u010ba. Din il-balla mag\u0127mula minn liga ta&#8217; ram u \u017cingu ta\u0127dem tajjeb kemm g\u0127all-ka\u010b\u010ba tal-\u0127nie\u017cer selva\u0121\u0121i kif ukoll g\u0127all-annimali tal-muntanji.<\/p>\n<ul>\n<li>Kompo\u017cizzjoni ming\u0127ajr \u010bomb<\/li>\n<li>Deformazzjoni effettiva f&#8217;velo\u010bitajiet ta&#8217; impatt aktar baxxi (500 m\/s)<\/li>\n<li>Disinn bi xquq g\u0127al pressjoni aktar baxxa fil-kanna u velo\u010bit\u00e0 akbar<\/li>\n<li>Ponta tal-plastik termostabbli g\u0127al ballistika a\u0127jar<\/li>\n<li>Espansjoni kkontrollata g\u0127al trasferiment tal-ener\u0121ija ottimali<\/li>\n<li>Deformazzjoni f&#8217;g\u0127amla ta&#8217; faqqieg\u0127 sa darbtejn id-dijametru tal-kalibru<\/li>\n<li>Qawwa ta&#8217; waqfien g\u0127olja b&#8217;\u0127sara minima fil-la\u0127am<\/li>\n<\/ul>\n<p>Il-Fox Classic Hunter huwa g\u0127a\u017cla tajba g\u0127all-ka\u010b\u010ba effettiva madwar l-Ewropa.<\/p>\n<\/div>\n","protected":false},"excerpt":{"rendered":"<p>Balla tar-ram u \u017cingu \u0127ielsa mi\u010b-\u010bomb g\u0127al ka\u010b\u010ba versatili. Espansjoni rapida, pre\u010bi\u017cjoni g\u0127olja.<\/p>\n","protected":false},"featured_media":56314,"template":"","meta":{"_acf_changed":false},"product_brand":[11347],"product_cat":[14144],"product_tag":[],"class_list":{"0":"post-56313","1":"product","2":"type-product","3":"status-publish","4":"has-post-thumbnail","6":"product_brand-fox-bullets","7":"product_cat-rikargar-mill-gdid","9":"first","10":"instock","11":"taxable","12":"shipping-taxable","13":"purchasable","14":"product-type-variable","15":"wvs-archive-product-wrapper"},"acf":[],"_links":{"self":[{"href":"https:\/\/nbg.eu\/mt\/wp-json\/wp\/v2\/product\/56313","targetHints":{"allow":["GET"]}}],"collection":[{"href":"https:\/\/nbg.eu\/mt\/wp-json\/wp\/v2\/product"}],"about":[{"href":"https:\/\/nbg.eu\/mt\/wp-json\/wp\/v2\/types\/product"}],"wp:featuredmedia":[{"embeddable":true,"href":"https:\/\/nbg.eu\/mt\/wp-json\/wp\/v2\/media\/56314"}],"wp:attachment":[{"href":"https:\/\/nbg.eu\/mt\/wp-json\/wp\/v2\/media?parent=56313"}],"wp:term":[{"taxonomy":"product_brand","embeddable":true,"href":"https:\/\/nbg.eu\/mt\/wp-json\/wp\/v2\/product_brand?post=56313"},{"taxonomy":"product_cat","embeddable":true,"href":"https:\/\/nbg.eu\/mt\/wp-json\/wp\/v2\/product_cat?post=56313"},{"taxonomy":"product_tag","embeddable":true,"href":"https:\/\/nbg.eu\/mt\/wp-json\/wp\/v2\/product_tag?post=56313"}],"curies":[{"name":"wp","href":"https:\/\/api.w.org\/{rel}","templated":true}]}}