{"id":575538,"date":"2025-10-10T12:34:58","date_gmt":"2025-10-10T09:34:58","guid":{"rendered":"https:\/\/nbg.eu\/product\/grips-kmr-l-dotmatrix-ergo-brass\/"},"modified":"2026-04-16T18:04:26","modified_gmt":"2026-04-16T15:04:26","slug":"grips-kmr-l-dotmatrix-ergo-brass","status":"publish","type":"product","link":"https:\/\/nbg.eu\/mt\/product\/grips-kmr-l-dotmatrix-ergo-brass\/","title":{"rendered":"KMR Qabdiet L DotMatrix Ergo Ram"},"content":{"rendered":"<h2>GRIPS KMR L DOTMATRIX ERGO BRASS<\/h2>\n<p>Il-grips tal-ottone mill-KMR Precision Arms jattu lil arma tan-nar tieg\u0127ek apparenza moderna u distintiva filwaqt li j\u017cidu pi\u017c bilan\u010bjat g\u0127al kontroll imtejjeb. It-tessura DotMatrix Ergo tas-forma ergonomika tipprovdi qbid sigur u komdu, itejjeb l-istabbilt\u00e0 anke waqt u\u017cu esti\u017c jew f&#8217;kundizzjonijiet e\u017ci\u0121enti. B&#8217;manifattura pre\u010bi\u017ca, durabilit\u00e0 g\u0127olja u disinn raffinal, dawn il-grips huma g\u0127a\u017cla e\u010b\u010bellenti g\u0127al sparaturi li jfittxu ta\u0127lita ta&#8217; funzjonalit\u00e0, affidabbilt\u00e0 u stil.<\/p>\n<p>Marka: KMR Precision Arms<br \/>\nG\u0127al Armi: KMR<br \/>\nKompatibbilt\u00e0: KMR L-02 UMBRA MINN 2024<br \/>\nTul tal-Grip: Daqs s\u0127i\u0127 &#8211; ming\u0127ajr magwell<br \/>\nTessura: Dotmatrix Ergo<br \/>\nMaterjal: Ottone<\/p>\n","protected":false},"excerpt":{"rendered":"<p>Imqareb tal-Ottone KMR \u2013 Muster ta&#8217; DotMatrix Ergo. Tessuti ergonomi\u010bi g\u0127al qbid sikur u komdu, pi\u017c bilan\u010bjat g\u0127al kontroll a\u0127jar.<\/p>\n","protected":false},"featured_media":575561,"template":"","meta":{"_acf_changed":false},"product_brand":[11500],"product_cat":[14108,14879],"product_tag":[],"class_list":{"0":"post-575538","1":"product","2":"type-product","3":"status-publish","4":"has-post-thumbnail","6":"product_brand-kmr-precision","7":"product_cat-partijiet-kmr","8":"product_cat-pistol-grips-mt","10":"first","11":"instock","12":"taxable","13":"shipping-taxable","14":"purchasable","15":"product-type-simple"},"acf":[],"_links":{"self":[{"href":"https:\/\/nbg.eu\/mt\/wp-json\/wp\/v2\/product\/575538","targetHints":{"allow":["GET"]}}],"collection":[{"href":"https:\/\/nbg.eu\/mt\/wp-json\/wp\/v2\/product"}],"about":[{"href":"https:\/\/nbg.eu\/mt\/wp-json\/wp\/v2\/types\/product"}],"wp:featuredmedia":[{"embeddable":true,"href":"https:\/\/nbg.eu\/mt\/wp-json\/wp\/v2\/media\/575561"}],"wp:attachment":[{"href":"https:\/\/nbg.eu\/mt\/wp-json\/wp\/v2\/media?parent=575538"}],"wp:term":[{"taxonomy":"product_brand","embeddable":true,"href":"https:\/\/nbg.eu\/mt\/wp-json\/wp\/v2\/product_brand?post=575538"},{"taxonomy":"product_cat","embeddable":true,"href":"https:\/\/nbg.eu\/mt\/wp-json\/wp\/v2\/product_cat?post=575538"},{"taxonomy":"product_tag","embeddable":true,"href":"https:\/\/nbg.eu\/mt\/wp-json\/wp\/v2\/product_tag?post=575538"}],"curies":[{"name":"wp","href":"https:\/\/api.w.org\/{rel}","templated":true}]}}