{"id":575933,"date":"2025-10-10T12:35:14","date_gmt":"2025-10-10T09:35:14","guid":{"rendered":"https:\/\/nbg.eu\/product\/safety-set-kmr-lw-rf\/"},"modified":"2026-04-16T18:04:20","modified_gmt":"2026-04-16T15:04:20","slug":"safety-set-kmr-lw-rf","status":"publish","type":"product","link":"https:\/\/nbg.eu\/mt\/product\/safety-set-kmr-lw-rf\/","title":{"rendered":"KMR Sett tas-Sikurezza LW-RF"},"content":{"rendered":"<h2>SAFETY SET KMR LW-RF<\/h2>\n<p><strong>Referenza:<\/strong> 0671-03002-0000<\/p>\n<p>Itjajjar is-sigurt\u00e0 tal-KMR tieg\u0127ek bl-SAFETY SET KMR LW-RF kompren\u017civ tag\u0127na. Dan il-kit essenzjali huwa ddisinjat biex ji\u017cgura protezzjoni u funzjonalit\u00e0 ottimali g\u0127al firxa wiesg\u0127a ta&#8217; mudelli KMR, inklu\u017ci:<\/p>\n<ul>\n<li>KMR L-02 ORCA (2024 u \u0121odda)<\/li>\n<li>KMR L-02 ORCA (2023 u aktar antiki)<\/li>\n<li>KMR L-02 SPECTRA (2023 u aktar antiki)<\/li>\n<li>KMR W-02 CUDA (2024 u \u0121odda)<\/li>\n<li>KMR W-02 CUDA (2023 u aktar antiki)<\/li>\n<li>KMR W-02 UMBRA<\/li>\n<li>KMR W-02 UMBRA (OR)<\/li>\n<\/ul>\n<p>L-SAFETY SET KMR LW-RF tag\u0127na huwa mfassal biex jissodisfa l-istandards l-aktar g\u0127olja ta&#8217; affidabbilt\u00e0 u prestazzjoni. Sew jekk qed tu\u017ca l-mudell ORCA l-aktar ri\u010benti jew il-klassiku UMBRA, dan il-kit ta&#8217; sigurt\u00e0 versatili ji\u017cgura li l-arma tieg\u0127ek topera b&#8217;mod sikur u effi\u010bjenti. A\u0121\u0121orna l-arma KMR tieg\u0127ek illum b&#8217;dan l-a\u010b\u010bessorju essenzjali ta&#8217; sigurt\u00e0.<\/p>\n","protected":false},"excerpt":{"rendered":"<p>Il-kit tas-sigurt\u00e0 essenzjali g\u0127al-armi KMR, kompatibbli ma&#8217; diversi mudelli<\/p>\n","protected":false},"featured_media":575969,"template":"","meta":{"_acf_changed":false},"product_brand":[],"product_cat":[14108],"product_tag":[],"class_list":{"0":"post-575933","1":"product","2":"type-product","3":"status-publish","4":"has-post-thumbnail","6":"product_cat-partijiet-kmr","8":"first","9":"outofstock","10":"taxable","11":"shipping-taxable","12":"purchasable","13":"product-type-simple"},"acf":[],"_links":{"self":[{"href":"https:\/\/nbg.eu\/mt\/wp-json\/wp\/v2\/product\/575933","targetHints":{"allow":["GET"]}}],"collection":[{"href":"https:\/\/nbg.eu\/mt\/wp-json\/wp\/v2\/product"}],"about":[{"href":"https:\/\/nbg.eu\/mt\/wp-json\/wp\/v2\/types\/product"}],"wp:featuredmedia":[{"embeddable":true,"href":"https:\/\/nbg.eu\/mt\/wp-json\/wp\/v2\/media\/575969"}],"wp:attachment":[{"href":"https:\/\/nbg.eu\/mt\/wp-json\/wp\/v2\/media?parent=575933"}],"wp:term":[{"taxonomy":"product_brand","embeddable":true,"href":"https:\/\/nbg.eu\/mt\/wp-json\/wp\/v2\/product_brand?post=575933"},{"taxonomy":"product_cat","embeddable":true,"href":"https:\/\/nbg.eu\/mt\/wp-json\/wp\/v2\/product_cat?post=575933"},{"taxonomy":"product_tag","embeddable":true,"href":"https:\/\/nbg.eu\/mt\/wp-json\/wp\/v2\/product_tag?post=575933"}],"curies":[{"name":"wp","href":"https:\/\/api.w.org\/{rel}","templated":true}]}}