{"id":583056,"date":"2025-10-08T23:36:42","date_gmt":"2025-10-08T20:36:42","guid":{"rendered":"https:\/\/nbg.eu\/product\/utg-pro-m-lok-light-mount-for-mp5\/"},"modified":"2026-02-27T15:51:16","modified_gmt":"2026-02-27T12:51:16","slug":"utg-pro-m-lok-light-mount-for-mp5","status":"publish","type":"product","link":"https:\/\/nbg.eu\/mt\/product\/utg-pro-m-lok-light-mount-for-mp5\/","title":{"rendered":"UTG PRO\u00ae M-LOK\u00ae Light Mount, for MP5\u00ae"},"content":{"rendered":"<div class=\"product-description\">\n<h1>UTG PRO\u00ae M-LOK\u00ae Immuntar tad-Dawl, g\u0127all-MP5\u00ae<\/h1>\n<p><strong>SKU:<\/strong> MTU058SSM<\/p>\n<p>Immuntar tad-dawl UTG PRO\u00ae M-LOK\u00ae mag\u0127mul fl-Istati Uniti g\u0127all-pistola jew rifle tal-mudell MP5\u00ae. Dan l-a\u010b\u010bessorju jwa\u0127\u0127al mas-sight ta&#8217; quddiem ming\u0127ajr ma jinterferixxi mal-handguards jew forearms, u jipprovdi pjattaforma g\u0127ad-dwal, switches tal-pressjoni, u a\u010b\u010bessorji o\u0127ra.<\/p>\n<h2>Karatteristi\u010bi Ewlenin:<\/h2>\n<ul>\n<li>Iddisinjat u manifatturat fl-Istati Uniti<\/li>\n<li>Mag\u0127mul minn aluminju \u0127afif anodizzat iswed opak<\/li>\n<li>Slots M-LOK\u00ae f&#8217;po\u017cizzjonijiet ta&#8217; 11, 12, u 1 o&#8217;clock<\/li>\n<li>Kompatibbli ma&#8217; pistoli u rifles tal-mudell MP5 (mhux ri\u010bevituri tal-mudell K)<\/li>\n<li>Twa\u0127\u0127il sigur mas-sight ta&#8217; quddiem<\/li>\n<\/ul>\n<p>Dan l-immuntar tad-dawl huwa disponibbli g\u0127all-MP5\u00ae tieg\u0127ek.<\/p>\n<\/div>\n","protected":false},"excerpt":{"rendered":"<p>Mount tad-dawl g\u0127all-MP5\u00ae mag\u0127mul fl-Istati Uniti. Slots M-LOK\u00ae, twa\u0127\u0127il sikur, versatili.<\/p>\n","protected":false},"featured_media":583425,"template":"","meta":{"_acf_changed":false},"product_brand":[14414],"product_cat":[14953,369],"product_tag":[],"class_list":{"0":"post-583056","1":"product","2":"type-product","3":"status-publish","4":"has-post-thumbnail","6":"product_brand-leapers-inc","7":"product_cat-m-lok-rail-systems-mt","8":"product_cat-uncategorized","10":"first","11":"instock","12":"taxable","13":"shipping-taxable","14":"purchasable","15":"product-type-simple"},"acf":[],"_links":{"self":[{"href":"https:\/\/nbg.eu\/mt\/wp-json\/wp\/v2\/product\/583056","targetHints":{"allow":["GET"]}}],"collection":[{"href":"https:\/\/nbg.eu\/mt\/wp-json\/wp\/v2\/product"}],"about":[{"href":"https:\/\/nbg.eu\/mt\/wp-json\/wp\/v2\/types\/product"}],"wp:featuredmedia":[{"embeddable":true,"href":"https:\/\/nbg.eu\/mt\/wp-json\/wp\/v2\/media\/583425"}],"wp:attachment":[{"href":"https:\/\/nbg.eu\/mt\/wp-json\/wp\/v2\/media?parent=583056"}],"wp:term":[{"taxonomy":"product_brand","embeddable":true,"href":"https:\/\/nbg.eu\/mt\/wp-json\/wp\/v2\/product_brand?post=583056"},{"taxonomy":"product_cat","embeddable":true,"href":"https:\/\/nbg.eu\/mt\/wp-json\/wp\/v2\/product_cat?post=583056"},{"taxonomy":"product_tag","embeddable":true,"href":"https:\/\/nbg.eu\/mt\/wp-json\/wp\/v2\/product_tag?post=583056"}],"curies":[{"name":"wp","href":"https:\/\/api.w.org\/{rel}","templated":true}]}}