{"id":58419,"date":"2024-02-17T21:23:00","date_gmt":"2024-02-17T18:23:00","guid":{"rendered":"https:\/\/nbg.eu\/product\/magazine-well-reaction-block-geissele-vise-block\/"},"modified":"2026-04-21T17:59:36","modified_gmt":"2026-04-21T14:59:36","slug":"magazine-well-reaction-block-geissele-vise-block","status":"publish","type":"product","link":"https:\/\/nbg.eu\/mt\/product\/magazine-well-reaction-block-geissele-vise-block\/","title":{"rendered":"Geissele Vise Block Vise Block"},"content":{"rendered":"<p>Il-<strong>Geissele Automatics Magazine Well Vise Block<\/strong> huwa g\u0127odda essenzjali g\u0127ar-ri\u010bevituri AR15\/M4 u AR10\/SR25. Dan l-apparat mag\u0127mul fl-Istati Uniti jipprovdi:<\/p>\n<ul>\n<li>Pjattaforma stabbli g\u0127al operazzjonijiet fuq ir-ri\u010bevitur t&#8217;isfel<\/li>\n<li>Installazzjoni fa\u010bli ta&#8217; skrata\u010b MLOK<\/li>\n<li>Assembla\u0121\u0121 simplifikat tat-tubu tal-buffer<\/li>\n<li>Kapa\u010bit\u00e0 ta&#8217; xog\u0127ol ming\u0127ajr l-u\u017cu tal-idejn<\/li>\n<\/ul>\n<p>Wa\u0127\u0127lu mal-bank tax-xog\u0127ol tieg\u0127ek g\u0127al xog\u0127ol effi\u010bjenti fuq l-armi.<\/p>\n","protected":false},"excerpt":{"rendered":"<p>\u017bomm sod l-AR15\/M4\/AR10\/SR25 lowers g\u0127al xog\u0127ol ming\u0127ajr l-u\u017cu tal-idejn. Mag\u0127mul fl-Istati Uniti tal-Amerika.<\/p>\n","protected":false},"featured_media":58420,"template":"","meta":{"_acf_changed":false},"product_brand":[11394],"product_cat":[14138],"product_tag":[],"class_list":{"0":"post-58419","1":"product","2":"type-product","3":"status-publish","4":"has-post-thumbnail","6":"product_brand-geissele","7":"product_cat-godod","9":"first","10":"outofstock","11":"taxable","12":"shipping-taxable","13":"product-type-simple"},"acf":[],"_links":{"self":[{"href":"https:\/\/nbg.eu\/mt\/wp-json\/wp\/v2\/product\/58419","targetHints":{"allow":["GET"]}}],"collection":[{"href":"https:\/\/nbg.eu\/mt\/wp-json\/wp\/v2\/product"}],"about":[{"href":"https:\/\/nbg.eu\/mt\/wp-json\/wp\/v2\/types\/product"}],"wp:featuredmedia":[{"embeddable":true,"href":"https:\/\/nbg.eu\/mt\/wp-json\/wp\/v2\/media\/58420"}],"wp:attachment":[{"href":"https:\/\/nbg.eu\/mt\/wp-json\/wp\/v2\/media?parent=58419"}],"wp:term":[{"taxonomy":"product_brand","embeddable":true,"href":"https:\/\/nbg.eu\/mt\/wp-json\/wp\/v2\/product_brand?post=58419"},{"taxonomy":"product_cat","embeddable":true,"href":"https:\/\/nbg.eu\/mt\/wp-json\/wp\/v2\/product_cat?post=58419"},{"taxonomy":"product_tag","embeddable":true,"href":"https:\/\/nbg.eu\/mt\/wp-json\/wp\/v2\/product_tag?post=58419"}],"curies":[{"name":"wp","href":"https:\/\/api.w.org\/{rel}","templated":true}]}}