{"id":595915,"date":"2025-10-17T16:20:30","date_gmt":"2025-10-17T13:20:30","guid":{"rendered":"https:\/\/nbg.eu\/product\/holster-rhh-190-ho-aiwb-crocy\/"},"modified":"2026-01-21T12:31:23","modified_gmt":"2026-01-21T09:31:23","slug":"holster-rhh-190-ho-aiwb-crocy","status":"publish","type":"product","link":"https:\/\/nbg.eu\/mt\/product\/holster-rhh-190-ho-aiwb-crocy\/","title":{"rendered":"Holster RHH 190-HO AIWB Crocy"},"content":{"rendered":"<div class=\"product-description\">\n<h2>Holster RHH 190-HO AIWB Crocy<\/h2>\n<p>Il-Holster RHH 190-HO AIWB Crocy huwa soluzzjoni g\u0127all-\u0121arr mo\u0127bi g\u0127all-armi tan-nar. Iddisinjat g\u0127all-\u0121arr fuq \u0121ewwa tal-qalziet fil-parti ta&#8217; quddiem (AIWB), dan il-holster joffri kumdit\u00e0 u sigurt\u00e0.<\/p>\n<ul>\n<li>Mag\u0127mul minn materjal Kydex g\u0127ad-durabbilt\u00e0<\/li>\n<li>Iffurmat apposta biex joqg\u0127od g\u0127all-mudell spe\u010bifiku tal-arma tieg\u0127ek<\/li>\n<li>Retenzjoni a\u0121\u0121ustabbli<\/li>\n<li>Protezzjoni kontra l-g\u0127araq g\u0127all-arma u l-\u0121ilda tieg\u0127ek<\/li>\n<li>Klipp li jista&#8217; jidda\u0127\u0127al ta\u0127t il-qmis<\/li>\n<li>Disponibbli g\u0127al min ji\u0121bed bl-id il-leminija<\/li>\n<\/ul>\n<p>Il-Holster RHH 190-HO AIWB Crocy joffri kumdit\u00e0, \u0127abi, u a\u010b\u010bess malajr.<\/p>\n<\/div>\n","protected":false},"excerpt":{"rendered":"<p>\u0126olster AIWB sigur g\u0127all-\u0121arr mo\u0127bi. Tajjeb u komdu, mag\u0127mul biex iservi fit-tul.<\/p>\n","protected":false},"featured_media":596072,"template":"","meta":{"_acf_changed":false},"product_brand":[11637],"product_cat":[14164,14131],"product_tag":[],"class_list":{"0":"post-595915","1":"product","2":"type-product","3":"status-publish","4":"has-post-thumbnail","6":"product_brand-rh-holsters","7":"product_cat-holster","8":"product_cat-holster-tattiku","9":"pa_belt-size-40mm-mt","10":"pa_model-glock-17-mt","11":"pa_model-glock-43x-mt","12":"pa_strong-hand-right-mt","14":"first","15":"instock","16":"taxable","17":"shipping-taxable","18":"purchasable","19":"product-type-variable","20":"wvs-archive-product-wrapper"},"acf":[],"_links":{"self":[{"href":"https:\/\/nbg.eu\/mt\/wp-json\/wp\/v2\/product\/595915","targetHints":{"allow":["GET"]}}],"collection":[{"href":"https:\/\/nbg.eu\/mt\/wp-json\/wp\/v2\/product"}],"about":[{"href":"https:\/\/nbg.eu\/mt\/wp-json\/wp\/v2\/types\/product"}],"wp:featuredmedia":[{"embeddable":true,"href":"https:\/\/nbg.eu\/mt\/wp-json\/wp\/v2\/media\/596072"}],"wp:attachment":[{"href":"https:\/\/nbg.eu\/mt\/wp-json\/wp\/v2\/media?parent=595915"}],"wp:term":[{"taxonomy":"product_brand","embeddable":true,"href":"https:\/\/nbg.eu\/mt\/wp-json\/wp\/v2\/product_brand?post=595915"},{"taxonomy":"product_cat","embeddable":true,"href":"https:\/\/nbg.eu\/mt\/wp-json\/wp\/v2\/product_cat?post=595915"},{"taxonomy":"product_tag","embeddable":true,"href":"https:\/\/nbg.eu\/mt\/wp-json\/wp\/v2\/product_tag?post=595915"}],"curies":[{"name":"wp","href":"https:\/\/api.w.org\/{rel}","templated":true}]}}