{"id":62052,"date":"2024-02-14T07:49:55","date_gmt":"2024-02-14T07:49:55","guid":{"rendered":"https:\/\/nbg.eu\/product\/geissele-ssa-e-x-trigger-with-lightning-bow\/"},"modified":"2026-01-21T11:49:13","modified_gmt":"2026-01-21T08:49:13","slug":"geissele-ssa-e-x-trigger-with-lightning-bow","status":"publish","type":"product","link":"https:\/\/nbg.eu\/mt\/product\/geissele-ssa-e-x-trigger-with-lightning-bow\/","title":{"rendered":"Geissele SSA-E X Trigger with Lightning Bow\u00ae"},"content":{"rendered":"<div class=\"product-description\">\n<h2>Grillu SSA-E X b&#8217;Lightning Bow\u00ae<\/h2>\n<p>Il-grillu SSA-E X\u2122 b&#8217;Lightning Bow\u00ae joffri dawn il-karatteristi\u010bi:<\/p>\n<ul>\n<li>Profil nofsu kkurvat u wiesa&#8217;<\/li>\n<li>Kisi Nanoweapon g\u0127al durabilit\u00e0<\/li>\n<li>L-ewwel stadju \u0127afif<\/li>\n<li>It-tieni stadju definit<\/li>\n<\/ul>\n<p>Adattat g\u0127al xkubetti ta&#8217; pre\u010bi\u017cjoni, l-SSA-E X\u2122 jipprovdi pre\u010bi\u017cjoni u affidabilit\u00e0. Id-disinn tieg\u0127u jg\u0127aqqad elementi ta&#8217; grilli kkurvati u \u010batti, u jiffunzjona anke b&#8217;lubrikazzjoni minima.<\/p>\n<\/div>\n","protected":false},"excerpt":{"rendered":"<p>Trigger tal-AR ta&#8217; pre\u010bi\u017cjoni b&#8217;disinn ta&#8217; ark ibridu g\u0127al kontroll u akkuratezza superjuri.<\/p>\n","protected":false},"featured_media":62053,"template":"","meta":{"_acf_changed":false},"product_brand":[11394],"product_cat":[14158,14170,14119],"product_tag":[],"class_list":{"0":"post-62052","1":"product","2":"type-product","3":"status-publish","4":"has-post-thumbnail","6":"product_brand-geissele","7":"product_cat-rifle","8":"product_cat-triggers","9":"product_cat-tuning-tar-rifle","11":"first","12":"outofstock","13":"taxable","14":"shipping-taxable","15":"product-type-simple"},"acf":[],"_links":{"self":[{"href":"https:\/\/nbg.eu\/mt\/wp-json\/wp\/v2\/product\/62052","targetHints":{"allow":["GET"]}}],"collection":[{"href":"https:\/\/nbg.eu\/mt\/wp-json\/wp\/v2\/product"}],"about":[{"href":"https:\/\/nbg.eu\/mt\/wp-json\/wp\/v2\/types\/product"}],"wp:featuredmedia":[{"embeddable":true,"href":"https:\/\/nbg.eu\/mt\/wp-json\/wp\/v2\/media\/62053"}],"wp:attachment":[{"href":"https:\/\/nbg.eu\/mt\/wp-json\/wp\/v2\/media?parent=62052"}],"wp:term":[{"taxonomy":"product_brand","embeddable":true,"href":"https:\/\/nbg.eu\/mt\/wp-json\/wp\/v2\/product_brand?post=62052"},{"taxonomy":"product_cat","embeddable":true,"href":"https:\/\/nbg.eu\/mt\/wp-json\/wp\/v2\/product_cat?post=62052"},{"taxonomy":"product_tag","embeddable":true,"href":"https:\/\/nbg.eu\/mt\/wp-json\/wp\/v2\/product_tag?post=62052"}],"curies":[{"name":"wp","href":"https:\/\/api.w.org\/{rel}","templated":true}]}}