{"id":62703,"date":"2024-02-02T19:48:47","date_gmt":"2024-02-02T19:48:47","guid":{"rendered":"https:\/\/nbg.eu\/product\/geissele-chf-chrome-lined-barrel-5-56-14-5\/"},"modified":"2026-05-13T17:04:02","modified_gmt":"2026-05-13T14:04:02","slug":"geissele-chf-chrome-lined-barrel-5-56-14-5","status":"publish","type":"product","link":"https:\/\/nbg.eu\/mt\/product\/geissele-chf-chrome-lined-barrel-5-56-14-5\/","title":{"rendered":"Geissele Kanna CHF Chrome Lined 5.56 &#8211; 14.5&#8243;"},"content":{"rendered":"<div class=\"product-description\">\n<h2>Kanna Geissele CHF Chrome Lined &#8211; 5.56<\/h2>\n<p>Il-kanna Geissele CHF Chrome Lined f&#8217;5.56 NATO hija mag\u0127mula f&#8217;North Wales, PA. Din il-kanna tg\u0127aqqad teknolo\u0121ija avvanzata ma&#8217; seng\u0127a ta&#8217; kwalit\u00e0 g\u0127olja.<\/p>\n<ul>\n<li>Mag\u0127mula bil-Cold Hammer Forged (CHF) g\u0127al sa\u0127\u0127a u durabilit\u00e0 mtejba<\/li>\n<li>Infurrata bil-kromju g\u0127al re\u017cistenza akbar g\u0127all-korru\u017cjoni u tindif e\u0127fef<\/li>\n<li>Ittestjata g\u0127al Pressjoni G\u0127olja (HPT) u Spezzjonata b&#8217;Partikuli Manjeti\u010bi (MPI) g\u0127al assigurazzjoni tal-kwalit\u00e0<\/li>\n<li>Adattata g\u0127al armi tad-dmir, armi tal-kompetizzjoni, u u\u017ci o\u0127ra<\/li>\n<li>Ma\u0127duma bi pre\u010bi\u017cjoni bl-u\u017cu ta&#8217; materjali ta&#8217; kwalit\u00e0 g\u0127olja g\u0127al konsistenza u pre\u010bi\u017cjoni<\/li>\n<\/ul>\n<p>Ag\u0127\u017cel Geissele g\u0127al prestazzjoni f&#8217;kull sitwazzjoni.<\/p>\n<\/div>\n","protected":false},"excerpt":{"rendered":"<p>Kanna ta&#8217; 5.56 imfassla bi pre\u010bi\u017cjoni. Ittestjata HPT\/MPI g\u0127all-affidabbilt\u00e0.<\/p>\n","protected":false},"featured_media":62704,"template":"","meta":{"_acf_changed":false},"product_brand":[11394],"product_cat":[14159,14089,14158,14119],"product_tag":[],"class_list":{"0":"post-62703","1":"product","2":"type-product","3":"status-publish","4":"has-post-thumbnail","6":"product_brand-geissele","7":"product_cat-kannuni","8":"product_cat-karabbini","9":"product_cat-rifle","10":"product_cat-tuning-tar-rifle","12":"first","13":"outofstock","14":"taxable","15":"shipping-taxable","16":"product-type-simple"},"acf":[],"_links":{"self":[{"href":"https:\/\/nbg.eu\/mt\/wp-json\/wp\/v2\/product\/62703","targetHints":{"allow":["GET"]}}],"collection":[{"href":"https:\/\/nbg.eu\/mt\/wp-json\/wp\/v2\/product"}],"about":[{"href":"https:\/\/nbg.eu\/mt\/wp-json\/wp\/v2\/types\/product"}],"wp:featuredmedia":[{"embeddable":true,"href":"https:\/\/nbg.eu\/mt\/wp-json\/wp\/v2\/media\/62704"}],"wp:attachment":[{"href":"https:\/\/nbg.eu\/mt\/wp-json\/wp\/v2\/media?parent=62703"}],"wp:term":[{"taxonomy":"product_brand","embeddable":true,"href":"https:\/\/nbg.eu\/mt\/wp-json\/wp\/v2\/product_brand?post=62703"},{"taxonomy":"product_cat","embeddable":true,"href":"https:\/\/nbg.eu\/mt\/wp-json\/wp\/v2\/product_cat?post=62703"},{"taxonomy":"product_tag","embeddable":true,"href":"https:\/\/nbg.eu\/mt\/wp-json\/wp\/v2\/product_tag?post=62703"}],"curies":[{"name":"wp","href":"https:\/\/api.w.org\/{rel}","templated":true}]}}