{"id":62939,"date":"2024-01-25T20:19:03","date_gmt":"2024-01-25T20:19:03","guid":{"rendered":"https:\/\/nbg.eu\/product\/iosso-chamber-brushes-2-pack\/"},"modified":"2026-01-21T12:26:25","modified_gmt":"2026-01-21T09:26:25","slug":"iosso-chamber-brushes-2-pack","status":"publish","type":"product","link":"https:\/\/nbg.eu\/mt\/product\/iosso-chamber-brushes-2-pack\/","title":{"rendered":"Iosso Chamber Brushes 2 Pack"},"content":{"rendered":"<p style=\"text-align: center\"><strong><span style=\"font-size: 170%\">Xkupilji tal-Kamra losso (2 Pakketti)<\/span><\/strong><\/p>\n<p>L-ewwel xkupilja biex tnaddaf il-kamra ta&#8217; 6.5 Creedmoor. Huma ddisinjati b&#8217;tolleranza mill-qrib g\u0127al tindif pre\u010bi\u017c. Mag\u0127mula minn fibra blu, li hija \u0127oxna, iebsa u \u017c\u017comm il-forma tag\u0127ha a\u0127jar mill-xkupilji tradizzjonali tal-brass u l-bron\u017c. Jistg\u0127u jintu\u017caw diversi drabi qabel ma jitqiesu mherrija. Il-pakkett fih 2 xkupilji. Prodotti ta&#8217; tindif rakkomandati g\u0127all-u\u017cu ma&#8217; din ix-xkupilja huma l-Iosso Bore Cleaner u l-Iosso Triple Action Oil. <strong>Ix-xkupilji blu huma Trademark ta&#8217; Iosso Products.<\/strong><\/p>\n<table width=\"305\">\n<tbody>\n<tr>\n<td width=\"305\"><strong>Xkupilja tal-Kamra AR-15 bi studs 2 pakketti<\/strong><\/td>\n<\/tr>\n<tr>\n<td><strong>Xkupilja tal-Kamra Grendel AR-15 6.5 2\/pk<\/strong><\/td>\n<\/tr>\n<tr>\n<td><strong>Xkupilja tal-Kamra Creedmoor 6.5 2\/pk<\/strong><\/td>\n<\/tr>\n<tr>\n<td><strong>Xkupilja tal-Kamra AR.308 Rifle bi studs 2 pakketti<\/strong><\/td>\n<\/tr>\n<\/tbody>\n<\/table>\n","protected":false},"excerpt":{"rendered":"<p><strong>L-ewwel xkupilja biex tnaddaf il-kamra tal-6.5 Creedmoor<\/strong><\/p>\n","protected":false},"featured_media":107687,"template":"","meta":{"_acf_changed":false},"product_brand":[11473],"product_cat":[14100,14117],"product_tag":[],"class_list":{"0":"post-62939","1":"product","2":"type-product","3":"status-publish","4":"has-post-thumbnail","6":"product_brand-iosso","7":"product_cat-tindif-tal-armi","8":"product_cat-xkupini","9":"pa_model-6-5-creedmoor-mt-2","10":"pa_model-6-5-grendel-mt","11":"pa_model-ar-308-mt","12":"pa_model-ar-15-mt","14":"first","15":"instock","16":"taxable","17":"shipping-taxable","18":"purchasable","19":"product-type-variable","20":"wvs-archive-product-wrapper"},"acf":[],"_links":{"self":[{"href":"https:\/\/nbg.eu\/mt\/wp-json\/wp\/v2\/product\/62939","targetHints":{"allow":["GET"]}}],"collection":[{"href":"https:\/\/nbg.eu\/mt\/wp-json\/wp\/v2\/product"}],"about":[{"href":"https:\/\/nbg.eu\/mt\/wp-json\/wp\/v2\/types\/product"}],"wp:featuredmedia":[{"embeddable":true,"href":"https:\/\/nbg.eu\/mt\/wp-json\/wp\/v2\/media\/107687"}],"wp:attachment":[{"href":"https:\/\/nbg.eu\/mt\/wp-json\/wp\/v2\/media?parent=62939"}],"wp:term":[{"taxonomy":"product_brand","embeddable":true,"href":"https:\/\/nbg.eu\/mt\/wp-json\/wp\/v2\/product_brand?post=62939"},{"taxonomy":"product_cat","embeddable":true,"href":"https:\/\/nbg.eu\/mt\/wp-json\/wp\/v2\/product_cat?post=62939"},{"taxonomy":"product_tag","embeddable":true,"href":"https:\/\/nbg.eu\/mt\/wp-json\/wp\/v2\/product_tag?post=62939"}],"curies":[{"name":"wp","href":"https:\/\/api.w.org\/{rel}","templated":true}]}}