{"id":63017,"date":"2024-01-25T20:06:46","date_gmt":"2024-01-25T20:06:46","guid":{"rendered":"https:\/\/nbg.eu\/product\/iosso-ar-rifle-gas-tube-cleaning-kit\/"},"modified":"2026-01-21T11:37:55","modified_gmt":"2026-01-21T08:37:55","slug":"iosso-ar-rifle-gas-tube-cleaning-kit","status":"publish","type":"product","link":"https:\/\/nbg.eu\/mt\/product\/iosso-ar-rifle-gas-tube-cleaning-kit\/","title":{"rendered":"Iosso AR Rifle Gas Tube Cleaning Kit"},"content":{"rendered":"<p>\nIl-Kit tat-Tindif tat-Tubu tal-Gass tar-Rifle AR ta&#8217; Iosso joffri soluzzjoni g\u0127a\u017c-\u017camma tar-rifle AR tieg\u0127ek. Dan il-kit patentat jinkludi:<\/p>\n<ul>\n<li>\u017bew\u0121 xkupilji spe\u010bjalizzati g\u0127at-tubu tal-gass<\/li>\n<li>Tubu gwida \u010bar<\/li>\n<li>\u017bejt ta&#8217; Azzjoni Tripla ta&#8217; Iosso<\/li>\n<\/ul>\n<p>Naddaf it-tubu tal-gass tieg\u0127ek ming\u0127ajr ma \u017c\u017carmah, biex ti\u017cgura \u010b-\u010biklu tal-bolt kif suppost u tipprevjeni l-akkumulazzjoni tal-karbonju. Dan is-sistema ta&#8217; tindif jiffranka l-\u0127in u l-isforz.<\/p>\n","protected":false},"excerpt":{"rendered":"<p>Tindif effi\u010bjenti tat-tubu tal-gass tal-AR &#8211; ma je\u0127tie\u0121x \u017carmar.<\/p>\n","protected":false},"featured_media":102326,"template":"","meta":{"_acf_changed":false},"product_brand":[11473],"product_cat":[14100,14117],"product_tag":[],"class_list":{"0":"post-63017","1":"product","2":"type-product","3":"status-publish","4":"has-post-thumbnail","6":"product_brand-iosso","7":"product_cat-tindif-tal-armi","8":"product_cat-xkupini","10":"first","11":"instock","12":"taxable","13":"shipping-taxable","14":"purchasable","15":"product-type-simple"},"acf":[],"_links":{"self":[{"href":"https:\/\/nbg.eu\/mt\/wp-json\/wp\/v2\/product\/63017","targetHints":{"allow":["GET"]}}],"collection":[{"href":"https:\/\/nbg.eu\/mt\/wp-json\/wp\/v2\/product"}],"about":[{"href":"https:\/\/nbg.eu\/mt\/wp-json\/wp\/v2\/types\/product"}],"wp:featuredmedia":[{"embeddable":true,"href":"https:\/\/nbg.eu\/mt\/wp-json\/wp\/v2\/media\/102326"}],"wp:attachment":[{"href":"https:\/\/nbg.eu\/mt\/wp-json\/wp\/v2\/media?parent=63017"}],"wp:term":[{"taxonomy":"product_brand","embeddable":true,"href":"https:\/\/nbg.eu\/mt\/wp-json\/wp\/v2\/product_brand?post=63017"},{"taxonomy":"product_cat","embeddable":true,"href":"https:\/\/nbg.eu\/mt\/wp-json\/wp\/v2\/product_cat?post=63017"},{"taxonomy":"product_tag","embeddable":true,"href":"https:\/\/nbg.eu\/mt\/wp-json\/wp\/v2\/product_tag?post=63017"}],"curies":[{"name":"wp","href":"https:\/\/api.w.org\/{rel}","templated":true}]}}