{"id":63242,"date":"2024-01-23T19:51:36","date_gmt":"2024-09-16T13:03:13","guid":{"rendered":"https:\/\/nbg.eu\/product\/iosso-sizing-lubricant-and-cleaner\/"},"modified":"2026-01-21T11:38:29","modified_gmt":"2026-01-21T08:38:29","slug":"iosso-sizing-lubricant-and-cleaner","status":"publish","type":"product","link":"https:\/\/nbg.eu\/mt\/product\/iosso-sizing-lubricant-and-cleaner\/","title":{"rendered":"Iosso Sizing Lubricant and Cleaner"},"content":{"rendered":"<p>\nIosso Sizing Lubrikant u Tindif: Soluzzjoni bba\u017cata fuq sustanzi bijolo\u0121i\u010bi g\u0127all-kejl tal-kaxex. Dan il-prodott ta&#8217; 4 oz inaddaf u jillubrika, jevita kaxex imwa\u0127\u0127lin u jtawwal il-\u0127ajja tad-dies. Jintu\u017ca fa\u010bilment ming\u0127ajr ma j\u0127alli residwu jew ri\u0127a. Jin\u0127all fl-ilma, bijodegradabbli, u mhux fjammabbli. Jimpedixxi l-korru\u017cjoni u s-sadid. Sempli\u010bement g\u0127atti l-kaxex, kejjel, imbag\u0127ad imsa\u0127 jew la\u0127la\u0127 qabel ter\u0121a&#8217; timla.<\/p>\n","protected":false},"excerpt":{"rendered":"<p>Tindif u lubrikant b&#8217;ba\u017ci bijolo\u0121ika g\u0127al kalibrazzjoni aktar fa\u010bli u tnaqqis b\u0127al muturi li jdumu aktar.<\/p>\n","protected":false},"featured_media":107664,"template":"","meta":{"_acf_changed":false},"product_brand":[11473],"product_cat":[14173,14144],"product_tag":[],"class_list":{"0":"post-63242","1":"product","2":"type-product","3":"status-publish","4":"has-post-thumbnail","6":"product_brand-iosso","7":"product_cat-nadafa","8":"product_cat-rikargar-mill-gdid","10":"first","11":"instock","12":"taxable","13":"shipping-taxable","14":"purchasable","15":"product-type-variable","16":"wvs-archive-product-wrapper"},"acf":[],"_links":{"self":[{"href":"https:\/\/nbg.eu\/mt\/wp-json\/wp\/v2\/product\/63242","targetHints":{"allow":["GET"]}}],"collection":[{"href":"https:\/\/nbg.eu\/mt\/wp-json\/wp\/v2\/product"}],"about":[{"href":"https:\/\/nbg.eu\/mt\/wp-json\/wp\/v2\/types\/product"}],"wp:featuredmedia":[{"embeddable":true,"href":"https:\/\/nbg.eu\/mt\/wp-json\/wp\/v2\/media\/107664"}],"wp:attachment":[{"href":"https:\/\/nbg.eu\/mt\/wp-json\/wp\/v2\/media?parent=63242"}],"wp:term":[{"taxonomy":"product_brand","embeddable":true,"href":"https:\/\/nbg.eu\/mt\/wp-json\/wp\/v2\/product_brand?post=63242"},{"taxonomy":"product_cat","embeddable":true,"href":"https:\/\/nbg.eu\/mt\/wp-json\/wp\/v2\/product_cat?post=63242"},{"taxonomy":"product_tag","embeddable":true,"href":"https:\/\/nbg.eu\/mt\/wp-json\/wp\/v2\/product_tag?post=63242"}],"curies":[{"name":"wp","href":"https:\/\/api.w.org\/{rel}","templated":true}]}}