{"id":63357,"date":"2024-01-23T19:37:48","date_gmt":"2024-09-16T13:09:43","guid":{"rendered":"https:\/\/nbg.eu\/product\/iosso-firearms-parts-cleaner-degreaser-37l\/"},"modified":"2026-01-21T11:57:14","modified_gmt":"2026-01-21T08:57:14","slug":"iosso-firearms-parts-cleaner-degreaser-37l","status":"publish","type":"product","link":"https:\/\/nbg.eu\/mt\/product\/iosso-firearms-parts-cleaner-degreaser-37l\/","title":{"rendered":"Iosso Firearms Parts Cleaner (Degreaser, 3,7L)"},"content":{"rendered":"<p>\nIosso Firearms Parts Cleaner: Prodott g\u0127at-tindif tal-partijiet tal-armi tan-nar. Dan it-tindif bijodegradabbli u bba\u017cat fuq il-bijomassa ine\u0127\u0127i t-tni\u0121\u0121is, il-karbonju, ix-xa\u0127am u r-residwi. Jista&#8217; jintu\u017ca f&#8217;magni ultrasoni\u010bi, g\u0127andu livell baxx ta&#8217; VOC u huwa mag\u0127mul minn estratti tal-pjanti. Jista&#8217; ji\u0121i sprejjat, mg\u0127addas jew imsa\u0127 biex inaddaf il-partijiet tal-armi tan-nar.<\/p>\n","protected":false},"excerpt":{"rendered":"<p>Degreaser qawwi u li ma jag\u0127milx \u0127sara lill-ambjent g\u0127at-tindif bir-reqqa tal-partijiet tal-armi tan-nar.<\/p>\n","protected":false},"featured_media":102530,"template":"","meta":{"_acf_changed":false},"product_brand":[11473],"product_cat":[14173,14100],"product_tag":[],"class_list":{"0":"post-63357","1":"product","2":"type-product","3":"status-publish","4":"has-post-thumbnail","6":"product_brand-iosso","7":"product_cat-nadafa","8":"product_cat-tindif-tal-armi","10":"first","11":"instock","12":"taxable","13":"shipping-taxable","14":"purchasable","15":"product-type-simple"},"acf":[],"_links":{"self":[{"href":"https:\/\/nbg.eu\/mt\/wp-json\/wp\/v2\/product\/63357","targetHints":{"allow":["GET"]}}],"collection":[{"href":"https:\/\/nbg.eu\/mt\/wp-json\/wp\/v2\/product"}],"about":[{"href":"https:\/\/nbg.eu\/mt\/wp-json\/wp\/v2\/types\/product"}],"wp:featuredmedia":[{"embeddable":true,"href":"https:\/\/nbg.eu\/mt\/wp-json\/wp\/v2\/media\/102530"}],"wp:attachment":[{"href":"https:\/\/nbg.eu\/mt\/wp-json\/wp\/v2\/media?parent=63357"}],"wp:term":[{"taxonomy":"product_brand","embeddable":true,"href":"https:\/\/nbg.eu\/mt\/wp-json\/wp\/v2\/product_brand?post=63357"},{"taxonomy":"product_cat","embeddable":true,"href":"https:\/\/nbg.eu\/mt\/wp-json\/wp\/v2\/product_cat?post=63357"},{"taxonomy":"product_tag","embeddable":true,"href":"https:\/\/nbg.eu\/mt\/wp-json\/wp\/v2\/product_tag?post=63357"}],"curies":[{"name":"wp","href":"https:\/\/api.w.org\/{rel}","templated":true}]}}