{"id":63438,"date":"2024-01-23T19:15:27","date_gmt":"2024-09-16T13:12:45","guid":{"rendered":"https:\/\/nbg.eu\/product\/iosso-cotton-knit-cleaning-patches\/"},"modified":"2026-01-21T12:01:50","modified_gmt":"2026-01-21T09:01:50","slug":"iosso-cotton-knit-cleaning-patches","status":"publish","type":"product","link":"https:\/\/nbg.eu\/mt\/product\/iosso-cotton-knit-cleaning-patches\/","title":{"rendered":"Iosso Cotton Knit Cleaning Patches"},"content":{"rendered":"<p>\nBi\u010b\u010biet tat-Tindif tal-Qoton Minsu\u0121 Iosso: 100% qoton, \u0127ieles mil-lint, u re\u017cistenti g\u0127at-tifrik. Il-drapp minsu\u0121 jaqbad il-\u0127mie\u0121 a\u0127jar minn flannel jew akriliku. Daqsijiet disponibbli:<\/p>\n<ul>\n<li>1-1\/2&#8243;: rifle .22 sa .270<\/li>\n<li>2-1\/2&#8243;: .338 sa .357<\/li>\n<li>3&#8243;: snieter<\/li>\n<li>6&#8243;: 37-40mm<\/li>\n<\/ul>\n<p>Drapp minsu\u0121 pique ji\u017cgura prestazzjoni ta&#8217; tindif.<\/p>\n","protected":false},"excerpt":{"rendered":"<p>\u010araret tal-qoton minsu\u0121in, \u0127ielsa mill-fibri \u017cg\u0127ar, g\u0127al tindif superjuri tal-armi tan-nar.<\/p>\n","protected":false},"featured_media":107566,"template":"","meta":{"_acf_changed":false},"product_brand":[11473],"product_cat":[14100,14117],"product_tag":[],"class_list":{"0":"post-63438","1":"product","2":"type-product","3":"status-publish","4":"has-post-thumbnail","6":"product_brand-iosso","7":"product_cat-tindif-tal-armi","8":"product_cat-xkupini","10":"first","11":"instock","12":"taxable","13":"shipping-taxable","14":"purchasable","15":"product-type-variable","16":"wvs-archive-product-wrapper"},"acf":[],"_links":{"self":[{"href":"https:\/\/nbg.eu\/mt\/wp-json\/wp\/v2\/product\/63438","targetHints":{"allow":["GET"]}}],"collection":[{"href":"https:\/\/nbg.eu\/mt\/wp-json\/wp\/v2\/product"}],"about":[{"href":"https:\/\/nbg.eu\/mt\/wp-json\/wp\/v2\/types\/product"}],"wp:featuredmedia":[{"embeddable":true,"href":"https:\/\/nbg.eu\/mt\/wp-json\/wp\/v2\/media\/107566"}],"wp:attachment":[{"href":"https:\/\/nbg.eu\/mt\/wp-json\/wp\/v2\/media?parent=63438"}],"wp:term":[{"taxonomy":"product_brand","embeddable":true,"href":"https:\/\/nbg.eu\/mt\/wp-json\/wp\/v2\/product_brand?post=63438"},{"taxonomy":"product_cat","embeddable":true,"href":"https:\/\/nbg.eu\/mt\/wp-json\/wp\/v2\/product_cat?post=63438"},{"taxonomy":"product_tag","embeddable":true,"href":"https:\/\/nbg.eu\/mt\/wp-json\/wp\/v2\/product_tag?post=63438"}],"curies":[{"name":"wp","href":"https:\/\/api.w.org\/{rel}","templated":true}]}}