{"id":63546,"date":"2024-01-23T18:50:53","date_gmt":"2024-09-16T13:21:16","guid":{"rendered":"https:\/\/nbg.eu\/product\/iosso-case-polish\/"},"modified":"2026-01-21T12:29:03","modified_gmt":"2026-01-21T09:29:03","slug":"iosso-case-polish","status":"publish","type":"product","link":"https:\/\/nbg.eu\/mt\/product\/iosso-case-polish\/","title":{"rendered":"Iosso Case Polish"},"content":{"rendered":"<p>\nIosso Case Polish: Soluzzjoni g\u0127all-kaxxi tal-iskrata\u010b tal-brass<\/p>\n<ul>\n<li>Inaddaf u jillustrat<\/li>\n<li>Ine\u0127\u0127i l-\u0127mie\u0121, ir-residwu, u l-ossidazzjoni<\/li>\n<li>Inaqqas il-\u0127in tat-tumbling<\/li>\n<li>Jipprote\u0121i minn ossidazzjoni futura<\/li>\n<li>Formula \u0121dida bba\u017cata fuq sustanzi bijolo\u0121i\u010bi<\/li>\n<li>Sigur g\u0127all-utenti u l-ambjent<\/li>\n<\/ul>\n<p>Ikseb finitura \u0121dida fuq il-kaxxi tal-iskrata\u010b tal-brass tieg\u0127ek bl-Iosso Case Polish. Adattat g\u0127al kaxxi ma\u0127mu\u0121in jew di\u0121\u00e0 mnaddfa.<\/p>\n","protected":false},"excerpt":{"rendered":"<p>Iosso Case Polish: Jer\u0121a&#8217; jag\u0127ti \u0127ajja lill-qoxriet tar-ram g\u0127al dija brillanti.<\/p>\n","protected":false},"featured_media":102451,"template":"","meta":{"_acf_changed":false},"product_brand":[11473],"product_cat":[14101,14144],"product_tag":[],"class_list":{"0":"post-63546","1":"product","2":"type-product","3":"status-publish","4":"has-post-thumbnail","6":"product_brand-iosso","7":"product_cat-preparazzjoni-tal-kazi","8":"product_cat-rikargar-mill-gdid","10":"first","11":"instock","12":"taxable","13":"shipping-taxable","14":"purchasable","15":"product-type-variable","16":"wvs-archive-product-wrapper"},"acf":[],"_links":{"self":[{"href":"https:\/\/nbg.eu\/mt\/wp-json\/wp\/v2\/product\/63546","targetHints":{"allow":["GET"]}}],"collection":[{"href":"https:\/\/nbg.eu\/mt\/wp-json\/wp\/v2\/product"}],"about":[{"href":"https:\/\/nbg.eu\/mt\/wp-json\/wp\/v2\/types\/product"}],"wp:featuredmedia":[{"embeddable":true,"href":"https:\/\/nbg.eu\/mt\/wp-json\/wp\/v2\/media\/102451"}],"wp:attachment":[{"href":"https:\/\/nbg.eu\/mt\/wp-json\/wp\/v2\/media?parent=63546"}],"wp:term":[{"taxonomy":"product_brand","embeddable":true,"href":"https:\/\/nbg.eu\/mt\/wp-json\/wp\/v2\/product_brand?post=63546"},{"taxonomy":"product_cat","embeddable":true,"href":"https:\/\/nbg.eu\/mt\/wp-json\/wp\/v2\/product_cat?post=63546"},{"taxonomy":"product_tag","embeddable":true,"href":"https:\/\/nbg.eu\/mt\/wp-json\/wp\/v2\/product_tag?post=63546"}],"curies":[{"name":"wp","href":"https:\/\/api.w.org\/{rel}","templated":true}]}}