{"id":65587,"date":"2024-01-23T18:42:27","date_gmt":"2024-01-23T18:42:27","guid":{"rendered":"https:\/\/nbg.eu\/product\/bore-cleaner-1-5-oz\/"},"modified":"2026-01-21T12:17:20","modified_gmt":"2026-01-21T09:17:20","slug":"bore-cleaner-1-5-oz","status":"publish","type":"product","link":"https:\/\/nbg.eu\/mt\/product\/bore-cleaner-1-5-oz\/","title":{"rendered":"Bore Cleaner  1.5 oz"},"content":{"rendered":"<p>\nIosso Bore Cleaner: Pasta bba\u017cata fuq sustanzi bijolo\u0121i\u010bi g\u0127at-tindif tal-armi. Tne\u0127\u0127i r-ram, i\u010b-\u010bomb, il-karbonju, it-tni\u0121\u0121is, u s-sadid ming\u0127ajr tixrid jew \u0127sara. Mhux korro\u017civa, bla ri\u0127a, u ma tag\u0127milx \u0127sara lill-ambjent. U\u017ca ma&#8217; Eliminator Brushes u Oil Solution g\u0127al tindif s\u0127i\u0127. Tindif tal-armi tan-nar bi prodotti bba\u017cati fuq pjanti.<\/p>\n","protected":false},"excerpt":{"rendered":"<p>Prodott ta&#8217; tindif eko-sostenibbli f&#8217;forma ta&#8217; pasta g\u0127all-armi tan-nar. Ine\u0127\u0127i r-residwu u l-\u0127mie\u0121 malajr.<\/p>\n","protected":false},"featured_media":101685,"template":"","meta":{"_acf_changed":false},"product_brand":[11473],"product_cat":[14173,14100],"product_tag":[],"class_list":{"0":"post-65587","1":"product","2":"type-product","3":"status-publish","4":"has-post-thumbnail","6":"product_brand-iosso","7":"product_cat-nadafa","8":"product_cat-tindif-tal-armi","10":"first","11":"outofstock","12":"taxable","13":"shipping-taxable","14":"purchasable","15":"product-type-simple"},"acf":[],"_links":{"self":[{"href":"https:\/\/nbg.eu\/mt\/wp-json\/wp\/v2\/product\/65587","targetHints":{"allow":["GET"]}}],"collection":[{"href":"https:\/\/nbg.eu\/mt\/wp-json\/wp\/v2\/product"}],"about":[{"href":"https:\/\/nbg.eu\/mt\/wp-json\/wp\/v2\/types\/product"}],"wp:featuredmedia":[{"embeddable":true,"href":"https:\/\/nbg.eu\/mt\/wp-json\/wp\/v2\/media\/101685"}],"wp:attachment":[{"href":"https:\/\/nbg.eu\/mt\/wp-json\/wp\/v2\/media?parent=65587"}],"wp:term":[{"taxonomy":"product_brand","embeddable":true,"href":"https:\/\/nbg.eu\/mt\/wp-json\/wp\/v2\/product_brand?post=65587"},{"taxonomy":"product_cat","embeddable":true,"href":"https:\/\/nbg.eu\/mt\/wp-json\/wp\/v2\/product_cat?post=65587"},{"taxonomy":"product_tag","embeddable":true,"href":"https:\/\/nbg.eu\/mt\/wp-json\/wp\/v2\/product_tag?post=65587"}],"curies":[{"name":"wp","href":"https:\/\/api.w.org\/{rel}","templated":true}]}}