{"id":65805,"date":"2024-01-21T17:29:54","date_gmt":"2024-01-21T17:29:54","guid":{"rendered":"https:\/\/nbg.eu\/product\/surefire-edc2-dft\/"},"modified":"2026-01-21T12:23:47","modified_gmt":"2026-01-21T09:23:47","slug":"surefire-edc2-dft","status":"publish","type":"product","link":"https:\/\/nbg.eu\/mt\/product\/surefire-edc2-dft\/","title":{"rendered":"SureFire EDC2-DFT"},"content":{"rendered":"<h2>SureFire EDC2-DFT: Tor\u010ba<\/h2>\n<p>Il-SureFire EDC2-DFT hija tor\u010ba kompatta g\u0127all-u\u017cu ta&#8217; kuljum. Karatteristi\u010bi:<\/p>\n<ul>\n<li>Intensit\u00e0 tal-ra\u0121\u0121 ta&#8217; 100,000 candela (bil-batterija SF18650B inklu\u017ca)<\/li>\n<li>Mudell ta&#8217; ra\u0121\u0121 Turbo g\u0127al illuminazzjoni ffukata<\/li>\n<li>Teknolo\u0121ija Dual Fuel: u\u017ca batterija SF18650 rikarikabbli jew \u017cew\u0121 batteriji tal-litju 123A<\/li>\n<li>Korp tal-aluminju anodizzat Mil-Spec, jil\u0127aq l-istandards IPX7 kontra l-ilma<\/li>\n<li>\u0126ru\u0121 ta&#8217; 700 lumens b&#8217;\u0127in ta&#8217; t\u0127addim ta&#8217; 2.75 sig\u0127at (batterija 18650)<\/li>\n<li>Distanza tar-ra\u0121\u0121 ta&#8217; 632 metru<\/li>\n<li>Tul kompatt ta&#8217; 5.91 pulzieri, pi\u017c ta&#8217; 5.6 oz<\/li>\n<\/ul>\n<p>Ir-riflettur tas-Serje Turbo tal-EDC2-DFT jipprovdi r-ra\u0121\u0121 l-aktar &#8216;il bog\u0127od fil-linja EDC kompatta ta&#8217; SureFire. Il-kostruzzjoni robusta u l-klipp versatili b&#8217;\u017cew\u0121 na\u0127at ji\u017cguraw affidabbilt\u00e0 f&#8217;kull sitwazzjoni. L-EDC2-DFT hija adattata g\u0127as-sigurt\u00e0 personali jew u\u017cu professjonali.<\/p>\n<p>Mag\u0127mula minn SureFire.<\/p>\n","protected":false},"excerpt":{"rendered":"<p>Dawl tal-id kompatt u qawwi b&#8217;ra\u0121\u0121 ta&#8217; 100,000 kandela u \u017cew\u0121 tipi ta&#8217; fjuwil.<\/p>\n","protected":false},"featured_media":65806,"template":"","meta":{"_acf_changed":false},"product_brand":[11878],"product_cat":[14088,14120,14143],"product_tag":[],"class_list":{"0":"post-65805","1":"product","2":"type-product","3":"status-publish","4":"has-post-thumbnail","6":"product_brand-surefire","7":"product_cat-dwal","8":"product_cat-dwal-edc","9":"product_cat-edc","11":"first","12":"instock","13":"taxable","14":"shipping-taxable","15":"purchasable","16":"product-type-variable","17":"wvs-archive-product-wrapper"},"acf":[],"_links":{"self":[{"href":"https:\/\/nbg.eu\/mt\/wp-json\/wp\/v2\/product\/65805","targetHints":{"allow":["GET"]}}],"collection":[{"href":"https:\/\/nbg.eu\/mt\/wp-json\/wp\/v2\/product"}],"about":[{"href":"https:\/\/nbg.eu\/mt\/wp-json\/wp\/v2\/types\/product"}],"wp:featuredmedia":[{"embeddable":true,"href":"https:\/\/nbg.eu\/mt\/wp-json\/wp\/v2\/media\/65806"}],"wp:attachment":[{"href":"https:\/\/nbg.eu\/mt\/wp-json\/wp\/v2\/media?parent=65805"}],"wp:term":[{"taxonomy":"product_brand","embeddable":true,"href":"https:\/\/nbg.eu\/mt\/wp-json\/wp\/v2\/product_brand?post=65805"},{"taxonomy":"product_cat","embeddable":true,"href":"https:\/\/nbg.eu\/mt\/wp-json\/wp\/v2\/product_cat?post=65805"},{"taxonomy":"product_tag","embeddable":true,"href":"https:\/\/nbg.eu\/mt\/wp-json\/wp\/v2\/product_tag?post=65805"}],"curies":[{"name":"wp","href":"https:\/\/api.w.org\/{rel}","templated":true}]}}