{"id":67131,"date":"2024-01-13T13:29:38","date_gmt":"2024-01-13T13:29:38","guid":{"rendered":"https:\/\/nbg.eu\/product\/surefire-x300u-a\/"},"modified":"2026-01-21T11:28:31","modified_gmt":"2026-01-21T08:28:31","slug":"surefire-x300u-a","status":"publish","type":"product","link":"https:\/\/nbg.eu\/mt\/product\/surefire-x300u-a\/","title":{"rendered":"SureFire X300U-A"},"content":{"rendered":"<div class=\"product-description\">\n<h2>SureFire X300U-A Dawl Tattiku g\u0127all-Armi<\/h2>\n<p>Is-SureFire X300U-A huwa dawl tattiku b&#8217;prestazzjoni g\u0127olja. Dan jipprodu\u010bi 1,000 lumens ta&#8217; \u0127ru\u0121 i\u0121\u0121enerat minn LED, iffokat minn lenti TIR ta&#8217; pre\u010bi\u017cjoni.<\/p>\n<ul>\n<li>Sistema ta&#8217; Lever Latch li tin\u0127all malajr g\u0127al twa\u0127\u0127il\/tne\u0127\u0127ija rapida<\/li>\n<li>Swi\u010b\u010bjar ambidestru intuwittiv g\u0127al attivazzjoni immedjata<\/li>\n<li>Korp tal-aluminju aerospazjali b&#8217;finitura anodizzata ta&#8217; spe\u010bifikazzjoni militari<\/li>\n<li>Klassifikazzjoni IPX7 kontra l-ilma (1 metru g\u0127al 30 minuta)<\/li>\n<li>\u0126in ta&#8217; t\u0127addim ta&#8217; 1.25 sig\u0127at fuq \u017cew\u0121 batteriji tal-litju 123A inklu\u017ci<\/li>\n<li>Disinn kompatt: 3.76 pulzieri fit-tul, ji\u017cen biss 4.0 oz<\/li>\n<\/ul>\n<p>Dawwal b&#8217;distanzi sinifikanti waqt li \u017c\u017comm g\u0127arfien tas-sitwazzjoni bis-SureFire X300U-A.<\/p>\n<\/div>\n","protected":false},"excerpt":{"rendered":"<p>SureFire X300U-A: Dawl tattiku ta&#8217; 1000 lumen g\u0127al pistoli u xkubetti.<\/p>\n","protected":false},"featured_media":67132,"template":"","meta":{"_acf_changed":false},"product_brand":[11878],"product_cat":[14088,14106,14128],"product_tag":[],"class_list":{"0":"post-67131","1":"product","2":"type-product","3":"status-publish","4":"has-post-thumbnail","6":"product_brand-surefire","7":"product_cat-dwal","8":"product_cat-dwal-tal-pistola","9":"product_cat-pistola","11":"first","12":"instock","13":"taxable","14":"shipping-taxable","15":"purchasable","16":"product-type-variable","17":"wvs-archive-product-wrapper"},"acf":[],"_links":{"self":[{"href":"https:\/\/nbg.eu\/mt\/wp-json\/wp\/v2\/product\/67131","targetHints":{"allow":["GET"]}}],"collection":[{"href":"https:\/\/nbg.eu\/mt\/wp-json\/wp\/v2\/product"}],"about":[{"href":"https:\/\/nbg.eu\/mt\/wp-json\/wp\/v2\/types\/product"}],"wp:featuredmedia":[{"embeddable":true,"href":"https:\/\/nbg.eu\/mt\/wp-json\/wp\/v2\/media\/67132"}],"wp:attachment":[{"href":"https:\/\/nbg.eu\/mt\/wp-json\/wp\/v2\/media?parent=67131"}],"wp:term":[{"taxonomy":"product_brand","embeddable":true,"href":"https:\/\/nbg.eu\/mt\/wp-json\/wp\/v2\/product_brand?post=67131"},{"taxonomy":"product_cat","embeddable":true,"href":"https:\/\/nbg.eu\/mt\/wp-json\/wp\/v2\/product_cat?post=67131"},{"taxonomy":"product_tag","embeddable":true,"href":"https:\/\/nbg.eu\/mt\/wp-json\/wp\/v2\/product_tag?post=67131"}],"curies":[{"name":"wp","href":"https:\/\/api.w.org\/{rel}","templated":true}]}}