{"id":672182,"date":"2025-11-17T17:17:59","date_gmt":"2025-11-17T14:17:59","guid":{"rendered":"https:\/\/nbg.eu\/product\/kamera-termika-nocpix-vista-s50r-blrf-1280x1024-15mk-netd\/"},"modified":"2026-04-14T16:09:09","modified_gmt":"2026-04-14T13:09:09","slug":"kamera-termika-nocpix-vista-s50r-blrf-1280x1024-15mk-netd","status":"publish","type":"product","link":"https:\/\/nbg.eu\/mt\/product\/kamera-termika-nocpix-vista-s50r-blrf-1280x1024-15mk-netd\/","title":{"rendered":"Nocpix Kamera Termali VISTA S50R LRF"},"content":{"rendered":"<h2>Thermal Camera Nocpix VISTA S50R b&#8217;LRF 1280&#215;1024 \u226415mK NETD<\/h2>\n<p>Is-sistema Vision+ ta&#8217; Vista, b&#8217;displej AMOLED 2560\u00d72560 tieg\u0127u u dijametru ta&#8217; pupilla ta&#8217; \u0127ru\u0121 ta&#8217; 8mm, joffri esperjenza ta&#8217; titjib fil-vi\u017cjoni. Im\u017cejjen b&#8217;sensur superjuri u LRF integrat, Vista jie\u0127u l-prestazzjoni g\u0127all-og\u0127la livell fl-industrija. Id-disinn u\u017cu-friendly u s-soluzzjoni a\u0127jar tal-batterija jag\u0127mluh il-le\u0127en ideali biex tg\u0127addi mill-isfidi barra.<\/p>\n<h2>Sistema Vision+: Vi\u017cjoni Immersiva<\/h2>\n<p>Displej AMOLED \u010birkolari 2560\u00d72560 jottimizza l-effi\u010bjenza spazjali, iddg\u0127ajjef vi\u017cwali \u0127ajjin. B&#8217;dijametru ta&#8217; pupilla ta&#8217; \u0127ru\u0121 ta&#8217; 8mm u modalit\u00e0 Pure Vision, Vista joffri esperjenza ta&#8217; titjib fil-vi\u017cjoni komda u immersiva.<\/p>\n<h2>Sensur superjuri: kwalit\u00e0 tal-imma\u0121ni ta&#8217; l-ewwel klassi<\/h2>\n<p>Is-sensur NETD \u226415mk 1280\u00d71024@12\u03bcm \u017cviluppat internament jiggarantixxi kwalit\u00e0 g\u0127olja tal-imma\u0121ni u prestazzjoni stabbli. Is-siluetti tal-annimali, l-anatomija u l-karatteristi\u010bi tal-im\u0121iba jsiru fa\u010bilment identifikabbli.<\/p>\n<h2>LRF integrat: pre\u010bi\u017cjoni u portabilit\u00e0<\/h2>\n<p>Il-mi\u017curatur tal-firxa integrat tag\u0127na (LRF 1200m) jikkombina l-estetika mal-allinjament veru tal-assi ottiku. Dan id-disinn kompatt u \u0127afif ji\u017cgura u\u017cu minimali tal-lenti u g\u0127andu kwalit\u00e0 e\u010b\u010bellenti tal-imma\u0121ni.<\/p>\n<h2>Rata tal-qafas ta&#8217; 60Hz: Kaptira tal-moviment ming\u0127ajr g\u017cejjien<\/h2>\n<p>Im\u017cejjen b&#8217;detector ta&#8217; 60Hz, Vista joffri xibka superjuri, li jippermetti kaptira pre\u010bi\u017ca ta&#8217; annimali li jit\u0127arrku u xenarji b&#8217;velo\u010bit\u00e0 g\u0127olja. Dan it-titjib sinifikanti minn 50Hz jipprovdi vi\u017cwalizzazzjonijiet aktar xwieqi u pre\u010bi\u017ci.<\/p>\n<h2>Lenti F0.9: Titjib fil-qbid tad-dawl<\/h2>\n<p>Il-lenti F0.9 hija ddisinjata biex ittejjeb il-qbid tad-dawl b&#8217;20%, li j\u017cid b&#8217;mod sinifikattiv il-bjdura u l-kwalit\u00e0 tal-imma\u0121ni meta mqabbla mal-lenti tradizzjonali F1.0. Dan it-titjib ji\u017cgura li kull dettall huwa brillantement \u010bar, u jag\u0127mel lil Vista il-le\u0127en ideali g\u0127all-osservazzjonijiet tal-lejl.<\/p>\n<h2>Tag\u0127bija flessibbli: Bateriji li jistg\u0127u jinbidlu g\u0127al operazzjoni esti\u017ca<\/h2>\n<p>Vista joffri \u017cew\u0121 g\u0127a\u017cliet ta&#8217; tag\u0127bija: batteriji IBP-7\/4400mAh interkambjabbli li jistg\u0127u jinbidlu fa\u010bilment, jew tag\u0127bija diretta permezz tal-port integrat. Dan ji\u017cgura operazzjoni kontinwa sabiex tiffoka fuq il-ka\u010b\u010ba ming\u0127ajr problemi tal-batterija.<\/p>\n<h2>Kamp ta&#8217; vista wiesa&#8217;: Titjib fl-g\u0127arfien tas-xenarji<\/h2>\n<p>Bis-seng\u0127a tieg\u0127u ta&#8217; magnifikazzjoni primarja 2X u l-kamp ta&#8217; vista wiesg\u0127a, Vista S50R jipprovdi perspettiva e\u010b\u010bezzjonali tal-\u0127ieles tieg\u0127ek. Dan jippermettik tidentifika u timmonitorja bla \u0127afna sforz diversi miri fuq ambjenti wiesg\u0127a, u ji\u017cgura li kull moviment ji\u0121i kkajtrat b&#8217;\u010barezza.<\/p>\n<h2>Paletti tal-kulur differenti<\/h2>\n<p>Vista joffri 7 paletti tal-kulur differenti, inklu\u017c il-modalitajiet a\u0127mar u abjad u a\u0127dar pur monokomu. Dawn l-g\u0127a\u017cliet li huma friendly g\u0127all-g\u0127ajnejn jg\u0127inu jnaqqsu l-g\u0127eja tal-g\u0127ajnejn, biex ji\u017cguraw u\u017cu ming\u0127ajr tbatija g\u0127al perjodi esti\u017ci.<\/p>\n<h2>Disinn u\u017cu-friendly<\/h2>\n<p>Il-buttuni silenzju\u017ci ta&#8217; Vista ji\u017cguraw u\u017cu kwiet fid-dlam, filwaqt li l-maskra g\u0127ajn li tittrotta tipprevjeni l-\u0127ru\u0121 tad-dawl, biex j\u017comm il-pre\u017cenza tieg\u0127ek mo\u0127bija mill-annimali. It-tessut TPU leatherette iffurmata kompletament tipprovdi grep komdu, biex tag\u0127mel l-u\u017cu fit-tul fa\u010bli.<\/p>\n","protected":false},"excerpt":{"rendered":"<p>Nocpix VISTA S50R bil-LRF 1280&#215;1024 &lt;15mK NETD: Displej AMOLED 2560&#215;2560 immersiv, sensur superjuri 1280&#215;1024, LRF integrat, lenti F0.9, rata ta&#039; qafas ta&#039; 60Hz, tnixxija flessibbli, FOV wiesg\u0127a, u disinn li jaqdi l-utent.<\/p>\n<p>Jekk l-o\u0121\u0121ett ma jkunx disponibbli, jekk jog\u0127\u0121bok ikkuntattjana: shop@nbg.eu jew +359896147790<\/p>\n","protected":false},"featured_media":673180,"template":"","meta":{"_acf_changed":false},"product_brand":[14451],"product_cat":[14129,16088],"product_tag":[],"class_list":{"0":"post-672182","1":"product","2":"type-product","3":"status-publish","4":"has-post-thumbnail","6":"product_brand-nocpix","7":"product_cat-termali","8":"product_cat-thermal-cameras-mt","10":"first","11":"instock","12":"taxable","13":"shipping-taxable","14":"purchasable","15":"product-type-simple"},"acf":[],"_links":{"self":[{"href":"https:\/\/nbg.eu\/mt\/wp-json\/wp\/v2\/product\/672182","targetHints":{"allow":["GET"]}}],"collection":[{"href":"https:\/\/nbg.eu\/mt\/wp-json\/wp\/v2\/product"}],"about":[{"href":"https:\/\/nbg.eu\/mt\/wp-json\/wp\/v2\/types\/product"}],"wp:featuredmedia":[{"embeddable":true,"href":"https:\/\/nbg.eu\/mt\/wp-json\/wp\/v2\/media\/673180"}],"wp:attachment":[{"href":"https:\/\/nbg.eu\/mt\/wp-json\/wp\/v2\/media?parent=672182"}],"wp:term":[{"taxonomy":"product_brand","embeddable":true,"href":"https:\/\/nbg.eu\/mt\/wp-json\/wp\/v2\/product_brand?post=672182"},{"taxonomy":"product_cat","embeddable":true,"href":"https:\/\/nbg.eu\/mt\/wp-json\/wp\/v2\/product_cat?post=672182"},{"taxonomy":"product_tag","embeddable":true,"href":"https:\/\/nbg.eu\/mt\/wp-json\/wp\/v2\/product_tag?post=672182"}],"curies":[{"name":"wp","href":"https:\/\/api.w.org\/{rel}","templated":true}]}}