{"id":67281,"date":"2024-01-13T13:21:56","date_gmt":"2024-01-13T13:21:56","guid":{"rendered":"https:\/\/nbg.eu\/product\/surefire-switch-st07\/"},"modified":"2026-01-21T12:14:42","modified_gmt":"2026-01-21T09:14:42","slug":"surefire-switch-st07","status":"publish","type":"product","link":"https:\/\/nbg.eu\/mt\/product\/surefire-switch-st07\/","title":{"rendered":"SureFire Switch ST07"},"content":{"rendered":"<p>\nIs-SureFire Switch ST07 joffri attivazzjoni remota g\u0127al WeaponLights kompatibbli. Karatteristi\u010bi:<\/p>\n<ul>\n<li>Kejbil ta&#8217; 7 pulzieri g\u0127all-u\u017cu fuq rifle\/carbine<\/li>\n<li>Plagg issi\u0121illat b&#8217;O-ring g\u0127al re\u017cistenza g\u0127at-temp<\/li>\n<li>Twa\u0127\u0127il bil-Velcro\u00ae g\u0127al po\u017cizzjonament versatili<\/li>\n<\/ul>\n<p>Dan l-iswi\u010b\u010b remot huwa mag\u0127mul g\u0127all-u\u017cu fit-tul.<\/p>\n","protected":false},"excerpt":{"rendered":"<p>Swi\u010b\u010b mill-bog\u0127od g\u0127al SureFire WeaponLights. Kejbil ta&#8217; 7 pulzieri, issi\u0121illat kontra l-elementi.<\/p>\n","protected":false},"featured_media":67282,"template":"","meta":{"_acf_changed":false},"product_brand":[11878],"product_cat":[14110,14088,14863],"product_tag":[],"class_list":{"0":"post-67281","1":"product","2":"type-product","3":"status-publish","4":"has-post-thumbnail","6":"product_brand-surefire","7":"product_cat-accessorji-tad-dawl","8":"product_cat-dwal","9":"product_cat-dwal-tar-rifle","11":"first","12":"instock","13":"taxable","14":"shipping-taxable","15":"purchasable","16":"product-type-simple"},"acf":[],"_links":{"self":[{"href":"https:\/\/nbg.eu\/mt\/wp-json\/wp\/v2\/product\/67281","targetHints":{"allow":["GET"]}}],"collection":[{"href":"https:\/\/nbg.eu\/mt\/wp-json\/wp\/v2\/product"}],"about":[{"href":"https:\/\/nbg.eu\/mt\/wp-json\/wp\/v2\/types\/product"}],"wp:featuredmedia":[{"embeddable":true,"href":"https:\/\/nbg.eu\/mt\/wp-json\/wp\/v2\/media\/67282"}],"wp:attachment":[{"href":"https:\/\/nbg.eu\/mt\/wp-json\/wp\/v2\/media?parent=67281"}],"wp:term":[{"taxonomy":"product_brand","embeddable":true,"href":"https:\/\/nbg.eu\/mt\/wp-json\/wp\/v2\/product_brand?post=67281"},{"taxonomy":"product_cat","embeddable":true,"href":"https:\/\/nbg.eu\/mt\/wp-json\/wp\/v2\/product_cat?post=67281"},{"taxonomy":"product_tag","embeddable":true,"href":"https:\/\/nbg.eu\/mt\/wp-json\/wp\/v2\/product_tag?post=67281"}],"curies":[{"name":"wp","href":"https:\/\/api.w.org\/{rel}","templated":true}]}}