{"id":67323,"date":"2024-01-13T12:52:23","date_gmt":"2024-01-13T12:52:23","guid":{"rendered":"https:\/\/nbg.eu\/product\/surefire-sr07-weaponlight-switch\/"},"modified":"2026-01-21T11:41:32","modified_gmt":"2026-01-21T08:41:32","slug":"surefire-sr07-weaponlight-switch","status":"publish","type":"product","link":"https:\/\/nbg.eu\/mt\/product\/surefire-sr07-weaponlight-switch\/","title":{"rendered":"SureFire SR07 (WEAPONLIGHT SWITCH)"},"content":{"rendered":"<p>\nIs-SureFire SR07 joffri attivazzjoni remota g\u0127ad-dwal tal-armi SureFire. Karatteristi\u010bi:<\/p>\n<ul>\n<li>Buttuna ta&#8217; pressjoni momentanja<\/li>\n<li>Swi\u010b\u010b li jin\u017camm mixg\u0127ul<\/li>\n<li>Kejbil ta&#8217; 7 pulzieri<\/li>\n<li>Klamp li jitwa\u0127\u0127al mal-linji Picatinny<\/li>\n<\/ul>\n<p>\u017bid il-funzjonalit\u00e0 tal-arma tieg\u0127ek b&#8217;kontroll ta&#8217; \u017cew\u0121 swi\u010b\u010bijiet.<\/p>\n","protected":false},"excerpt":{"rendered":"<p>Switch doppju mill-bog\u0127od g\u0127al SureFire WeaponLights. Jista&#8217; jitwa\u0127\u0127al mar-rail.<\/p>\n","protected":false},"featured_media":67324,"template":"","meta":{"_acf_changed":false},"product_brand":[11878],"product_cat":[14110,14088,14863],"product_tag":[],"class_list":{"0":"post-67323","1":"product","2":"type-product","3":"status-publish","4":"has-post-thumbnail","6":"product_brand-surefire","7":"product_cat-accessorji-tad-dawl","8":"product_cat-dwal","9":"product_cat-dwal-tar-rifle","11":"first","12":"instock","13":"taxable","14":"shipping-taxable","15":"purchasable","16":"product-type-simple"},"acf":[],"_links":{"self":[{"href":"https:\/\/nbg.eu\/mt\/wp-json\/wp\/v2\/product\/67323","targetHints":{"allow":["GET"]}}],"collection":[{"href":"https:\/\/nbg.eu\/mt\/wp-json\/wp\/v2\/product"}],"about":[{"href":"https:\/\/nbg.eu\/mt\/wp-json\/wp\/v2\/types\/product"}],"wp:featuredmedia":[{"embeddable":true,"href":"https:\/\/nbg.eu\/mt\/wp-json\/wp\/v2\/media\/67324"}],"wp:attachment":[{"href":"https:\/\/nbg.eu\/mt\/wp-json\/wp\/v2\/media?parent=67323"}],"wp:term":[{"taxonomy":"product_brand","embeddable":true,"href":"https:\/\/nbg.eu\/mt\/wp-json\/wp\/v2\/product_brand?post=67323"},{"taxonomy":"product_cat","embeddable":true,"href":"https:\/\/nbg.eu\/mt\/wp-json\/wp\/v2\/product_cat?post=67323"},{"taxonomy":"product_tag","embeddable":true,"href":"https:\/\/nbg.eu\/mt\/wp-json\/wp\/v2\/product_tag?post=67323"}],"curies":[{"name":"wp","href":"https:\/\/api.w.org\/{rel}","templated":true}]}}