{"id":673424,"date":"2025-11-17T17:24:54","date_gmt":"2025-11-17T14:24:54","guid":{"rendered":"https:\/\/nbg.eu\/product\/kamera-termali-nocpix-vista-h50r-blrf-50mm-12um-640x512-15mk-netd\/"},"modified":"2026-04-14T16:09:06","modified_gmt":"2026-04-14T13:09:06","slug":"kamera-termali-nocpix-vista-h50r-blrf-50mm-12um-640x512-15mk-netd","status":"publish","type":"product","link":"https:\/\/nbg.eu\/mt\/product\/kamera-termali-nocpix-vista-h50r-blrf-50mm-12um-640x512-15mk-netd\/","title":{"rendered":"Nocpix Kamera Termali VISTA H50R LRF"},"content":{"rendered":"<h2>Nocpix VISTA H50R &#8211; Thermal Imaging Camera b&#8217;Laser Rangefinder<\/h2>\n<p>Il-Nocpix VISTA H50R hija thermal imaging camera b&#8217;laser rangefinder (LRF) imfassla g\u0127al u\u017cu ta&#8217; lejl u nhar. Hija toffri kwalit\u00e0 e\u010b\u010bezzjonali tal-imma\u0121ini anke f&#8217;kundizzjonijiet meteorolo\u0121i\u010bi \u0127arxa b\u0127al digi, smug u xita u tista&#8217; tidentifika miri permezz ta&#8217; ostakli b\u0127al ferg\u0127at, \u0127axix twil u ve\u0121etazzjoni densa li normalment i\u0127arbtulha l-vi\u017cibilit\u00e0.<\/p>\n<p>Il-VISTA H50R hija ver\u017catili \u0127afna u adatta g\u0127al diversi applikazzjonijiet inklu\u017c i\u010b-\u010ba\u010b\u010ba, is-sigurt\u00e0, is-sorveljanza, in-navigazzjoni tat-territorju u l-operazzjonijiet ta&#8217; tfittxija u salvata\u0121\u0121. It-teknolo\u0121ija termika avvanzata tag\u0127ha ti\u017cgura prestazzjoni affidabbli, billi toffri imma\u0121ni \u010bari u kejliet pre\u010bi\u017ci f&#8217;ambjenti diffi\u010bli.<\/p>\n<h2>Spe\u010bifikazzjonijiet:<\/h2>\n<p>Ri\u017coluzzjoni: 640 x 512<br \/>\nDaqs tal-pixel: 12<br \/>\nNETD, mK: \u226415<br \/>\nRata ta&#8217; qafas: 50<br \/>\nLenti: 50mm F0.9<br \/>\nKamp ta&#8217; vi\u017cjoni: 8.8 x 7.0<br \/>\nKamp ta&#8217; vi\u017cjoni (lineari): 15 x 12<br \/>\nIngrandiment: 4~40<br \/>\nFirxa ta&#8217; identifikazzjoni: 2600<br \/>\nDistanza mill-g\u0127ajnejn: 25<br \/>\nDijametru tat-tifla tal-g\u0127ajn: 8<br \/>\nDiopter: -4 ~ +6<br \/>\nTip ta&#8217; display: AMOLED<br \/>\nRi\u017coluzzjoni tal-display: 2560 x 2560<br \/>\nBatterija: Batterija tal-Litju-Joni sostitwibbli IBP-7 \/ 4400mAh<br \/>\n\u0126in ta&#8217; operazzjoni massimu: 5.5<br \/>\nFirxa ta&#8217; distanza li ssir il-kejl: 1200<br \/>\nLaser: Klassi 1<br \/>\nWiFi\/App: IVA<br \/>\nMIC: IVA<br \/>\nKapa\u010bit\u00e0 tal-memoria: 64GB<br \/>\nKlassifikazzjoni IP: IP67<br \/>\nTemperatura ta&#8217; operazzjoni massima: -20 ~ +50<br \/>\nPi\u017c (unzji): 22.93<br \/>\nPi\u017c (g): 650<br \/>\nDimensjonijiet (in): 7.64 x 2.76 x 3.23<br \/>\nDimensjonijiet (mm): 194 x 70 x 82<\/p>\n<p>Dettur 640\u00d7512 12\u03bcm<br \/>\nNETD\u226415mK<br \/>\nRata ta&#8217; qafas g\u0127olja ta&#8217; 60Hz<br \/>\nLenti F0.9<br \/>\nDisplay AMOLED \u010birkolari 2560\u00d72560<br \/>\nBatterija ta&#8217; sostituzzjoni malajr IBP-7<br \/>\nZoom di\u0121itali bla ti\u0121rib: 1\u00d7~8\u00d7<br \/>\nModalit\u00e0 ultra nadifa<br \/>\nProtezzjoni tal-g\u0127ajnejn b&#8217;lumino\u017cit\u00e0 baxxa, pallet tal-kulur u tinta s\u0127una<br \/>\nStabbilizzazzjoni elettronika tal-imma\u0121ni<\/p>\n","protected":false},"excerpt":{"rendered":"<p>Il-Nocpix VISTA H50R huwa kamra termali ta&#8217; 640&#215;512 12um b&#8217;NETD ta &#8216;\u226415mK, lenti ta&#8217; 50mm F0.9, u ranar laser integrat, g\u0127all-ka\u010b\u010ba, is-sigurt\u00e0, u aktar.<\/p>\n<p>Jekk l-o\u0121\u0121ett ma jkunx disponibbli, jekk jog\u0127\u0121bok ikkuntattjana: shop@nbg.eu jew +359896147790<\/p>\n","protected":false},"featured_media":673755,"template":"","meta":{"_acf_changed":false},"product_brand":[14451],"product_cat":[14129,16088],"product_tag":[],"class_list":{"0":"post-673424","1":"product","2":"type-product","3":"status-publish","4":"has-post-thumbnail","6":"product_brand-nocpix","7":"product_cat-termali","8":"product_cat-thermal-cameras-mt","10":"first","11":"instock","12":"taxable","13":"shipping-taxable","14":"purchasable","15":"product-type-simple"},"acf":[],"_links":{"self":[{"href":"https:\/\/nbg.eu\/mt\/wp-json\/wp\/v2\/product\/673424","targetHints":{"allow":["GET"]}}],"collection":[{"href":"https:\/\/nbg.eu\/mt\/wp-json\/wp\/v2\/product"}],"about":[{"href":"https:\/\/nbg.eu\/mt\/wp-json\/wp\/v2\/types\/product"}],"wp:featuredmedia":[{"embeddable":true,"href":"https:\/\/nbg.eu\/mt\/wp-json\/wp\/v2\/media\/673755"}],"wp:attachment":[{"href":"https:\/\/nbg.eu\/mt\/wp-json\/wp\/v2\/media?parent=673424"}],"wp:term":[{"taxonomy":"product_brand","embeddable":true,"href":"https:\/\/nbg.eu\/mt\/wp-json\/wp\/v2\/product_brand?post=673424"},{"taxonomy":"product_cat","embeddable":true,"href":"https:\/\/nbg.eu\/mt\/wp-json\/wp\/v2\/product_cat?post=673424"},{"taxonomy":"product_tag","embeddable":true,"href":"https:\/\/nbg.eu\/mt\/wp-json\/wp\/v2\/product_tag?post=673424"}],"curies":[{"name":"wp","href":"https:\/\/api.w.org\/{rel}","templated":true}]}}