{"id":673795,"date":"2025-11-17T17:24:57","date_gmt":"2025-11-17T14:24:57","guid":{"rendered":"https:\/\/nbg.eu\/product\/thermal-camera-nocpix-vista-h35r-bil-lrf-35mm-12um-640x512-15mk-net\/"},"modified":"2026-04-14T16:09:03","modified_gmt":"2026-04-14T13:09:03","slug":"thermal-camera-nocpix-vista-h35r-bil-lrf-35mm-12um-640x512-15mk-net","status":"publish","type":"product","link":"https:\/\/nbg.eu\/mt\/product\/thermal-camera-nocpix-vista-h35r-bil-lrf-35mm-12um-640x512-15mk-net\/","title":{"rendered":"Nocpix Kamera Termali VISTA H35R LRF"},"content":{"rendered":"<h2>Nocpix VISTA H35R Thermal Monocular b&#8217;Laser Rangefinder<\/h2>\n<p>Il-Nocpix VISTA H35R huwa monocular termiku b&#8217;diversi u\u017ci, mg\u0127ammar b&#8217;laser rangefinder (LRF) integrat, iddi\u017cinjat g\u0127al u\u017cu affidabbli kemm ta&#8217; lejl u kemm ta&#8217; nhar. Dan il-apparat avvanzat joffri prestazzjoni e\u010b\u010bellenti tal-immaging termiku, li jipprovdi vi\u017cwali \u010bari u dettaljati anke f&#8217;kundizzjonijiet meteorolo\u0121i\u010bi diffi\u010bli b\u0127al nfixkel, saqar u xita. Huwa kapa\u010bi jirrileva miri permezz ta&#8217; ostakoli b\u0127al frieg\u0127i, \u0127axix g\u0127oli u ve\u0121etazzjoni densa, li ji\u017cgura operat effettiv f&#8217;ambjenti fejn l-ottika tradizzjonali mhux bi\u017c\u017cejjed.<\/p>\n<p>Ideali g\u0127al firxa ta&#8217; applikazzjonijiet, il-VISTA H35R huwa perfett g\u0127at-tfittxija, is-sorveljanza, is-sigurt\u00e0, in-navigazzjoni tat-terren u l-operazzjonijiet ta&#8217; tfittxija u salvata\u0121\u0121. Bl-u\u017cu tat-teknolo\u0121ija all&#8217;avanguardia u l-kostruzzjoni soda tieg\u0127u, il-VISTA H35R ji\u017cgura detezzjoni u kejl pre\u010bi\u017c fil-kundizzjonijiet l-aktar diffi\u010bli.<\/p>\n<h2>Spe\u010bifikazzjonijiet<\/h2>\n<p>Ri\u017coluzzjoni: 640 x 512<br \/>\nDaqs tal-pixel: 12<br \/>\nNETD, mK: \u226415<br \/>\nRata ta&#8217; qafas: 50<br \/>\nLenti: 35mm F0.9<br \/>\nKamp ta&#8217; t\u0127arsa: 12.5 x 10.0<br \/>\nKamp ta&#8217; t\u0127arsa (lineari): 22 x 18<br \/>\nI\u010b\u010baqliq: 3~28<br \/>\nFirxa ta&#8217; detezzjoni: 1800<br \/>\nDistanza mill-g\u0127ajnejn: 25<br \/>\nDijametru tal-pupilla tal-\u0127ru\u0121: 8<br \/>\nDiopter: -4 ~ +6<br \/>\nTip ta&#8217; displej: AMOLED<br \/>\nRi\u017coluzzjoni tal-displej: 2560 x 2560<br \/>\nBatterija: Batterija li tista&#8217; titbiddel tal-lithium-ion IBP-7 \/ 4400mAh<br \/>\n\u0126in operattiv massimu: 5.5<br \/>\nFirxa tal-mi\u017cura: 1200<br \/>\nLaser: Klassi 1<br \/>\nWi-Fi\/App: IVA<br \/>\nMIC: IVA<br \/>\nKapa\u010bit\u00e0 ta&#8217; memorja: 64GB<br \/>\nKlassifikazzjoni IP: IP67<br \/>\nTemperatura operattiva massima: -20 ~ +50<br \/>\nPi\u017c (ons): 22.58<br \/>\nPi\u017c (g): 640<br \/>\nDimensjonijiet (in): 7.48 x 2.64 x 3.11<br \/>\nDimensjonijiet (mm): 190 x 67 x 79<\/p>\n<h2>Funzjonalitajiet<\/h2>\n<p>Dete\u010btur ta&#8217; 640\u00d7512 12\u03bcm<br \/>\nNETD\u226415mK<br \/>\nRata ta&#8217; qafas g\u0127olja ta&#8217; 60Hz<br \/>\nLenti F0.9<br \/>\nDisplej \u010birkolari AMOLED ta&#8217; 2560\u00d72560<br \/>\nBatterija rikarigabbli IBP-7 li tista&#8217; tinbidel malajr<br \/>\nZoom di\u0121itali bla xkiel: 1\u00d7~8\u00d7<br \/>\nModalit\u00e0 ultra nadifa<br \/>\nProtezzjoni tal-g\u0127ajnejn b&#8217;dawl baxx, paletta tal-kuluri u tint s\u0127una<br \/>\nStabbilizzazzjoni elettronika tal-ima\u0121ni<\/p>\n","protected":false},"excerpt":{"rendered":"<p>Kamra termika Nocpix VISTA H35R b&#8217;lensijiet ta&#8217; 35mm 12um 640&#215;512 &lt;15mk NET u LRF, g\u0127al u\u017cu affidabbli ta&#8217; \u0121urnata\/lejl f&#8217;kundizzjonijiet diffikultu\u017ci.<\/p>\n<p>Jekk l-o\u0121\u0121ett ma jkunx disponibbli, jekk jog\u0127\u0121bok ikkuntattjana: shop@nbg.eu jew +359896147790<\/p>\n","protected":false},"featured_media":673832,"template":"","meta":{"_acf_changed":false},"product_brand":[14451],"product_cat":[14129,16088],"product_tag":[],"class_list":{"0":"post-673795","1":"product","2":"type-product","3":"status-publish","4":"has-post-thumbnail","6":"product_brand-nocpix","7":"product_cat-termali","8":"product_cat-thermal-cameras-mt","10":"first","11":"instock","12":"taxable","13":"shipping-taxable","14":"purchasable","15":"product-type-simple"},"acf":[],"_links":{"self":[{"href":"https:\/\/nbg.eu\/mt\/wp-json\/wp\/v2\/product\/673795","targetHints":{"allow":["GET"]}}],"collection":[{"href":"https:\/\/nbg.eu\/mt\/wp-json\/wp\/v2\/product"}],"about":[{"href":"https:\/\/nbg.eu\/mt\/wp-json\/wp\/v2\/types\/product"}],"wp:featuredmedia":[{"embeddable":true,"href":"https:\/\/nbg.eu\/mt\/wp-json\/wp\/v2\/media\/673832"}],"wp:attachment":[{"href":"https:\/\/nbg.eu\/mt\/wp-json\/wp\/v2\/media?parent=673795"}],"wp:term":[{"taxonomy":"product_brand","embeddable":true,"href":"https:\/\/nbg.eu\/mt\/wp-json\/wp\/v2\/product_brand?post=673795"},{"taxonomy":"product_cat","embeddable":true,"href":"https:\/\/nbg.eu\/mt\/wp-json\/wp\/v2\/product_cat?post=673795"},{"taxonomy":"product_tag","embeddable":true,"href":"https:\/\/nbg.eu\/mt\/wp-json\/wp\/v2\/product_tag?post=673795"}],"curies":[{"name":"wp","href":"https:\/\/api.w.org\/{rel}","templated":true}]}}