{"id":67391,"date":"2024-01-13T12:20:15","date_gmt":"2024-09-20T12:06:38","guid":{"rendered":"https:\/\/nbg.eu\/product\/surefire-ue-sr07-scout-light-remote-switch\/"},"modified":"2024-09-20T12:07:34","modified_gmt":"2024-09-20T12:07:34","slug":"surefire-ue-sr07-scout-light-remote-switch","status":"publish","type":"product","link":"https:\/\/nbg.eu\/mt\/product\/surefire-ue-sr07-scout-light-remote-switch\/","title":{"rendered":"SureFire UE-SR07 (SCOUT LIGHT REMOTE SWITCH)"},"content":{"rendered":"<p>\nIs-SureFire UE-SR07 SCOUT LIGHT REMOTE SWITCH joffri:<\/p>\n<ul>\n<li>Swi\u010b\u010b remot SR07 li jipplaggjaw b&#8217;pad momentarju u swi\u010b\u010b on\/off li tikklikkja<\/li>\n<li>Kaxxa kompatibbli ma&#8217; MIL-STD-1913<\/li>\n<li>Pad tal-pressjoni te\u0127el fuq linji Picatinny<\/li>\n<li>Karatteristika ta&#8217; di\u017cattivazzjoni tas-sistema<\/li>\n<li>Awtorit\u00e0 s\u0127i\u0127a ta&#8217; swi\u010b\u010bjar b&#8217;UE tailcap<\/li>\n<\/ul>\n","protected":false},"excerpt":{"rendered":"<p>Swi\u010b\u010b remot g\u0127al SureFire Scout Light: Kontroll momentarju u kostanti.<\/p>\n","protected":false},"featured_media":67392,"template":"","meta":{"_acf_changed":false},"product_brand":[11878],"product_cat":[369],"product_tag":[],"class_list":{"0":"post-67391","1":"product","2":"type-product","3":"status-publish","4":"has-post-thumbnail","6":"product_brand-surefire","7":"product_cat-uncategorized","9":"first","10":"outofstock","11":"taxable","12":"shipping-taxable","13":"product-type-variable","14":"wvs-archive-product-wrapper"},"acf":[],"_links":{"self":[{"href":"https:\/\/nbg.eu\/mt\/wp-json\/wp\/v2\/product\/67391","targetHints":{"allow":["GET"]}}],"collection":[{"href":"https:\/\/nbg.eu\/mt\/wp-json\/wp\/v2\/product"}],"about":[{"href":"https:\/\/nbg.eu\/mt\/wp-json\/wp\/v2\/types\/product"}],"wp:featuredmedia":[{"embeddable":true,"href":"https:\/\/nbg.eu\/mt\/wp-json\/wp\/v2\/media\/67392"}],"wp:attachment":[{"href":"https:\/\/nbg.eu\/mt\/wp-json\/wp\/v2\/media?parent=67391"}],"wp:term":[{"taxonomy":"product_brand","embeddable":true,"href":"https:\/\/nbg.eu\/mt\/wp-json\/wp\/v2\/product_brand?post=67391"},{"taxonomy":"product_cat","embeddable":true,"href":"https:\/\/nbg.eu\/mt\/wp-json\/wp\/v2\/product_cat?post=67391"},{"taxonomy":"product_tag","embeddable":true,"href":"https:\/\/nbg.eu\/mt\/wp-json\/wp\/v2\/product_tag?post=67391"}],"curies":[{"name":"wp","href":"https:\/\/api.w.org\/{rel}","templated":true}]}}