{"id":673975,"date":"2025-11-17T17:25:01","date_gmt":"2025-11-17T14:25:01","guid":{"rendered":"https:\/\/nbg.eu\/product\/sirk-tal-hrara-nocpix-slim-l35\/"},"modified":"2026-04-14T16:09:00","modified_gmt":"2026-04-14T13:09:00","slug":"sirk-tal-hrara-nocpix-slim-l35","status":"publish","type":"product","link":"https:\/\/nbg.eu\/mt\/product\/sirk-tal-hrara-nocpix-slim-l35\/","title":{"rendered":"Nocpix Mira Termali Slim L35"},"content":{"rendered":"<h2>Thermal Sight Nocpix Slim L35: Prestazzjoni Ming\u0127ajr Paragun G\u0127all-Ka\u010b\u010ba<\/h2>\n<p>Qed ni\u0121bdu l-attenzjoni tieg\u0127ek lejn il-kikkra tal-arma SLIM: monokulari portatili 2-f&#8217;1 jew kikkra 3.5x (L35). Ag\u0127\u017cel bejn \u017cew\u0121 qalbi ta&#8217; prestazzjoni g\u0127olja, gawdi minn displej OLED 1024&#215;768, u bbenefikka minn batterija 18650 li tista&#8217; tinbidel g\u0127al 10 sig\u0127at ta&#8217; ener\u0121ija. Okkupa kull mument b&#8217;rekordar ta&#8217; impatt, biex ti\u017cgura li l-ebda qafas ma ji\u0121i mitluf.<\/p>\n<p>Ibdel bejn vi\u017cta manwali u ottika ming\u0127ajr ma ter\u0121a&#8217; tikkalibbra, grazzi g\u0127ad-disinn 2-f&#8217;1 b&#8217;munta\u0121\u0121 QD. Gawdi minn titjib fil-vista ming\u0127ajr g\u0127eja b&#8217;displej AMOLED 1024&#215;768, disinnju \u0121did tal-g\u0127ajnejn, u dijametru tal-pupilla ta&#8217; \u0127ru\u0121 komdu ta&#8217; 10 mm. Li ji\u017cen biss 500g, dan id-disinn ultrale\u0121\u0121er jag\u0127mel l-u\u017cu esti\u017c fa\u010bli, biex i\u017commok a\u0121li fil-qasam.<\/p>\n<p>G\u0127a\u017cliet prin\u010bipali ta&#8217; prestazzjoni g\u0127olja &#8211; 384\u00d7288@12\u03bcm jew 640\u00d7512@12\u03bcm, NETD\u226418 mK jipprovdu kwalit\u00e0 tal-imma\u0121ni ming\u0127ajr paragun, li ti\u017cgura li kull dettall ji\u0121i rrekordjat b&#8217;\u010barezza mill-akbar, irrispettivament mill-kundizzjonijiet tal-ka\u010b\u010ba. Bl-addizzjoni tal-qawwa tat-teknolo\u0121ija Reality+, Slim jikseb kwalit\u00e0 tal-imma\u0121ni li taqbe\u017c marki o\u0127rajn b&#8217;sensuri fl-istess klassi.<\/p>\n<p>Qatt ma titlef tir bil-funzjoni RAV, li t\u0127allieq ter\u0121a&#8217; tara u taqsam il-mument e\u010b\u010bitanti tal-ka\u010b\u010ba tieg\u0127ek. Kompli l-ka\u010b\u010ba b&#8217;batterija 18650 li tista&#8217; tinbidel, re\u017cistenti g\u0127at-temperatura baxxa, li toffri sa 8 sig\u0127at ta&#8217; \u0127in ta&#8217; stennija, anke f&#8217;kundizzjonijiet estremi. B&#8217;magnifikazzjoni primarja ta&#8217; 3.5x, SLIM L35 huwa l-g\u0127a\u017cla tieg\u0127ek g\u0127all-ka\u010b\u010ba fuq distanza twila, biex tag\u0127mel il-ka\u010b\u010ba tal-coyote aktar pre\u010bi\u017ca u effettiva.<\/p>\n","protected":false},"excerpt":{"rendered":"<p>Il-kamera tal-firxa SLIM: MONOCULAR tal-idejn 2 f&#8217;1 jew firxa 3.5x (L35) b&#8217;OLED 1024\u00d7768, batterija 18650, re\u0121istrazzjoni tal-impatt, sensur termali, u flessibbilt\u00e0 ta&#8217; bdil malajr.<\/p>\n","protected":false},"featured_media":674526,"template":"","meta":{"_acf_changed":false},"product_brand":[14451],"product_cat":[16088],"product_tag":[],"class_list":{"0":"post-673975","1":"product","2":"type-product","3":"status-publish","4":"has-post-thumbnail","6":"product_brand-nocpix","7":"product_cat-thermal-cameras-mt","9":"first","10":"instock","11":"taxable","12":"shipping-taxable","13":"purchasable","14":"product-type-simple"},"acf":[],"_links":{"self":[{"href":"https:\/\/nbg.eu\/mt\/wp-json\/wp\/v2\/product\/673975","targetHints":{"allow":["GET"]}}],"collection":[{"href":"https:\/\/nbg.eu\/mt\/wp-json\/wp\/v2\/product"}],"about":[{"href":"https:\/\/nbg.eu\/mt\/wp-json\/wp\/v2\/types\/product"}],"wp:featuredmedia":[{"embeddable":true,"href":"https:\/\/nbg.eu\/mt\/wp-json\/wp\/v2\/media\/674526"}],"wp:attachment":[{"href":"https:\/\/nbg.eu\/mt\/wp-json\/wp\/v2\/media?parent=673975"}],"wp:term":[{"taxonomy":"product_brand","embeddable":true,"href":"https:\/\/nbg.eu\/mt\/wp-json\/wp\/v2\/product_brand?post=673975"},{"taxonomy":"product_cat","embeddable":true,"href":"https:\/\/nbg.eu\/mt\/wp-json\/wp\/v2\/product_cat?post=673975"},{"taxonomy":"product_tag","embeddable":true,"href":"https:\/\/nbg.eu\/mt\/wp-json\/wp\/v2\/product_tag?post=673975"}],"curies":[{"name":"wp","href":"https:\/\/api.w.org\/{rel}","templated":true}]}}