{"id":674763,"date":"2025-11-17T17:25:02","date_gmt":"2025-11-17T14:25:02","guid":{"rendered":"https:\/\/nbg.eu\/product\/thermal-sight-nocpix-slim-h35\/"},"modified":"2026-04-14T16:08:56","modified_gmt":"2026-04-14T13:08:56","slug":"thermal-sight-nocpix-slim-h35","status":"publish","type":"product","link":"https:\/\/nbg.eu\/mt\/product\/thermal-sight-nocpix-slim-h35\/","title":{"rendered":"Nocpix Mira Termali Slim H35"},"content":{"rendered":"<h2>Nocpix Slim H35 &#8211; Thermal Sight Ultralivell bil-Kwalit\u00e0 tal-Imma\u0121ni Kbira<\/h2>\n<p>Qed nressqu l-firxa tar-riflessi SLIM: MONOCULAR mi\u017cmuma fil-id jew skop ta&#8217; 3.5x (L35). Ag\u0127\u017cel bejn \u017cew\u0121 qalbi g\u0127oli-prestazzjoni, gawdi display OLED 1024&#215;768, u bbenefikaw minn batterija 18650 sostitwibbli g\u0127al 10 sig\u0127at ta&#8217; ener\u0121ija. Ikkaptira kull mument b&#8217;rekordings ta&#8217; l-impatt, biex ti\u017cgura li l-ebda qafas ma jintilef.<\/p>\n<p>Gawdi mill-vi\u017cjoni bla g\u0127eja b&#8217;display AMOLED 1024&#215;768, disinn \u0121did tal-bi\u010b\u010ba tal-g\u0127ajn, u dijametru tal-pupilla \u0127ar\u0121a ta&#8217; 10mm komdu.<\/p>\n<p>Li j\u017cewwe\u0121 biss 500g, dan id-disinn ultralivell jag\u0127milha fa\u010bli biex tintu\u017ca g\u0127al \u017cmien twil, u \u017c\u017commi agili fil-qasam.<\/p>\n<p>G\u0127a\u017cliet prin\u010bipali ta&#8217; prestazzjoni g\u0127olja\u2014384\u00d7288@12\u03bcm jew 640\u00d7512@12\u03bcm, NETD\u226418 mK jipprovdu kwalit\u00e0 tal-imma\u0121ni bla pariri, biex ti\u017cgura li kull dettall jinqabad b&#8217;\u010barezza kbira, irrispettivament mi\u010b-\u010birkostanzi tal-ka\u010b\u010ba. Bl-ener\u0121ija mi\u017cjuda tat-teknolo\u0121ija Reality+, Slim jikseb kwalit\u00e0 tal-imma\u0121ni li jaqbe\u017c marki o\u0127ra b&#8217;sensuri fl-istess klassi.<\/p>\n<p>Qatt ma titlef xi tir bil-karatteristika RAV, li t\u0127alli tg\u0127ix mill-\u0121did u taqsam il-mumentijiet e\u010bitanti tal-ka\u010b\u010ba tieg\u0127ek.<\/p>\n<p>Kompli tikka\u010b\u010ba b&#8217;batterija 18650 tne\u0127\u0127iha, re\u017cistenti g\u0127at-temperatura baxxa li toffri sa 8 sig\u0127at ta&#8217; \u0127in fil-waqfa, anke f&#8217;kundizzjonijiet estremi. G\u0127andu wkoll port tal-\u0127ar\u0121a manjetiku biex jitg\u0127abba mill-\u0121did, anke fid-dlam s\u0127i\u0127.<\/p>\n","protected":false},"excerpt":{"rendered":"<p>S\u0127ana Sight Nocpix Slim H35: monocular\/3.5x scope b&#8217;2-in-1 bi 1024\u00d7768 OLED, batterija 18650, re\u0121istrazzjoni tal-impatt.<\/p>\n<p>Jekk l-o\u0121\u0121ett mhux disponibbli, jekk jog\u0127\u0121bok ikkuntattjana: shop@nbg.eu jew +359896147790<\/p>\n","protected":false},"featured_media":674776,"template":"","meta":{"_acf_changed":false},"product_brand":[14451],"product_cat":[16088],"product_tag":[],"class_list":{"0":"post-674763","1":"product","2":"type-product","3":"status-publish","4":"has-post-thumbnail","6":"product_brand-nocpix","7":"product_cat-thermal-cameras-mt","9":"first","10":"instock","11":"taxable","12":"shipping-taxable","13":"purchasable","14":"product-type-simple"},"acf":[],"_links":{"self":[{"href":"https:\/\/nbg.eu\/mt\/wp-json\/wp\/v2\/product\/674763","targetHints":{"allow":["GET"]}}],"collection":[{"href":"https:\/\/nbg.eu\/mt\/wp-json\/wp\/v2\/product"}],"about":[{"href":"https:\/\/nbg.eu\/mt\/wp-json\/wp\/v2\/types\/product"}],"wp:featuredmedia":[{"embeddable":true,"href":"https:\/\/nbg.eu\/mt\/wp-json\/wp\/v2\/media\/674776"}],"wp:attachment":[{"href":"https:\/\/nbg.eu\/mt\/wp-json\/wp\/v2\/media?parent=674763"}],"wp:term":[{"taxonomy":"product_brand","embeddable":true,"href":"https:\/\/nbg.eu\/mt\/wp-json\/wp\/v2\/product_brand?post=674763"},{"taxonomy":"product_cat","embeddable":true,"href":"https:\/\/nbg.eu\/mt\/wp-json\/wp\/v2\/product_cat?post=674763"},{"taxonomy":"product_tag","embeddable":true,"href":"https:\/\/nbg.eu\/mt\/wp-json\/wp\/v2\/product_tag?post=674763"}],"curies":[{"name":"wp","href":"https:\/\/api.w.org\/{rel}","templated":true}]}}