{"id":67477,"date":"2024-01-13T12:03:58","date_gmt":"2024-01-13T12:03:58","guid":{"rendered":"https:\/\/nbg.eu\/product\/surefire-ds00\/"},"modified":"2026-01-21T11:55:17","modified_gmt":"2026-01-21T08:55:17","slug":"surefire-ds00","status":"publish","type":"product","link":"https:\/\/nbg.eu\/mt\/product\/surefire-ds00\/","title":{"rendered":"SureFire DS00"},"content":{"rendered":"<p>\nIs-SureFire DS00 huwa switch assembly li jista&#8217; jintu\u017ca g\u0127all-bi\u010b\u010ba l-kbira tal-Scout Light\u00ae WeaponLights. Karatteristi\u010bi:<\/p>\n<ul>\n<li>T\u0127addim indipendenti ta&#8217; swi\u010b\u010b integrat u remot<\/li>\n<li>Kompatibbilt\u00e0 ma&#8217; diversi swi\u010b\u010bijiet remoti tat-tape ta&#8217; SureFire<\/li>\n<li>Swi\u010b\u010b tal-buttuna li tixg\u0127el u titfi<\/li>\n<li>Funzjoni ta&#8217; di\u017cattivazzjoni tas-sistema<\/li>\n<li>Ridondanza ta&#8217; swi\u010b\u010b g\u0127all-affidabbilt\u00e0<\/li>\n<\/ul>\n<p>\u017bid il-funzjonalit\u00e0 tal-WeaponLight tieg\u0127ek bis-DS00 (Mhux kompatibbli mal-Micro Scout Light Pro).<\/p>\n","protected":false},"excerpt":{"rendered":"<p>Swi\u010b\u010b versatili g\u0127al SureFire WeaponLights b&#8217;\u017cew\u0121 modi ta&#8217; operazzjoni.<\/p>\n","protected":false},"featured_media":67478,"template":"","meta":{"_acf_changed":false},"product_brand":[11878],"product_cat":[14110,14088,14863],"product_tag":[],"class_list":{"0":"post-67477","1":"product","2":"type-product","3":"status-publish","4":"has-post-thumbnail","6":"product_brand-surefire","7":"product_cat-accessorji-tad-dawl","8":"product_cat-dwal","9":"product_cat-dwal-tar-rifle","11":"first","12":"instock","13":"taxable","14":"shipping-taxable","15":"purchasable","16":"product-type-variable","17":"wvs-archive-product-wrapper"},"acf":[],"_links":{"self":[{"href":"https:\/\/nbg.eu\/mt\/wp-json\/wp\/v2\/product\/67477","targetHints":{"allow":["GET"]}}],"collection":[{"href":"https:\/\/nbg.eu\/mt\/wp-json\/wp\/v2\/product"}],"about":[{"href":"https:\/\/nbg.eu\/mt\/wp-json\/wp\/v2\/types\/product"}],"wp:featuredmedia":[{"embeddable":true,"href":"https:\/\/nbg.eu\/mt\/wp-json\/wp\/v2\/media\/67478"}],"wp:attachment":[{"href":"https:\/\/nbg.eu\/mt\/wp-json\/wp\/v2\/media?parent=67477"}],"wp:term":[{"taxonomy":"product_brand","embeddable":true,"href":"https:\/\/nbg.eu\/mt\/wp-json\/wp\/v2\/product_brand?post=67477"},{"taxonomy":"product_cat","embeddable":true,"href":"https:\/\/nbg.eu\/mt\/wp-json\/wp\/v2\/product_cat?post=67477"},{"taxonomy":"product_tag","embeddable":true,"href":"https:\/\/nbg.eu\/mt\/wp-json\/wp\/v2\/product_tag?post=67477"}],"curies":[{"name":"wp","href":"https:\/\/api.w.org\/{rel}","templated":true}]}}