{"id":67636,"date":"2024-01-13T11:48:33","date_gmt":"2024-01-13T11:48:33","guid":{"rendered":"https:\/\/nbg.eu\/product\/surefire-m340v-pro\/"},"modified":"2026-01-21T12:14:12","modified_gmt":"2026-01-21T09:14:12","slug":"surefire-m340v-pro","status":"publish","type":"product","link":"https:\/\/nbg.eu\/mt\/product\/surefire-m340v-pro\/","title":{"rendered":"SureFire M340V-PRO"},"content":{"rendered":"<div class=\"product-description\">\n<h2>Mini Scout Light Pro Infrared<\/h2>\n<p>Dan huwa dawl ta&#8217; \u010bellola wa\u0127da. Dan l-g\u0127odda ta&#8217; illuminazzjoni joffri:<\/p>\n<ul>\n<li>250 lumens ta&#8217; dawl abjad u 100 mW ta&#8217; output IR<\/li>\n<li>Mudell ta&#8217; ra\u0121\u0121 ibridu g\u0127al identifikazzjoni u g\u0127arfien tas-sitwazzjoni fuq medda medja sa twila<\/li>\n<li>Immuntar b&#8217;profil baxx \u0121did g\u0127al po\u017cizzjonament u kompatibbilt\u00e0 ta&#8217; a\u010b\u010bessorji<\/li>\n<li>Tibdil fa\u010bli bejn dawl abjad, di\u017cattivazzjoni, u infra\u0127mar<\/li>\n<li>Kostruzzjoni ta&#8217; aluminju aerospazjali b&#8217;anodizzazzjoni iebsa skont l-ispe\u010bifikazzjonijiet militari<\/li>\n<li>Ja\u0127dem b&#8217;batterija wa\u0127da tal-litju 123A<\/li>\n<li>Kompatibbli ma&#8217; linji MIL-STD-1913 u M-LOK<\/li>\n<\/ul>\n<p>Mibni biex jifla\u0127 g\u0127al kundizzjonijiet diffi\u010bli, dan id-dawl kompatt huwa utli f&#8217;sitwazzjonijiet b&#8217;dawl baxx.<\/p>\n<\/div>\n","protected":false},"excerpt":{"rendered":"<p>Dawl tattiku kompatt b&#8217;250 lumen abjad u output IR ta&#8217; 100 mW.<\/p>\n","protected":false},"featured_media":67637,"template":"","meta":{"_acf_changed":false},"product_brand":[11878],"product_cat":[14088,14863,14158],"product_tag":[],"class_list":{"0":"post-67636","1":"product","2":"type-product","3":"status-publish","4":"has-post-thumbnail","6":"product_brand-surefire","7":"product_cat-dwal","8":"product_cat-dwal-tar-rifle","9":"product_cat-rifle","11":"first","12":"instock","13":"taxable","14":"shipping-taxable","15":"purchasable","16":"product-type-simple"},"acf":[],"_links":{"self":[{"href":"https:\/\/nbg.eu\/mt\/wp-json\/wp\/v2\/product\/67636","targetHints":{"allow":["GET"]}}],"collection":[{"href":"https:\/\/nbg.eu\/mt\/wp-json\/wp\/v2\/product"}],"about":[{"href":"https:\/\/nbg.eu\/mt\/wp-json\/wp\/v2\/types\/product"}],"wp:featuredmedia":[{"embeddable":true,"href":"https:\/\/nbg.eu\/mt\/wp-json\/wp\/v2\/media\/67637"}],"wp:attachment":[{"href":"https:\/\/nbg.eu\/mt\/wp-json\/wp\/v2\/media?parent=67636"}],"wp:term":[{"taxonomy":"product_brand","embeddable":true,"href":"https:\/\/nbg.eu\/mt\/wp-json\/wp\/v2\/product_brand?post=67636"},{"taxonomy":"product_cat","embeddable":true,"href":"https:\/\/nbg.eu\/mt\/wp-json\/wp\/v2\/product_cat?post=67636"},{"taxonomy":"product_tag","embeddable":true,"href":"https:\/\/nbg.eu\/mt\/wp-json\/wp\/v2\/product_tag?post=67636"}],"curies":[{"name":"wp","href":"https:\/\/api.w.org\/{rel}","templated":true}]}}