{"id":676616,"date":"2025-11-17T17:25:14","date_gmt":"2025-11-17T14:25:14","guid":{"rendered":"https:\/\/nbg.eu\/product\/riha-termika-nocpix-rico-2-s75r\/"},"modified":"2026-04-14T16:08:53","modified_gmt":"2026-04-14T13:08:53","slug":"riha-termika-nocpix-rico-2-s75r","status":"publish","type":"product","link":"https:\/\/nbg.eu\/mt\/product\/riha-termika-nocpix-rico-2-s75r\/","title":{"rendered":"Nocpix Mira Termali Rico 2 S75R"},"content":{"rendered":"<h2>Nocpix Rico 2 S75R: Perfezzjoni g\u0127all-Ka\u010b\u010ba mill-Bog\u0127od<\/h2>\n<p>Is-serje tal-iskope\u010b tal-imma\u0121ni termali Nocpix RICO 2 S75R hija ddisinjata g\u0127all-ka\u010b\u010baturi li jitolbu l-a\u0127jar fl-ikkjarifika, ir-radju u l-kumdit\u00e0. Iddisinjata b&#8217;sensur termali mexxej fl-industrija u rata g\u0127olja tal-qafas, din toffri kwalit\u00e0 tal-imma\u0121ni ultra-superjuri li tag\u0127mel l-identifikazzjoni u l-insegwiment tat-target sempli\u010bi. Il-lunzier twil u l-LRF inkorporat ji\u017cguraw li inti tista&#8217; tqabbad miri mbieg\u0127da b&#8217;mod pre\u010bi\u017c, filwaqt li d-disinn ottiku avvanzat i\u0121ib esperjenza ta&#8217; \u0127arsien ming\u0127ajr distorsjoni. B&#8217;leva ta\u017c-zoom bla ftehim u rekord e\u010b\u010bezzjonali tal-g\u0127ajnejn, is-serje Nocpix RICO 2 S75R tippermetti lill-ka\u010b\u010baturi jirregolaw il-mag\u0127luba b&#8217;mod effortless u j\u0127ossuhom kuntenti matul il-ka\u010b\u010bi itwal. B&#8217;teknolo\u0121iji innovattivi u disinn imfokkat fuq l-utent, is-serje Nocpix RICO 2 S75R tippermettik tikkac\u010ba lil hinn mill-limiti ta&#8217; dak li hu possibbli.<\/p>\n<h2>Prestazzjoni all&#8217;avanguardia<\/h2>\n<p>Ibbenefika mis-sensor tal-\u0121enerazzjoni t-tieni 12\u03bcm@60Hz, b&#8217;NETD \u226415mK, g\u0127al imma\u0121ni b&#8217;kontrastu g\u0127oli u skjetti, u identifikazzjoni mtejba tat-target. In-Nocpix RICO 2 S75R huwa mg\u0127ammar b&#8217;lenti o\u0121\u0121ettiva akbar (75 mm\/F1.0, 50 mm\/F1.0, 42 mm\/F1.0), li joffru kapa\u010bitajiet mtejba ta&#8217; \u0121bir ta&#8217; dawl g\u0127al ikkjarifika tal-imma\u0121ni e\u010b\u010bezzjonali u medda estensiva ta&#8217; detezzjoni. Is-serje RICO 2 tippermettik tirregola l-mag\u0127luba b&#8217;mod effortless permezz ta&#8217; leva ta\u017c-zoom bla ftehim LPVO-stil, li jipprovdi a\u0121\u0121ustamenti rapidi u ming\u0127ajr tlajjir biex tinstalla b&#8217;fidu\u010bja l-miri f&#8217;kull medda b&#8217;pre\u010bi\u017cjoni. Is-serje RICO 2 tg\u0127ajjat b&#8217;medda ta&#8217; detezzjoni impressjonanti sa 3896 m, li tipprovdilek vanta\u0121\u0121 sinifikanti fil-ka\u010b\u010ba mill-bog\u0127od u fil-punte\u0121\u0121 pre\u010bi\u017c.<\/p>\n<h2>Mmira Flessibbli u Pre\u010bi\u017ca<\/h2>\n<p>In-Nocpix RICO 2 S75R huwa mg\u0127ammar b&#8217;LRF inkorporat, li joffri detezzjoni bil-laser sa 1200m bl-allineament veru tal-assi ottiku, li ji\u017cgura kejl pre\u010bi\u017c tal-medda filwaqt li j\u017comm disinn eleganti u sleek. Ikseb il-po\u017cizzjoni tal-qotg\u0127a tieg\u0127ek b&#8217;pre\u010bi\u017cjoni b&#8217;kalkolu balistiku awtomatiku, billi tu\u017ca l-LRF inkorporat biex twassal b&#8217;mod effortless \u0127its pre\u010bi\u017ci fuq distanzi twal.<\/p>\n<h2>\u0126arsa \u010aara u Komda \u0127afna<\/h2>\n<p>Id-display OLED 1.03&#8243; 2560&#215;2560 (S75R), l-okulari ming\u0127ajr distorsjoni, 70mm ir-relief tal-g\u0127ajn u 23mm il-pupilla tal-\u0127ru\u0121 jipprovdu \u0127arsa skjetta u komda g\u0127al sessjonijiet esti\u017ci. Il-mudell S75R huwa mg\u0127ammar b&#8217;distanza bla pre\u010bedent ta&#8217; 70mm, li jipprovdi l-og\u0127la livell ta&#8217; kumdit\u00e0 g\u0127all-u\u017cu fit-tul ming\u0127ajr strapazz tal-g\u0127ajnejn u ji\u017cgura s-sigurt\u00e0 tal-g\u0127ajnejn.<\/p>\n","protected":false},"excerpt":{"rendered":"<p>Sensur \u0121enerazzjoni ta&#8217; sekonda 1280\u00d71024 avvanzata, LRF integrata flessibbli u pre\u010bi\u017ca, vi\u017cjoni \u010bara u komda \u0127afna, distanza okulari sigura u komda. Nocpix Rico 2 S75R &#8211; espert f&#8217;tir b&#8217;firxa twila.<\/p>\n","protected":false},"featured_media":676819,"template":"","meta":{"_acf_changed":false},"product_brand":[14451],"product_cat":[16088],"product_tag":[],"class_list":{"0":"post-676616","1":"product","2":"type-product","3":"status-publish","4":"has-post-thumbnail","6":"product_brand-nocpix","7":"product_cat-thermal-cameras-mt","9":"first","10":"instock","11":"taxable","12":"shipping-taxable","13":"purchasable","14":"product-type-simple"},"acf":[],"_links":{"self":[{"href":"https:\/\/nbg.eu\/mt\/wp-json\/wp\/v2\/product\/676616","targetHints":{"allow":["GET"]}}],"collection":[{"href":"https:\/\/nbg.eu\/mt\/wp-json\/wp\/v2\/product"}],"about":[{"href":"https:\/\/nbg.eu\/mt\/wp-json\/wp\/v2\/types\/product"}],"wp:featuredmedia":[{"embeddable":true,"href":"https:\/\/nbg.eu\/mt\/wp-json\/wp\/v2\/media\/676819"}],"wp:attachment":[{"href":"https:\/\/nbg.eu\/mt\/wp-json\/wp\/v2\/media?parent=676616"}],"wp:term":[{"taxonomy":"product_brand","embeddable":true,"href":"https:\/\/nbg.eu\/mt\/wp-json\/wp\/v2\/product_brand?post=676616"},{"taxonomy":"product_cat","embeddable":true,"href":"https:\/\/nbg.eu\/mt\/wp-json\/wp\/v2\/product_cat?post=676616"},{"taxonomy":"product_tag","embeddable":true,"href":"https:\/\/nbg.eu\/mt\/wp-json\/wp\/v2\/product_tag?post=676616"}],"curies":[{"name":"wp","href":"https:\/\/api.w.org\/{rel}","templated":true}]}}