{"id":676849,"date":"2025-11-17T17:25:15","date_gmt":"2025-11-17T14:25:15","guid":{"rendered":"https:\/\/nbg.eu\/product\/vizjoni-termali-nocpix-rico-2-h75r\/"},"modified":"2026-04-14T16:08:50","modified_gmt":"2026-04-14T13:08:50","slug":"vizjoni-termali-nocpix-rico-2-h75r","status":"publish","type":"product","link":"https:\/\/nbg.eu\/mt\/product\/vizjoni-termali-nocpix-rico-2-h75r\/","title":{"rendered":"Nocpix Mira Termali Rico 2 H75R"},"content":{"rendered":"<h2>Nocpix Rico 2 H75R: Perfezzjoni fil-Qbid mill-Bog\u0127od<\/h2>\n<p>Is-serje ta&#8217; skopji termi\u010bi Nocpix RICO 2 H75R hija ddisinjata g\u0127all-ka\u010b\u010baturi li jitolbu l-a\u0127jar fi traspirazzjoni, firxa, u kumdit\u00e0. B&#8217;sensur termi\u010bi tas-suq mexxej u rata g\u0127olja tal-qafas, din toffri kwalit\u00e0 tal-immagini ultra-superjuri li tag\u0127mel l-identifikazzjoni u t-tra\u010b\u010bar tal-mira fa\u010bli. Il-lunzier tag\u0127ha fit-tul u l-LRF integrat jassiguraw li inti tista&#8217; tqabbad miri &#8216;l bog\u0127od b&#8217;mod pre\u010bi\u017c, filwaqt li d-disinn ottiku avvanzat joffri esperjenza ta&#8217; titjira bla distorsjoni. Bi leva ta\u017c-zoom ming\u0127ajr pass u ti\u0121rif e\u010b\u010bezzjonali tal-g\u0127ajn, is-serje Nocpix RICO 2 H75R tippermetti lill-ka\u010b\u010baturi jirregolaw b&#8217;mod fa\u010bli l-ma\u0121nifikazzjoni u j\u0127ossuhom komdi matul ka\u010b\u010ba mituma. It-teknolo\u0121iji innovattivi u d-disinn \u010bentrali tal-utent jag\u0127mlu s-serje Nocpix RICO 2 H75R il-qu\u010b\u010bata tal-prestazzjoni tal-ka\u010b\u010ba mill-bog\u0127od.<\/p>\n<h2>Immaging Termiku Avvanzat<\/h2>\n<p>\u0126u vanta\u0121\u0121 mis-sensur \u0121did tal-\u0121enerazzjoni ta&#8217; 640@12\u03bcm@60Hz, it-tnejn b&#8217;NETD \u226415mK, g\u0127al ime\u0121\u0121i b&#8217;kontrast g\u0127oli u kkjarifikat a\u0127jar tal-mira.<\/p>\n<h2>I\u010b-\u010aarezza Mtejba b&#8217;Lenti Akbar<\/h2>\n<p>Nocpix RICO 2 H75R huwa mg\u0127ammar b&#8217;lenti tal-o\u0121\u0121ettiv akbar (75 mm\/F1.0, 50 mm\/F1.0, 42 mm\/F1.0), li joffru kapa\u010bitajiet mtejba tal-\u0121bir tad-dawl g\u0127al \u010barezza e\u010b\u010bezzjonali tal-immagni u firxa esti\u017ca ta&#8217; rilevament.<\/p>\n<h2>A\u0121\u0121ustamenti ta&#8217; Ma\u0121nifikazzjoni Fa\u010bli<\/h2>\n<p>Is-serje RICO 2 tippermettik ta\u0121\u0121usta b&#8217;mod pre\u010bi\u017c il-ma\u0121nifikazzjoni tieg\u0127ek b&#8217;leva ta\u017c-zoom ming\u0127ajr pass, li tipprovdi a\u0121\u0121ustamenti rapidi u bla problemi biex tie\u0127u mira b&#8217;pre\u010bi\u017cjoni fuq miri fil-bog\u0127od.<\/p>\n<h2>Imwieled g\u0127all-Ka\u010b\u010ba mill-Bog\u0127od<\/h2>\n<p>Is-serje RICO 2 tg\u0127allem firxa ta&#8217; rilevament ta&#8217; sa 3896 m, li toffrilek vanta\u0121\u0121 sinifikanti fil-ka\u010b\u010ba mill-bog\u0127od u fil-mira pre\u010bi\u017ca.<\/p>\n<h2>LRF Integrat Flessibbli u Pre\u010bi\u017c<\/h2>\n<p>Nocpix RICO 2 H75R huwa mg\u0127ammar b&#8217;LRF integrat, li joffri rilevament tal-laser f&#8217;firxa ta&#8217; sa 1200m b&#8217;allinjament veru tal-assi otti\u010bi, li ji\u017cgura kejl pre\u010bi\u017c tal-firxa waqt li j\u017comm disinn elegant u sfin\u0121ejni.<\/p>\n<h2>Kalkulazzjonijiet Balisti\u010bi Mtejba<\/h2>\n<p>Iffranka l-po\u017cizzjonament tal-qabda tieg\u0127ek b&#8217;kalkulazzjonijiet ballisti\u010bi awtomati\u010bi, billi tu\u017ca l-LRF integrat biex taqbad tg\u0127abbi pre\u010bi\u017cjoni fil-bog\u0127od.<\/p>\n<h2>Titjira \u010aara u Komda<\/h2>\n<p>Displej OLED 1.03&#8243; 2560\u00d72560 (S75R), lenti tal-g\u0127ajn ming\u0127ajr distorsjoni, ti\u0121rif tal-g\u0127ajn ta&#8217; 70mm u pupilla ta&#8217; 23mm jo\u0127olqu titjira kkjarifikata u komda g\u0127al sessjonijiet esti\u017ci.<\/p>\n<h2>Sigurt\u00e0 u Kumdit\u00e0<\/h2>\n<p>Il-mudell H75R huwa mg\u0127ammar b&#8217;distanza ming\u0127ajr pre\u010bedent ta&#8217; 70mm, li tipprovdi l-massimu ta&#8217; kumdit\u00e0 g\u0127al u\u017cu fit-tul ming\u0127ajr sfurzar tal-g\u0127ajn u ti\u017cgura s-sigurt\u00e0 tal-g\u0127ajn.<\/p>\n","protected":false},"excerpt":{"rendered":"<p>Nocpix Rico 2 H75R &#8211; Espert tal-isparar b&#8217;firxa twila b&#8217;sensur ta&#8217; 640&#215;512, 60Hz, LRF integrat, u zoom kontinwu.<\/p>\n<p>Jekk l-o\u0121\u0121ett ma jkunx disponibbli, jekk jog\u0127\u0121bok ikkuntattjana: shop@nbg.eu jew +359896147790<\/p>\n","protected":false},"featured_media":676892,"template":"","meta":{"_acf_changed":false},"product_brand":[14451],"product_cat":[16088],"product_tag":[],"class_list":{"0":"post-676849","1":"product","2":"type-product","3":"status-publish","4":"has-post-thumbnail","6":"product_brand-nocpix","7":"product_cat-thermal-cameras-mt","9":"first","10":"instock","11":"taxable","12":"shipping-taxable","13":"purchasable","14":"product-type-simple"},"acf":[],"_links":{"self":[{"href":"https:\/\/nbg.eu\/mt\/wp-json\/wp\/v2\/product\/676849","targetHints":{"allow":["GET"]}}],"collection":[{"href":"https:\/\/nbg.eu\/mt\/wp-json\/wp\/v2\/product"}],"about":[{"href":"https:\/\/nbg.eu\/mt\/wp-json\/wp\/v2\/types\/product"}],"wp:featuredmedia":[{"embeddable":true,"href":"https:\/\/nbg.eu\/mt\/wp-json\/wp\/v2\/media\/676892"}],"wp:attachment":[{"href":"https:\/\/nbg.eu\/mt\/wp-json\/wp\/v2\/media?parent=676849"}],"wp:term":[{"taxonomy":"product_brand","embeddable":true,"href":"https:\/\/nbg.eu\/mt\/wp-json\/wp\/v2\/product_brand?post=676849"},{"taxonomy":"product_cat","embeddable":true,"href":"https:\/\/nbg.eu\/mt\/wp-json\/wp\/v2\/product_cat?post=676849"},{"taxonomy":"product_tag","embeddable":true,"href":"https:\/\/nbg.eu\/mt\/wp-json\/wp\/v2\/product_tag?post=676849"}],"curies":[{"name":"wp","href":"https:\/\/api.w.org\/{rel}","templated":true}]}}