{"id":676988,"date":"2025-11-17T17:25:28","date_gmt":"2025-11-17T14:25:28","guid":{"rendered":"https:\/\/nbg.eu\/product\/zvista-tas-shana-nocpix-ace-s60r-rail-zeiss\/"},"modified":"2026-04-14T17:21:25","modified_gmt":"2026-04-14T14:21:25","slug":"zvista-tas-shana-nocpix-ace-s60r-rail-zeiss","status":"publish","type":"product","link":"https:\/\/nbg.eu\/mt\/product\/zvista-tas-shana-nocpix-ace-s60r-rail-zeiss\/","title":{"rendered":"Nocpix Mira Termali ACE S60R ZEISS RAIL"},"content":{"rendered":"<h2>NocPix ACE S60R Thermal Scope<\/h2>\n<p>Il-NocPix ACE S60R Thermal Scope huwa strument \u0121did, ta&#8217; l-a\u0127\u0127ar teknolo\u0121ija, imfassal g\u0127all-ka\u010b\u010baturi elitarji li je\u0127tie\u0121u rendiment massimu fl-aktar ambjenti sfidanti. Bl-u\u017cu tat-teknolo\u0121ija ta&#8217; l-a\u0127\u0127ar u kostruzzjoni b&#8217;sa\u0127\u0127itha, dan il-po\u017cizzjoni termi\u010bi huwa mfassal biex jg\u0127inek tikkontrolla l-lejl u \u0121\u0121ieg\u0127el l-annimali selva\u0121\u0121i. Kemm jekk qed tiskenn g\u0127all-pri\u017ca fuq distanzi twal jew ti\u010b\u010ba\u0127\u0127ad miri li ji\u010b\u010baqalqu malajr, l-ACE S60R joffri \u010barezza, pre\u010bi\u017cjoni u affidabbilt\u00e0 bla pre\u010bedent.<\/p>\n<p>Fil-qalba ta&#8217; dan il-po\u017cizzjoni e\u010b\u010bezzjonali hemm sensur termi\u010bi HD Gen-2 b&#8217;ri\u017coluzzjoni impressjonanti ta&#8217; 1280&#215;1024 u NETD ultra-sensittiv ta&#8217; \u226415mK. Dan is-sensur ta&#8217; l-a\u0127\u0127ar \u0121enerazzjoni jippermetti lill-ACE S60R jidentifika anke l-i\u017cg\u0127ar tibdiliet fit-temperatura, u jipprovdi imma\u0121nijiet termi\u010bi \u010bari u dettaljati f&#8217;\u0127in reali. B&#8217;rata tal-qafas ta&#8217; 50 Hz, il-po\u017cizzjoni jipprovdi vi\u017cwali smoothy li j\u017commu mal-velo\u010bit\u00e0 tal-mira tieg\u0127ek, li jippermettik tippo\u017cizzjoni b&#8217;pre\u010bi\u017cjoni bla pre\u010bedent.<\/p>\n<p>In-NocPix ACE S60R jinkludi wkoll lenti ta&#8217; 60mm\/F1.0 li ji\u0121bor 20% aktar dawl minn po\u017cizzjonijiet standard, li jag\u0127tik imma\u0121nijiet i\u017cjed sabi\u0127a u \u010bari anke fil-kundizzjonijiet l-aktar mudlama. Id-detezzjoni tieg\u0127u fuq distanza twila sa 3100 metri tippermettielek tidnetifika u tikkontribwixxi lil miri mill-bog\u0127od b&#8217;vanta\u0121\u0121 kru\u010bjali g\u0127al ka\u010b\u010ba u sparar fuq distanzi twal. Flimkien mal-algoritmu ta&#8217; l-ippro\u010bessar ta&#8217; l-imma\u0121ni Reality+ proprjetarju ta&#8217; NocPix, l-ACE S60R jnaqqas b&#8217;mod drammatiku l-istorbju ambjentali, u jipprovdi imma\u0121nijiet \u0127er\u0121a, b&#8217;kontrast g\u0127oli kull darba.<\/p>\n<p>G\u0127al dawk li jridu i\u017cjed \u010barezza vi\u017cwali, l-ACE S60R huwa mg\u0127ammar bis-sistema Vision+. Id-display AMOLED \u010birkolari ta&#8217; 1.03-pulzieri 2560&#215;2560, flimkien mal-ma\u0121\u0121uri ta&#8217; l-okular industrijali, jipprovdi amplifikazzjoni ottika bla pre\u010bedent ming\u0127ajr taffija jew distorsjoni tipikament asso\u010bjata ma&#8217; \u017coom elettroniku. Din it-teknolo\u0121ija innovattiva ti\u017cgura li tgawdi minn vista \u010bara b\u0127al kristall u kamp vi\u017civ wiesg\u0127a, kemm jekk qed taqrob il-mira tieg\u0127ek jew qed tiskenn l-ambjent.<\/p>\n<p>Il-pre\u010bi\u017cjoni hija essenzjali meta jkollok x&#8217;taqsam mal-ka\u010b\u010ba, u l-ACE S60R ma jabbandunax. Il-Lazer Rangefinder (LRF) inkorporat joffri kejl pre\u010bi\u017c sa 1200 metri &#8216;l bog\u0127od. L-LRF huwa integrat bil-mod fid-disinn eleganti, li jin\u017camm fil-linja vertikali ottika vera filwaqt li jippermettik tikkalkula ra\u0121\u0121i pre\u010bi\u017ci ming\u0127ajr ma tiddisturba l-fokus. U bil-funzjonalit\u00e0 tal-kalkolazzjoni balistika inkorporata, l-ACE S60R ji\u017cgura li t-tiri tieg\u0127ek huma pre\u010bi\u017ci, billi jqis kull fattur g\u0127al pre\u010bi\u017cjoni perfetta.<\/p>\n<p>Imfassal g\u0127all-ka\u010b\u010baturi, in-NocPix ACE S60R g\u0127andu wkoll sistema doppja tal-batterija b&#8217;batterija inkorporata ta&#8217; 4000mAh u batterija 18650 li tista&#8217; tinqala&#8217; g\u0127al u\u017cu mtawwal fil-qasam. L-ebda aktar t\u0127assib dwar li tispi\u010b\u010ba l-ener\u0121ija fil-nofs tal-ka\u010b\u010ba &#8211; dan is-sistema huwa mfassal biex iddum daqs l-avventura tieg\u0127ek. Barra minn hekk, karatteristi\u010bi b\u0127al auto screen off, recoil-activated video recording, u disinn ming\u0127ajr g\u0127otja jag\u0127mlu minn dan il-po\u017cizzjoni termi\u010bi su\u0121\u0121ett li jbiddel il-log\u0127ba fil-qasam.<\/p>\n<p>Imfassal g\u0127all-aktar kundizzjonijiet g\u0127all-barra, l-ACE S60R huwa mag\u0127mul minn lega ta&#8217; aluminju b&#8217;sa\u0127\u0127a g\u0127olja, ittestjat b&#8217;mod \u0127erqan biex jittantaha xokk estremi u u\u017cu \u0127arri\u0121. Ikkuntrat g\u0127al IP67 g\u0127all-protezzjoni mill-ilma, jipperforma sewwa fix-xita, l-\u0127amrija u l-ambjenti sfidanti, li ji\u017cgura li l-po\u017cizzjoni tieg\u0127ek huwa daqskemm re\u017cistenti b\u0127all-istintti tieg\u0127ek tal-ka\u010b\u010ba.<\/p>\n<p>In-NocPix ACE S60R huwa aktar minn sempli\u010biment po\u017cizzjoni termi\u010bi &#8211; huwa l-aktar sie\u0127eb tal-ka\u010b\u010ba. B&#8217;teknolo\u0121ija ta&#8217; l-a\u0127\u0127ar, durabbilt\u00e0 e\u010b\u010bezzjonali, u firxa ta&#8217; karatteristi\u010bi avvanzati imfassla biex ittejjeb l-esperjenza tieg\u0127ek tal-ka\u010b\u010ba, dan il-po\u017cizzjoni se jer\u0121a&#8217; jiddefinixxi dak li tistenna mill-apparat tieg\u0127ek. Kun lest biex tikkontrolla l-lejl.<\/p>\n","protected":false},"excerpt":{"rendered":"<p>Il-Nocpix ACE S60R Thermal Scope huwa g\u0127odda avvanzata ma\u0127suba g\u0127all-ka\u010b\u010baturi ta&#8217; l-elite, b&#8217;teknolo\u0121ija avvanzata, kostruzzjoni robusta, u karatteristi\u010bi b\u0127al sensur termali HD ta&#8217; Gen-2, sistema Vision+, ra\u0121\u0121anittur tal-la\u017cer integrat, u sistema doppja tal-batterija g\u0127al prestazzjoni g\u0127olja f&#8217;ambjenti diffi\u010bli.<\/p>\n<p>Jekk l-o\u0121\u0121ett ma jkunx disponibbli, jekk jog\u0127\u0121bok ikkuntattjana: shop@nbg.eu jew +359896147790<\/p>\n","protected":false},"featured_media":677622,"template":"","meta":{"_acf_changed":false},"product_brand":[14451],"product_cat":[14129],"product_tag":[],"class_list":{"0":"post-676988","1":"product","2":"type-product","3":"status-publish","4":"has-post-thumbnail","6":"product_brand-nocpix","7":"product_cat-termali","9":"first","10":"instock","11":"taxable","12":"shipping-taxable","13":"purchasable","14":"product-type-simple"},"acf":[],"_links":{"self":[{"href":"https:\/\/nbg.eu\/mt\/wp-json\/wp\/v2\/product\/676988","targetHints":{"allow":["GET"]}}],"collection":[{"href":"https:\/\/nbg.eu\/mt\/wp-json\/wp\/v2\/product"}],"about":[{"href":"https:\/\/nbg.eu\/mt\/wp-json\/wp\/v2\/types\/product"}],"wp:featuredmedia":[{"embeddable":true,"href":"https:\/\/nbg.eu\/mt\/wp-json\/wp\/v2\/media\/677622"}],"wp:attachment":[{"href":"https:\/\/nbg.eu\/mt\/wp-json\/wp\/v2\/media?parent=676988"}],"wp:term":[{"taxonomy":"product_brand","embeddable":true,"href":"https:\/\/nbg.eu\/mt\/wp-json\/wp\/v2\/product_brand?post=676988"},{"taxonomy":"product_cat","embeddable":true,"href":"https:\/\/nbg.eu\/mt\/wp-json\/wp\/v2\/product_cat?post=676988"},{"taxonomy":"product_tag","embeddable":true,"href":"https:\/\/nbg.eu\/mt\/wp-json\/wp\/v2\/product_tag?post=676988"}],"curies":[{"name":"wp","href":"https:\/\/api.w.org\/{rel}","templated":true}]}}