{"id":677693,"date":"2025-11-17T17:25:33","date_gmt":"2025-11-17T14:25:33","guid":{"rendered":"https:\/\/nbg.eu\/product\/sirena-nocpix-ace-h50r-12um-640x512-15mk-netd\/"},"modified":"2026-04-14T16:08:43","modified_gmt":"2026-04-14T13:08:43","slug":"sirena-nocpix-ace-h50r-12um-640x512-15mk-netd","status":"publish","type":"product","link":"https:\/\/nbg.eu\/mt\/product\/sirena-nocpix-ace-h50r-12um-640x512-15mk-netd\/","title":{"rendered":"Nocpix Mira Termali ACE H50R"},"content":{"rendered":"<h2>NocPix ACE H50R Thermal Rifle Scope<\/h2>\n<p>Il-NocPix ACE H50R thermal riflescope jg\u0127aqdar teknolo\u0121ija avvanzata ma&#8217; durabbilt\u00e0 b&#8217;sa\u0127\u0127itha g\u0127al esperjenza tas-sajd bla pre\u010bedent. Jinkludi sensur termali b&#8217;ri\u017coluzzjoni ta&#8217; 640&#215;512 b&#8217;NETD ta&#8217; \u226412mK g\u0127al \u010barezza tal-imma\u0121ni e\u010b\u010bezzjonali, medda ta&#8217; detezzjoni ta&#8217; 3100 metri, u LRF integrat g\u0127al kejl pre\u010bi\u017c sa 1200 metri. Is-sistema innovattiva tal-Vision+ toffri ingrandiment okulari g\u0127al vi\u017cjoni mill-qrib \u010bara, filwaqt li sistema tal-batterija doppja ti\u017cgura u\u017ca fit-tul.<\/p>\n<p>In-Nocpix ACE H50 thermal rifle scope huwa g\u0127odda avvanzata ma\u0127suba biex terdedefienixxi l-esperjenza tas-sajd, kemm jekk tist\u0127arre\u0121 bil-lejl jew issegwi l-pri\u017ca f&#8217;art diffi\u010bli. B\u0127ala parti mis-serje ewlenija ACE ta&#8217; Nocpix, dan il-vista ottika termali jiddistingwi ru\u0127u g\u0127all-kwalit\u00e0 tal-imma\u0121ni u l-pre\u010bi\u017cjoni superjuri tieg\u0127u, grazzi g\u0127as-sensur termali ta&#8217; ri\u017coluzzjoni g\u0127olja \u017cviluppat internament u s-sistemi avvanzati tar-Reality+ u l-Vision+.<\/p>\n<p>Fil-qalba tan-Nocpix ACE H50R hemm is-sensur termali HD Gen-2 tieg\u0127u, li jifra\u0127 ri\u017coluzzjoni ta&#8217; 640&#215;512 u rata ta&#8217; qafas ta&#8217; 60Hz, li joffru prestazzjoni stabbli \u0127afna. B&#8217;NETD ta&#8217; \u226412mK, dan il-vista jirrileva anke d-differenzi \u017c-\u017cg\u0127ar tat-temperatura, u jipprovdi imma\u0121ni termali dettaljati u o\u0127xon, ideali biex isegwi l-miri li ji\u010b\u010baqalqu malajr f&#8217;\u0127in reali.<\/p>\n<p>L-ACE H50R huwa mg\u0127ammar b&#8217;lentijiet ta&#8217; 50mm\/F0.9 li jippermettu 20% aktar dawl li jaslu g\u0127as-sensur, li jikkreaw imma\u0121ni aktar sbie\u0127 u \u010bari. Dan huwa kru\u010bjali g\u0127as-sajjieda li jfittxu l-pre\u010bi\u017cjoni, peress li t-titjib fit-trasmissjoni tad-dawl jipprovdi vi\u017cibilit\u00e0 mtejba f&#8217;ambjenti b&#8217;dawl baxx.<\/p>\n<p>Is-sistema integrata tal-Vision+ itejjeb l-esperjenza vi\u017civa b&#8217;djsplej AMOLED \u010birkolari ta&#8217; 1.03 pulzieri b&#8217;ri\u017coluzzjoni ta&#8217; 2560&#215;2560. Is-sistema ta&#8217; ingranniment otti\u010bi, imfassla biex tevita l-lbullar u d-distorsjoni tipikament asso\u010bjati mal-ingrannimenti elettroni\u010bi tradizzjonali, ti\u017cgura li s-sajjieda jgawdu vi\u017cjoni mill-qrib \u010bara b&#8217;ri\u017coluzzjoni g\u0127olja ming\u0127ajr ma jittie\u0127ed id-dettall.<\/p>\n<p>Mag\u0127mul g\u0127all-u\u017cu esti\u017c fil-qasam, l-ACE jinkludi sistema ta&#8217; batterija doppja b&#8217;batterija integrata ta&#8217; 4000mAh u batterija addizzjonali ta&#8217; 18650 ne\u0127\u0127ila, li jippermettu l-operat bla waqfien matul is-sessjonijiet twal tas-sajd. Id-disinn b&#8217;sa\u0127\u0127tu, mag\u0127mul minn lega ta&#8217; aluminju b&#8217;sa\u0127\u0127itha, ji\u017cgura li l-ACE jifla\u0127 ambjenti diffi\u010bli u u\u017cu b&#8217;sa\u0127\u0127a, wara li g\u0127adda minn testijiet rigoru\u017ci ta&#8217; re\u017cistenza g\u0127all-impatt.<\/p>\n<p>Imfassal g\u0127as-sajjieda, in-Nocpix ACE H50R jinkludi karatteristi\u010bi essenzjali b\u0127al rekordar tal-vidjo attivat mir-rinkulju u disinn ming\u0127ajr iffilter g\u0127al operat bla problemi fil-qasam. B&#8217;\u017cieda ta&#8217; karatteristi\u010bi u\u017cibbli b\u0127al a\u0121\u0121ustatur tal-fokus, g\u0127otja tal-karga, u l-abilit\u00e0 li jilag\u0127bu l-vidjos direttament permezz tal-karatteristika tal-Gallerija, dan il-vista jg\u0127aqqad prestazzjoni g\u0127olja mal-konvenjenza g\u0127al esperjenza ottimali tas-sajd.<\/p>\n","protected":false},"excerpt":{"rendered":"<p>Is-sistema tat-teleskopju tar-rifl termali Nocpix ACE H50R jinkludi sensur termali 640&#215;512 b&#8217;NETD \u226412mK, detezzjoni ta&#8217; 3100m, LRF integrat, u s-sistema Vision+ g\u0127al esperjenza bla rji\u0127 tal-ka\u010b\u010ba.<br \/>\nJekk l-o\u0121\u0121ett mhux disponibbli, jekk jog\u0127\u0121bok ikkuntattjana: shop@nbg.eu jew +359896147790<\/p>\n","protected":false},"featured_media":678010,"template":"","meta":{"_acf_changed":false},"product_brand":[14451],"product_cat":[14129],"product_tag":[],"class_list":{"0":"post-677693","1":"product","2":"type-product","3":"status-publish","4":"has-post-thumbnail","6":"product_brand-nocpix","7":"product_cat-termali","9":"first","10":"outofstock","11":"taxable","12":"shipping-taxable","13":"purchasable","14":"product-type-simple"},"acf":[],"_links":{"self":[{"href":"https:\/\/nbg.eu\/mt\/wp-json\/wp\/v2\/product\/677693","targetHints":{"allow":["GET"]}}],"collection":[{"href":"https:\/\/nbg.eu\/mt\/wp-json\/wp\/v2\/product"}],"about":[{"href":"https:\/\/nbg.eu\/mt\/wp-json\/wp\/v2\/types\/product"}],"wp:featuredmedia":[{"embeddable":true,"href":"https:\/\/nbg.eu\/mt\/wp-json\/wp\/v2\/media\/678010"}],"wp:attachment":[{"href":"https:\/\/nbg.eu\/mt\/wp-json\/wp\/v2\/media?parent=677693"}],"wp:term":[{"taxonomy":"product_brand","embeddable":true,"href":"https:\/\/nbg.eu\/mt\/wp-json\/wp\/v2\/product_brand?post=677693"},{"taxonomy":"product_cat","embeddable":true,"href":"https:\/\/nbg.eu\/mt\/wp-json\/wp\/v2\/product_cat?post=677693"},{"taxonomy":"product_tag","embeddable":true,"href":"https:\/\/nbg.eu\/mt\/wp-json\/wp\/v2\/product_tag?post=677693"}],"curies":[{"name":"wp","href":"https:\/\/api.w.org\/{rel}","templated":true}]}}