{"id":678105,"date":"2025-11-17T17:25:36","date_gmt":"2025-11-17T14:25:36","guid":{"rendered":"https:\/\/nbg.eu\/product\/monokulari-termiku-nocpix-lumi-l35\/"},"modified":"2026-01-21T11:39:11","modified_gmt":"2026-01-21T08:39:11","slug":"monokulari-termiku-nocpix-lumi-l35","status":"publish","type":"product","link":"https:\/\/nbg.eu\/mt\/product\/monokulari-termiku-nocpix-lumi-l35\/","title":{"rendered":"Monokulari termiku Nocpix LUMI L35"},"content":{"rendered":"<h2>Rendiment massimu b&#8217;pi\u017c minimu &#8211; Nocpix LUMI L35: Il-kumpanjun tieg\u0127ek li ma tistax tissewwa ming\u0127ajru fil-qasam tieg\u0127ek<\/h2>\n<p>Is-serje tal-monokular LUMI tal-\u0127ajja termali hija ddisinjata g\u0127all-u\u017cu ta&#8217; kuljum u bil-lejl u toffrilek kwalit\u00e0 tal-imma\u0121ni e\u010b\u010bezzjonali anke f&#8217;kundizzjonijiet tal-temp diffi\u010bli b\u0127al tid\u0127ir, du\u0127\u0127an jew xita. Anke jekk osta\u010bli b\u0127al ferg\u0127at, g\u0127alqa g\u0127olja jew ve\u0121etazzjoni densa jag\u0127mlu diffi\u010bli li tara, grazzi g\u0127al din it-teknolo\u0121ija dejjem tista&#8217; tara b&#8217;mod \u010bar dak li jkun quddiemek. Huma wkoll hekk kompatti u \u0127fief li tista&#8217; tg\u0127oddihom ma&#8217; kullimkien.<\/p>\n<p>Il-kameras termali LUMI huma perfetti g\u0127al varjet\u00e0 ta&#8217; applikazzjonijiet b\u0127al ka\u010b\u010ba, sorveljanza, sigurt\u00e0, orjentazzjoni tat-terrain jew operazzjonijiet ta&#8217; tfittxija u salvata\u0121\u0121.<\/p>\n<h2>Prestazzjoni tal-imma\u0121ni bla paragon g\u0127al imma\u0121nijiet b&#8217;\u0121arriet qawwija<\/h2>\n<p>Is-serje LUMI tistabbilixxi standards \u0121odda f&#8217;termini ta&#8217; kwalit\u00e0 tal-imma\u0121ni. Mg\u0127ammra b&#8217;algoritmi tal-imma\u0121ni l-aktar avvanzati u sensur termali qawwi b&#8217;NETD &lt; 18 mK, il-kamera tipprovdi imma\u0121nijiet b&#039;\u0121arriet qawwija u realisti\u010bi. Id-display AMOLED b&#039;ri\u017coluzzjoni ta&#039; 1024 x 768 pixel ji\u017cgura pre\u017centazzjoni e\u010b\u010bezzjonali tal-imma\u0121ni, filwaqt li l-modalit\u00e0 Ultra Clear tottimizza aktar il-klarezza tal-imma\u0121ni, spe\u010bjalment f&#039;kundizzjonijiet tal-temp diffi\u010bli.<\/p>\n<h2>Esperjenza personalizzata tar-ri\u017cultat &#8211; Personalizza l-apparat tieg\u0127ek perfettament<\/h2>\n<p>Grazzi g\u0127as-sensur ta&#8217; daqs medju 384 x 288 px u varjet\u00e0 ta&#8217; opzjonijiet ta&#8217; setting, tista&#8217; tag\u0127mel l-apparat taqbel b&#8217;mod perfett mal-\u0127ti\u0121ijiet tieg\u0127ek. Ag\u0127\u017cel minn 5 modalitajiet tal-kulur u ottimizza r-ri\u017cultat tieg\u0127ek b&#8217;10 livelli ta&#8217; bjut, kes\u0127a u kontrast &#8211; biex l-ebda detalll ma jg\u0127addi ming\u0127ajr ma ji\u0121i osservat.<\/p>\n<h2>Esperjenza fa\u010bli ta&#8217; kondivi\u017cjoni<\/h2>\n<p>Il-qbid ta&#8217; mumenti spe\u010bjali huwa essenzjali g\u0127all-ka\u010b\u010batur modern. Bil-Nocpix LUMI L35, mhux biss tista&#8217; tikkondividi bla problemi r-rekordings tieg\u0127ek permezz tal-app, i\u017cda wkoll tista&#8217; tirriprodu\u010bihom direttament fuq l-apparat &#8211; perfett biex taqsam l-esperjenza tieg\u0127ek mal-o\u0127rajn minnufih.<\/p>\n<h2>Jista&#8217; jintu\u017ca b&#8217;mod flessibbli grazzi g\u0127as-sistema ta&#8217; batterija li tista&#8217; tne\u0127\u0127a<\/h2>\n<p>Is-serje LUMI hija mg\u0127ammra b&#8217;batteriji standard 18650, li jag\u0127tulek il-massimu ta&#8217; flessibbilt\u00e0. Fejn tkun, bil-karrekkaturi tal-batterija inklu\u017ci tkun lest mill-\u0121did malajr &#8211; u tista&#8217; tkompli l-missjoni tieg\u0127ek.<\/p>\n","protected":false},"excerpt":{"rendered":"<p>Prestazzjoni massima b&#8217;pi\u017c minimu &#8211; Nocpix LUMI L35: Il-kompanjun indispensabbli tieg\u0127ek fil-qasam tieg\u0127ek. Sensur 384 b&#8217;18 mK, display AMOLED b&#8217;1024 \u00d7 768 pixels, batterija 18650 ne\u0127\u0127ija, medda ta&#8217; detezzjoni ta&#8217; madwar 1800 metri, ingrandiment ba\u017ciku kbir g\u0127all-ka\u010b\u010ba fil-qasam, disinn kompatt.<\/p>\n","protected":false},"featured_media":678259,"template":"","meta":{"_acf_changed":false},"product_brand":[14451],"product_cat":[14129,369],"product_tag":[],"class_list":{"0":"post-678105","1":"product","2":"type-product","3":"status-publish","4":"has-post-thumbnail","6":"product_brand-nocpix","7":"product_cat-termali","8":"product_cat-uncategorized","10":"first","11":"instock","12":"taxable","13":"shipping-taxable","14":"purchasable","15":"product-type-simple"},"acf":[],"_links":{"self":[{"href":"https:\/\/nbg.eu\/mt\/wp-json\/wp\/v2\/product\/678105","targetHints":{"allow":["GET"]}}],"collection":[{"href":"https:\/\/nbg.eu\/mt\/wp-json\/wp\/v2\/product"}],"about":[{"href":"https:\/\/nbg.eu\/mt\/wp-json\/wp\/v2\/types\/product"}],"wp:featuredmedia":[{"embeddable":true,"href":"https:\/\/nbg.eu\/mt\/wp-json\/wp\/v2\/media\/678259"}],"wp:attachment":[{"href":"https:\/\/nbg.eu\/mt\/wp-json\/wp\/v2\/media?parent=678105"}],"wp:term":[{"taxonomy":"product_brand","embeddable":true,"href":"https:\/\/nbg.eu\/mt\/wp-json\/wp\/v2\/product_brand?post=678105"},{"taxonomy":"product_cat","embeddable":true,"href":"https:\/\/nbg.eu\/mt\/wp-json\/wp\/v2\/product_cat?post=678105"},{"taxonomy":"product_tag","embeddable":true,"href":"https:\/\/nbg.eu\/mt\/wp-json\/wp\/v2\/product_tag?post=678105"}],"curies":[{"name":"wp","href":"https:\/\/api.w.org\/{rel}","templated":true}]}}