{"id":678375,"date":"2025-11-18T18:19:28","date_gmt":"2025-11-18T15:19:28","guid":{"rendered":"https:\/\/nbg.eu\/product\/missjoni-nocpix-l35r-384x288-netd-15mk\/"},"modified":"2026-04-14T16:08:37","modified_gmt":"2026-04-14T13:08:37","slug":"missjoni-nocpix-l35r-384x288-netd-15mk","status":"publish","type":"product","link":"https:\/\/nbg.eu\/mt\/product\/missjoni-nocpix-l35r-384x288-netd-15mk\/","title":{"rendered":"Nocpix Binokulari Termali Quest L35R"},"content":{"rendered":"<h2>Nocpix Quest L35R 384&#215;288 NETD \u226415mK: Illimita l-Vi\u017cjoni Termika Tieg\u0127ek<\/h2>\n<p>QUEST hija \u0127afifa u portabbli, u toffri firxa ta&#8217; skoperta ta&#8217; sa 2600m u LRF mo\u0127bi integrat b&#8217;firxa ta&#8217; 1000m g\u0127al pre\u010bi\u017cjoni u vi\u017cibbilt\u00e0 superjuri. Id-disinn tradizzjonali tal-binokulari tag\u0127ha jinkludi kopertura tal-gomma s\u0127i\u0127a u klassifikazzjoni IP67 g\u0127ad-durabbilt\u00e0 u l-kumdit\u00e0 f&#8217;kundizzjonijiet estremi. Mg\u0127ammra b&#8217;sensur ta&#8217; 640&#215;512 bi prestazzjoni g\u0127olja (NETD \u226415mK, 60Hz), QUEST tipprovdi kwalit\u00e0 imma\u0121ni e\u010b\u010bezzjonali, sensittivit\u00e0 termika superjuri u t\u0127addim bla problemi f&#8217;ambjenti sfidanti.<\/p>\n<h2>Kwalit\u00e0 u \u010aarezza Imma\u0121ni E\u010b\u010bezzjonali<\/h2>\n<p>Nocpix QUEST tinkludi titjib tal-imma\u0121ni R+ g\u0127al \u010barezza u pre\u010bi\u017cjoni superjuri, kombinati ma&#8217; displej AMOLED 1920&#215;1200 g\u0127al esperjenza ta&#8217; vi\u017cjoni immersa u komda g\u0127all-g\u0127ajnejn.<\/p>\n<h2>Sensur Superjuri g\u0127all-E\u010b\u010bellenza<\/h2>\n<p>Nocpix QUEST hija mg\u0127ammra b&#8217;sensur b&#8217;prestazzjoni g\u0127olja (640&#215;512@12\u03bcm) li jipprovdi kwalit\u00e0 imma\u0121ni e\u010b\u010bezzjonali. B&#8217;NETD \u226415mK u rata ta&#8217; qafas ta&#8217; 60Hz, hi tipprovdi sensittivit\u00e0 termika superjuri, u tipprovdi imma\u0121ni \u010bari u vi\u017cwali anke fl-aktar ambjenti sfidanti.<\/p>\n<h2>Kapa\u010bitajiet ta&#8217; Skoperta Qawwija<\/h2>\n<p>Nocpix QUEST g\u0127andha firxa ta&#8217; skoperta ta&#8217; sa 2600m u LRF mo\u0127bi integrat b&#8217;firxa ta&#8217; sa 1000m, li jippermettuk li tara iktar &#8216;il bog\u0127od u b&#8217;mod aktar pre\u010bi\u017c minn qabel. Hija tappo\u0121\u0121ja wkoll kalkulazzjonijiet balisti\u010bi, li jipprovdu appo\u0121\u0121 tad-data g\u0127al ka\u010b\u010ba kooperattiva.<\/p>\n<h2>T\u0127addim Ergonomiku bi Jedd Wie\u0127ed<\/h2>\n<p>Nocpix QUEST toffri manipulazzjoni ergonomika, ming\u0127ajr slippu b&#8217;arran\u0121ament tastiera sempli\u010bi b&#8217;4 buttuni u volum \u010bentrali g\u0127at-t\u0127addim fa\u010bli b&#8217;jedd wie\u0127ed u griep sikur f&#8217;kull kundizzjoni.<\/p>\n<h2>\u0126afifa u Portabbli<\/h2>\n<p>QUEST tpin\u0121i biss 700g u tinkludi bor\u017ca tal-\u0121arr personalizzata, li toffri portabbilt\u00e0 u kumdit\u00e0 fa\u010bli g\u0127al attivitajiet barra, b\u0127al ka\u010b\u010ba u esplorazzjoni.<\/p>\n<h2>Prestazzjoni tal-Ener\u0121ija Affidabbli<\/h2>\n<p>Is-serje QUEST g\u0127andha disinn b&#8217;\u017cew\u0121 batteriji b&#8217;batterija integrata u li tinbidel ta&#8217; 18650, li ti\u017cgura li l-u\u017cu jkompli bla problemi matul l-avventura tieg\u0127ek.<\/p>\n<h2>Disinn Sod u Komdu<\/h2>\n<p>QUEST tinkludi disinn tradizzjonali tal-binokulari b&#8217;\u010bopertura tal-gomma s\u0127i\u0127a sofistikata u klassifikazzjoni IP67 g\u0127ar-re\u017cistenza g\u0127all-ilma u d-trab, li ti\u017cgura d-durabbilt\u00e0 u l-kumdit\u00e0 \u0121enerali.<\/p>\n","protected":false},"excerpt":{"rendered":"<p>Nocpix QUEST L35R 384&#215;288 NETD &lt;15mK: Imma\u0121ni tat-termali \u0127afifa u li jista&#039; jin\u0121arr bi medda ta&#039; dete\u010b\u010bjoni ta&#039; 2600m, LRF integrat ta&#039; 1000m, u \u010barezza e\u010b\u010bezzjonali tal-imma\u0121ni.<\/p>\n","protected":false},"featured_media":679446,"template":"","meta":{"_acf_changed":false},"product_brand":[14451],"product_cat":[14689,14129,16088],"product_tag":[],"class_list":{"0":"post-678375","1":"product","2":"type-product","3":"status-publish","4":"has-post-thumbnail","6":"product_brand-nocpix","7":"product_cat-binokli","8":"product_cat-termali","9":"product_cat-thermal-cameras-mt","11":"first","12":"instock","13":"taxable","14":"shipping-taxable","15":"purchasable","16":"product-type-simple"},"acf":[],"_links":{"self":[{"href":"https:\/\/nbg.eu\/mt\/wp-json\/wp\/v2\/product\/678375","targetHints":{"allow":["GET"]}}],"collection":[{"href":"https:\/\/nbg.eu\/mt\/wp-json\/wp\/v2\/product"}],"about":[{"href":"https:\/\/nbg.eu\/mt\/wp-json\/wp\/v2\/types\/product"}],"wp:featuredmedia":[{"embeddable":true,"href":"https:\/\/nbg.eu\/mt\/wp-json\/wp\/v2\/media\/679446"}],"wp:attachment":[{"href":"https:\/\/nbg.eu\/mt\/wp-json\/wp\/v2\/media?parent=678375"}],"wp:term":[{"taxonomy":"product_brand","embeddable":true,"href":"https:\/\/nbg.eu\/mt\/wp-json\/wp\/v2\/product_brand?post=678375"},{"taxonomy":"product_cat","embeddable":true,"href":"https:\/\/nbg.eu\/mt\/wp-json\/wp\/v2\/product_cat?post=678375"},{"taxonomy":"product_tag","embeddable":true,"href":"https:\/\/nbg.eu\/mt\/wp-json\/wp\/v2\/product_tag?post=678375"}],"curies":[{"name":"wp","href":"https:\/\/api.w.org\/{rel}","templated":true}]}}