{"id":67895,"date":"2024-01-13T10:41:33","date_gmt":"2024-01-13T10:41:33","guid":{"rendered":"https:\/\/nbg.eu\/product\/surefire-m340dft-pro\/"},"modified":"2026-01-21T11:50:28","modified_gmt":"2026-01-21T08:50:28","slug":"surefire-m340dft-pro","status":"publish","type":"product","link":"https:\/\/nbg.eu\/mt\/product\/surefire-m340dft-pro\/","title":{"rendered":"SureFire M340DFT-PRO"},"content":{"rendered":"<div class=\"product-description\">\n<h2>SureFire M340DFT-PRO Turbo Mini Scout Light Pro<\/h2>\n<p>L-M340DFT-PRO jinkludi:<\/p>\n<ul>\n<li>95,000 candela intensit\u00e0 massima tar-ra\u0121\u0121 bil-batterija SF18350 inklu\u017ca<\/li>\n<li>Mudell ta&#8217; ra\u0121\u0121 Turbo g\u0127all-identifikazzjoni ta&#8217; miri f&#8217;distanzi estremi<\/li>\n<li>Immuntar b&#8217;Profil Baxx versatili g\u0127al po\u017cizzjonament ottimali<\/li>\n<li>Kapa\u010bit\u00e0 ta&#8217; Fjuwil Doppju: SF18350 rikarikabbli jew batterija primarja tal-litju 123A<\/li>\n<li>Durabilit\u00e0 u g\u0127a\u017cliet ta&#8217; swi\u010b\u010bjar remot komprensivi<\/li>\n<\/ul>\n<p>L-M340DFT-PRO g\u0127andu riflettur ta&#8217; pre\u010bi\u017cjoni li jag\u0127ti ra\u0121\u0121 ikkon\u010bentrat, adattat g\u0127al applikazzjonijiet ta&#8217; firxa twila. Mag\u0127mul minn aluminju tal-ajruspazju u anodizzat iebes skont l-ispe\u010bifikazzjonijiet militari, dan id-dawl tal-arma huwa mibni biex jifla\u0127 g\u0127al kundizzjonijiet \u0127orox.<\/p>\n<\/div>\n","protected":false},"excerpt":{"rendered":"<p>Dawl tal-armi kompatt u b&#8217;qawwa g\u0127olja b&#8217;intensit\u00e0 massima ta&#8217; ra\u0121\u0121 ta&#8217; 95,000 kandela.<\/p>\n","protected":false},"featured_media":67896,"template":"","meta":{"_acf_changed":false},"product_brand":[11878],"product_cat":[14088,14863,14158],"product_tag":[],"class_list":{"0":"post-67895","1":"product","2":"type-product","3":"status-publish","4":"has-post-thumbnail","6":"product_brand-surefire","7":"product_cat-dwal","8":"product_cat-dwal-tar-rifle","9":"product_cat-rifle","11":"first","12":"instock","13":"taxable","14":"shipping-taxable","15":"purchasable","16":"product-type-variable","17":"wvs-archive-product-wrapper"},"acf":[],"_links":{"self":[{"href":"https:\/\/nbg.eu\/mt\/wp-json\/wp\/v2\/product\/67895","targetHints":{"allow":["GET"]}}],"collection":[{"href":"https:\/\/nbg.eu\/mt\/wp-json\/wp\/v2\/product"}],"about":[{"href":"https:\/\/nbg.eu\/mt\/wp-json\/wp\/v2\/types\/product"}],"wp:featuredmedia":[{"embeddable":true,"href":"https:\/\/nbg.eu\/mt\/wp-json\/wp\/v2\/media\/67896"}],"wp:attachment":[{"href":"https:\/\/nbg.eu\/mt\/wp-json\/wp\/v2\/media?parent=67895"}],"wp:term":[{"taxonomy":"product_brand","embeddable":true,"href":"https:\/\/nbg.eu\/mt\/wp-json\/wp\/v2\/product_brand?post=67895"},{"taxonomy":"product_cat","embeddable":true,"href":"https:\/\/nbg.eu\/mt\/wp-json\/wp\/v2\/product_cat?post=67895"},{"taxonomy":"product_tag","embeddable":true,"href":"https:\/\/nbg.eu\/mt\/wp-json\/wp\/v2\/product_tag?post=67895"}],"curies":[{"name":"wp","href":"https:\/\/api.w.org\/{rel}","templated":true}]}}