{"id":679454,"date":"2025-11-18T18:19:37","date_gmt":"2025-11-18T15:19:37","guid":{"rendered":"https:\/\/nbg.eu\/product\/il-missjoni-nocpix-h50r-lrf-640x512-netd-15mk\/"},"modified":"2026-04-14T16:08:34","modified_gmt":"2026-04-14T13:08:34","slug":"il-missjoni-nocpix-h50r-lrf-640x512-netd-15mk","status":"publish","type":"product","link":"https:\/\/nbg.eu\/mt\/product\/il-missjoni-nocpix-h50r-lrf-640x512-netd-15mk\/","title":{"rendered":"Nocpix Binokulari Termali Quest H50R LRF"},"content":{"rendered":"<h2>Nocpix Quest H50R LRF 640&#215;512 NETD \u226415mK<\/h2>\n<p>QUEST huwa \u0127afif u portatili, li joffri firxa ta&#8217; rilevament sa 2600m u LRF mo\u0127bi integrat b&#8217;firxa ta&#8217; 1000m g\u0127al pre\u010bi\u017cjoni u vi\u017cibilit\u00e0 superjuri. Id-disinn tieg\u0127u tradizzjonali ta&#8217; binokulu jinkludi kopertura s\u0127i\u0127a tar-rubber u klassifikazzjoni IP67 g\u0127ad-durabilit\u00e0 u l-kumdit\u00e0 f&#8217;kundizzjonijiet qawwija.<\/p>\n<h2>Sensur termiku<\/h2>\n<p>Nocpix QUEST jinkludi titjib fl-imma\u0121ni R+ g\u0127al \u010barezza u pre\u010bi\u017cjoni superjuri, flimkien ma&#8217; displej AMOLED 1920&#215;1200 g\u0127al esperjenza ta&#8217; \u0127arsa li tag\u0127mel l-g\u0127ajnejn jaqblu.<\/p>\n<h2>Sensur superjuri jassigura e\u010b\u010bellenza<\/h2>\n<p>Nocpix QUEST huwa mg\u0127ammar b&#8217;sensur ta&#8217; prestazzjoni g\u0127olja (640&#215;512@12\u00b5m ) li jipprovdi \u010barezza tal-imma\u0121ni e\u010b\u010bezzjonali. B&#8217;NETD \u226415mK u rata ta&#8217; qafas ta&#8217; 60Hz, jipprovdi sensittivit\u00e0 termika superjuri, li jil\u0127aq imma\u0121nijiet \u010bari u vi\u017civi anke fl-iktar ambjenti sfurzati.<\/p>\n<h2>Kapa\u010bitajiet ta&#8217; rilevament qawwija<\/h2>\n<p>Nocpix QUEST jinkludi firxa ta&#8217; rilevament sa 2600 m u LRF mo\u0127bi integrat b&#8217;firxa sa 1000 m, li jippermettik tara &#8216;l bog\u0127od u b&#8217;mod aktar pre\u010bi\u017c minn qatt qabel. Jissapportja wkoll kalkolazzjonijiet ballisti\u010bi, li jipprovdu appo\u0121\u0121 ta&#8217; data g\u0127all-ka\u010b\u010ba koperattiva.<\/p>\n<h2>Operat b&#8217;id wa\u0127da<\/h2>\n<p>Nocpix QUEST joffri mmani\u0121\u0121jar ergonomiku u li ma jiskulax b&#8217;layout ta&#8217; 4 buttuni simplifikati u roti ta&#8217; skroll \u010bentrali g\u0127al operat fa\u010bli b&#8217;id wa\u0127da u qbid sikur f&#8217;kull kundizzjoni.<\/p>\n<h2>\u0126afif u portatili<\/h2>\n<p>QUEST ji\u017cen biss 700g u jinkludi bor\u017ca tal-\u0121arr personalizzata, li joffri portabilit\u00e0 u kumdit\u00e0 fa\u010bli g\u0127al attivitajiet barra b\u0127al ka\u010b\u010ba u esplorazzjoni.<\/p>\n<h2>Telg\u0127a ansjeta dwar l-ener\u0121ija<\/h2>\n<p>Is-serje QUEST tinkludi disinn ta&#8217; batterija doppja b&#8217;batterija integrata u li tista&#8217; tinbidel 18650, li ti\u017cgura sostituzzjoni bla problemi u u\u017cu kontinwu matul l-avventura tieg\u0127ek.<\/p>\n<h2>L-esperjenza tradizzjonali tal-binoklu<\/h2>\n<p>QUEST joffri disinn tradizzjonali tal-binoklu b&#8217;kisja s\u0127i\u0127a tar-rubber u klassifikazzjoni IP67 g\u0127ar-re\u017cistenza g\u0127all-ilma u d-dell, li ji\u017cgura d-durabilit\u00e0 u l-kumdit\u00e0 \u0121enerali.<\/p>\n","protected":false},"excerpt":{"rendered":"<p>Nocpix Quest H50R LRF 640&#215;512 NETD &lt;15mK: Imager termi\u010bi \u0127afif u portatili b&#039;medda ta&#039; skoperta ta&#039; 2600m, LRF ta&#039; 1000m, u sensur 640&#215;512 superjuri.<br \/>\nJekk l-o\u0121\u0121ett ma jkunx disponibbli, jekk jog\u0127\u0121bok ikkuntattjana: shop@nbg.eu  or +359896147790<\/p>\n","protected":false},"featured_media":679796,"template":"","meta":{"_acf_changed":false},"product_brand":[14451],"product_cat":[14689,14129,16088],"product_tag":[],"class_list":{"0":"post-679454","1":"product","2":"type-product","3":"status-publish","4":"has-post-thumbnail","6":"product_brand-nocpix","7":"product_cat-binokli","8":"product_cat-termali","9":"product_cat-thermal-cameras-mt","11":"first","12":"instock","13":"taxable","14":"shipping-taxable","15":"purchasable","16":"product-type-simple"},"acf":[],"_links":{"self":[{"href":"https:\/\/nbg.eu\/mt\/wp-json\/wp\/v2\/product\/679454","targetHints":{"allow":["GET"]}}],"collection":[{"href":"https:\/\/nbg.eu\/mt\/wp-json\/wp\/v2\/product"}],"about":[{"href":"https:\/\/nbg.eu\/mt\/wp-json\/wp\/v2\/types\/product"}],"wp:featuredmedia":[{"embeddable":true,"href":"https:\/\/nbg.eu\/mt\/wp-json\/wp\/v2\/media\/679796"}],"wp:attachment":[{"href":"https:\/\/nbg.eu\/mt\/wp-json\/wp\/v2\/media?parent=679454"}],"wp:term":[{"taxonomy":"product_brand","embeddable":true,"href":"https:\/\/nbg.eu\/mt\/wp-json\/wp\/v2\/product_brand?post=679454"},{"taxonomy":"product_cat","embeddable":true,"href":"https:\/\/nbg.eu\/mt\/wp-json\/wp\/v2\/product_cat?post=679454"},{"taxonomy":"product_tag","embeddable":true,"href":"https:\/\/nbg.eu\/mt\/wp-json\/wp\/v2\/product_tag?post=679454"}],"curies":[{"name":"wp","href":"https:\/\/api.w.org\/{rel}","templated":true}]}}