{"id":681050,"date":"2025-12-17T14:06:52","date_gmt":"2025-12-17T11:06:52","guid":{"rendered":"https:\/\/nbg.eu\/product\/manly-peak-g10-black-cpm-s90v\/"},"modified":"2026-01-21T11:41:29","modified_gmt":"2026-01-21T08:41:29","slug":"manly-peak-g10-black-cpm-s90v","status":"publish","type":"product","link":"https:\/\/nbg.eu\/mt\/product\/manly-peak-g10-black-cpm-s90v\/","title":{"rendered":"Manly PEAK G10 BLACK CPM S90V"},"content":{"rendered":"<h2>Manly PEAK G10 BLACK CPM S90V &#8211; Sikkiera Folding Knife U\u017cata b&#8217;Unit\u00e0 Wa\u0127da<\/h2>\n<p>Esperjenza l-e\u010b\u010bezzjonali Manly PEAK G10 BLACK CPM S90V folding knife, g\u0127odda unika u versatili ddisinjata g\u0127al varjet\u00e0 ta&#8217; attivitajiet. \u0126er\u0121a mill-mudell Comrade, dan il-\u0127an\u0121er g\u0127andu disinn sabi\u0127 li jag\u0127mluh sie\u0127eb perfett g\u0127al kull kompitu.<\/p>\n<p>Disponibbli f&#8217;\u017cew\u0121 ver\u017cjonijiet differenti, il-PEAK joffri l-konvenjenza ta&#8217; ftu\u0127 b&#8217;unit\u00e0 wa\u0127da jew \u017cew\u0121 idejn, filwaqt li jilqa&#8217; l-preferenzi personali tieg\u0127ek. Mag\u0127mul b&#8217;pre\u010bi\u017cjoni, il-lama hija mag\u0127mula mill-qawwi CPM S90V steel, li ji\u017cgura li j\u017comm il-\u0121enb g\u0127oli u re\u017cistenza g\u0127all-korro\u017cjoni.<\/p>\n<p>Il-mani sodi G10 jipprovdu qbid sikur u komdu, li jag\u0127mel il-PEAK g\u0127a\u017cla affidabbli g\u0127al kuljum jew avventuri fl-aperta. B&#8217;mekkani\u017cmu tal-ftu\u0127 tal-bokka tas-saba&#8217; u sistema manwali ta&#8217; Backlock, dan il-\u0127an\u0121er joffri operazzjoni fa\u010bli b&#8217;unit\u00e0 wa\u0127da, li jippermetti li timmani\u0121\u0121ja l-kompiti tieg\u0127ek b&#8217;mod fa\u010bli.<\/p>\n<p>Ji\u017cen biss 115 grammi, il-PEAK huwa g\u0127odda \u0127afifa i\u017cda b&#8217;sa\u0127\u0127a li mhux se j\u017commok lura. Sew jekk int entu\u017cjast tal-midja, operatur tattiku, jew sempli\u010bement xi \u0127add li qed ifittex folding knife versatili u ben iddisinjata, il-Manly PEAK G10 BLACK CPM S90V hija t-twe\u0121iba.<\/p>\n","protected":false},"excerpt":{"rendered":"<p>PEAK CPM S90V sikkina iswed g\u0127all-id wa\u0127da, disinn kbir g\u0127al kull attivit\u00e0.<\/p>\n","protected":false},"featured_media":681118,"template":"","meta":{"_acf_changed":false},"product_brand":[15093],"product_cat":[14143,15387,15366],"product_tag":[],"class_list":{"0":"post-681050","1":"product","2":"type-product","3":"status-publish","4":"has-post-thumbnail","6":"product_brand-manly-knives","7":"product_cat-edc","8":"product_cat-folding-knives-mt","9":"product_cat-knives-mt","11":"first","12":"outofstock","13":"taxable","14":"shipping-taxable","15":"purchasable","16":"product-type-simple"},"acf":[],"_links":{"self":[{"href":"https:\/\/nbg.eu\/mt\/wp-json\/wp\/v2\/product\/681050","targetHints":{"allow":["GET"]}}],"collection":[{"href":"https:\/\/nbg.eu\/mt\/wp-json\/wp\/v2\/product"}],"about":[{"href":"https:\/\/nbg.eu\/mt\/wp-json\/wp\/v2\/types\/product"}],"wp:featuredmedia":[{"embeddable":true,"href":"https:\/\/nbg.eu\/mt\/wp-json\/wp\/v2\/media\/681118"}],"wp:attachment":[{"href":"https:\/\/nbg.eu\/mt\/wp-json\/wp\/v2\/media?parent=681050"}],"wp:term":[{"taxonomy":"product_brand","embeddable":true,"href":"https:\/\/nbg.eu\/mt\/wp-json\/wp\/v2\/product_brand?post=681050"},{"taxonomy":"product_cat","embeddable":true,"href":"https:\/\/nbg.eu\/mt\/wp-json\/wp\/v2\/product_cat?post=681050"},{"taxonomy":"product_tag","embeddable":true,"href":"https:\/\/nbg.eu\/mt\/wp-json\/wp\/v2\/product_tag?post=681050"}],"curies":[{"name":"wp","href":"https:\/\/api.w.org\/{rel}","templated":true}]}}