{"id":681153,"date":"2026-01-08T18:14:00","date_gmt":"2026-01-08T15:14:00","guid":{"rendered":"https:\/\/nbg.eu\/product\/manly-peak-black-14c28n-fil-malti\/"},"modified":"2026-01-21T11:41:26","modified_gmt":"2026-01-21T08:41:26","slug":"manly-peak-black-14c28n-fil-malti","status":"publish","type":"product","link":"https:\/\/nbg.eu\/mt\/product\/manly-peak-black-14c28n-fil-malti\/","title":{"rendered":"Manly PEAK BLACK 14C28N&#8221; fil-Malti."},"content":{"rendered":"<h2>Manly PEAK BLACK 14C28N \u2013 Il-Ku\u010b\u010brina tal-Bu\u017c\u017cieqa tal-Kuljum Essenzjali<\/h2>\n<p>Tkompli t-tradizzjoni ta&#8217; Manly li tipprovdi ku\u010b\u010brini tal-bu\u017c\u017cieqa bi prezz ra\u0121onevoli u ta&#8217; kwalit\u00e0 g\u0127olja, il-PEAK \u2013 14C28N Iswed (Wie\u0127ed mill-Idejn) huwa l-e\u017cempju tal-versatilit\u00e0 u l-prattikalit\u00e0. Imfassla b&#8217;pre\u010bi\u017cjoni, din il-ku\u010b\u010brina tal-bu\u017c\u017cieqa g\u0127andha lasta tal-azzar \u017bvedi\u017c 14C28N u qabda tal-G10, li ti\u017cgura g\u0127odda tal-qtug\u0127 dinjitu\u017ca u affidabbli g\u0127al kompiti tal-kuljum.<\/p>\n<p>Imfassla g\u0127all-u\u017cu amdestru, il-klipp riversibbli jippermetti a\u010b\u010bess fa\u010bli kemm bil-lemin kif ukoll bil-leminija, li jag\u0127milha l-akkumpanjament perfett kemm jekk int tal-lemin kif ukoll jekk int tal-leminija. Il-mekkani\u017cmu tal-kisi jipprovdi kisi sikur u affidabbli, li ji\u017cgura li l-lasta tibqa&#8217; f&#8217;postu waqt l-u\u017cu.<\/p>\n<p>B&#8217;tul totali ta&#8217; 22 cm u tul tal-lasta ta&#8217; 9.4 cm, il-PEAK \u2013 14C28N Iswed (Wie\u0127ed mill-Idejn) joffri daqs komdu u \u0121estibli li huwa perfett g\u0127al firxa wiesg\u0127a ta&#8217; applikazzjonijiet, minn avventuri fil-bera\u0127 sa kompiti ta&#8217; utilit\u00e0 tal-kuljum. B&#8217;pi\u017c ta&#8217; 115g, din il-ku\u010b\u010brina issib il-bilan\u010b perfett bejn il-pi\u017c u l-portabbilt\u00e0, li tag\u0127milha g\u0127a\u017cla affidabbli u versatili g\u0127all-kuljum.<\/p>\n<p>B&#8217;lasta b&#8217;finzjoni satinata ta&#8217; 14C28N u qabda sewda tal-G10 eleganti, il-PEAK \u2013 14C28N Iswed (Wie\u0127ed mill-Idejn) mhux biss jikkomporta b&#8217;mod e\u010b\u010bezzjonali i\u017cda wkoll jiffa\u010b\u010bja disinn modern u stilizzat li jikkomplimenta kull stil personali. Kemm jekk inti entusjast tal-bera\u0127, ma\u0127dum jew sempli\u010biment xi \u0127add li japprezza g\u0127odda ben imfassla, il-Manly PEAK \u2013 14C28N Iswed (Wie\u0127ed mill-Idejn) huwa l-\u017cieda perfetta g\u0127all-kollezzjoni tal-kuljum tieg\u0127ek.<\/p>\n","protected":false},"excerpt":{"rendered":"<p>Sikkina PEAK BLACK 14C28N &#8211; Sikkina tal-but tal-but bil-azzar Svedi\u017c 14C28N, klip riversibbli, u k\u00e7agna lura.<\/p>\n","protected":false},"featured_media":685054,"template":"","meta":{"_acf_changed":false},"product_brand":[15093],"product_cat":[14143],"product_tag":[],"class_list":{"0":"post-681153","1":"product","2":"type-product","3":"status-publish","4":"has-post-thumbnail","6":"product_brand-manly-knives","7":"product_cat-edc","9":"first","10":"instock","11":"taxable","12":"shipping-taxable","13":"purchasable","14":"product-type-simple"},"acf":[],"_links":{"self":[{"href":"https:\/\/nbg.eu\/mt\/wp-json\/wp\/v2\/product\/681153","targetHints":{"allow":["GET"]}}],"collection":[{"href":"https:\/\/nbg.eu\/mt\/wp-json\/wp\/v2\/product"}],"about":[{"href":"https:\/\/nbg.eu\/mt\/wp-json\/wp\/v2\/types\/product"}],"wp:featuredmedia":[{"embeddable":true,"href":"https:\/\/nbg.eu\/mt\/wp-json\/wp\/v2\/media\/685054"}],"wp:attachment":[{"href":"https:\/\/nbg.eu\/mt\/wp-json\/wp\/v2\/media?parent=681153"}],"wp:term":[{"taxonomy":"product_brand","embeddable":true,"href":"https:\/\/nbg.eu\/mt\/wp-json\/wp\/v2\/product_brand?post=681153"},{"taxonomy":"product_cat","embeddable":true,"href":"https:\/\/nbg.eu\/mt\/wp-json\/wp\/v2\/product_cat?post=681153"},{"taxonomy":"product_tag","embeddable":true,"href":"https:\/\/nbg.eu\/mt\/wp-json\/wp\/v2\/product_tag?post=681153"}],"curies":[{"name":"wp","href":"https:\/\/api.w.org\/{rel}","templated":true}]}}