{"id":681292,"date":"2025-12-17T14:50:21","date_gmt":"2025-12-17T11:50:21","guid":{"rendered":"https:\/\/nbg.eu\/product\/manly-patrijott-maskili-m-green-rwl-34\/"},"modified":"2026-01-21T11:39:47","modified_gmt":"2026-01-21T08:39:47","slug":"manly-patrijott-maskili-m-green-rwl-34","status":"publish","type":"product","link":"https:\/\/nbg.eu\/mt\/product\/manly-patrijott-maskili-m-green-rwl-34\/","title":{"rendered":"Manly  Patrijott Maskili M.GREEN RWL-34"},"content":{"rendered":"<h2>Manly PATRIOT M.GREEN RWL-34 \u2013 Il-\u0126akem Fiss tal-Lama tal-Ku\u010b\u010brina Versattili g\u0127al-\u0120arr ta&#8217; Kuljum<\/h2>\n<p>Bil-PATRIOT \u2013 RWL-34 Military Green, Manly jippre\u017centa ver\u017cjoni fissa tal-kurkett tal-Comrade tag\u0127hom. Jifta\u0127ar b&#8217;kwa\u017ci l-istess dimensjonijiet, il-PATRIOT huwa l-g\u0127a\u017cla perfetta g\u0127all-u\u017cu ta&#8217; kuljum, ka\u010b\u010ba, u kampjar. B&#8217;lama mfin\u0121a b&#8217;sa\u0127\u0127a mag\u0127mula mill-azzar premium RWL-34, dan il-kurkett jikkombina l-durabbilt\u00e0 u l-prestazzjoni tat-tbag\u0127bis. Manifatturat b&#8217;manki jew ta&#8217; G10 jew injam tal-\u0121ulbiena, il-PATRIOT joffri qbid komdu u sikur, u ji\u017cgura l-immanni\u0121jar kunfidenti f&#8217;varjet\u00e0 ta&#8217; sitwazzjonijiet.<\/p>\n<p>Ittellaq 21 cm fit-tul kollu u b&#8217;lama ta&#8217; 9.1 cm, il-PATRIOT huwa g\u0127odda kompattiva u versattili. Il-lama tieg\u0127u ta&#8217; 4 mm tiska\u010b\u0127a tipprovdi bi\u017c\u017cejjed sa\u0127\u0127a u \u0127ru\u0121, filwaqt li l-pi\u017c totali ta&#8217; 126g ji\u017cgura sens ta&#8217; bilan\u010b. Ipprote\u0121ut b&#8217;wa\u010b\u010b tal-Kydex li jddum, il-PATRIOT huwa kumpless affidabbli g\u0127all-entu\u017cjasti tal-outdoor u l-entu\u017cjasti tal-\u0121arr ta&#8217; kuljum.<\/p>\n","protected":false},"excerpt":{"rendered":"<p>Sikkra Militari M.\u0126ADRA RWL-34 &#8211; Sikkra b&#8217;lasta fissa b&#8217;\u0127adid RWL-34 u maqbad ta&#8217; G10.<\/p>\n","protected":false},"featured_media":681413,"template":"","meta":{"_acf_changed":false},"product_brand":[15093],"product_cat":[2876],"product_tag":[],"class_list":{"0":"post-681292","1":"product","2":"type-product","3":"status-publish","4":"has-post-thumbnail","6":"product_brand-manly-knives","7":"product_cat-rahohvatki","9":"first","10":"instock","11":"taxable","12":"shipping-taxable","13":"purchasable","14":"product-type-simple"},"acf":[],"_links":{"self":[{"href":"https:\/\/nbg.eu\/mt\/wp-json\/wp\/v2\/product\/681292","targetHints":{"allow":["GET"]}}],"collection":[{"href":"https:\/\/nbg.eu\/mt\/wp-json\/wp\/v2\/product"}],"about":[{"href":"https:\/\/nbg.eu\/mt\/wp-json\/wp\/v2\/types\/product"}],"wp:featuredmedia":[{"embeddable":true,"href":"https:\/\/nbg.eu\/mt\/wp-json\/wp\/v2\/media\/681413"}],"wp:attachment":[{"href":"https:\/\/nbg.eu\/mt\/wp-json\/wp\/v2\/media?parent=681292"}],"wp:term":[{"taxonomy":"product_brand","embeddable":true,"href":"https:\/\/nbg.eu\/mt\/wp-json\/wp\/v2\/product_brand?post=681292"},{"taxonomy":"product_cat","embeddable":true,"href":"https:\/\/nbg.eu\/mt\/wp-json\/wp\/v2\/product_cat?post=681292"},{"taxonomy":"product_tag","embeddable":true,"href":"https:\/\/nbg.eu\/mt\/wp-json\/wp\/v2\/product_tag?post=681292"}],"curies":[{"name":"wp","href":"https:\/\/api.w.org\/{rel}","templated":true}]}}