{"id":681779,"date":"2025-12-17T15:55:16","date_gmt":"2025-12-17T12:55:16","guid":{"rendered":"https:\/\/nbg.eu\/product\/belt-city-orange-cpm-s90v\/"},"modified":"2026-01-21T12:29:09","modified_gmt":"2026-01-21T09:29:09","slug":"belt-city-orange-cpm-s90v","status":"publish","type":"product","link":"https:\/\/nbg.eu\/mt\/product\/belt-city-orange-cpm-s90v\/","title":{"rendered":"Belt City Orange CPM S90V"},"content":{"rendered":"<h2>Manly City CPM S90V &#8211; Kukkell li Jin\u0121arr ta&#8217; Kuljum<\/h2>\n<p>Kif jissu\u0121\u0121erixxi l-isem tag\u0127ha, il-Manly City CPM S90V hija kukkell e\u010b\u010bezzjonali ta&#8217; kuljum g\u0127all-belt. Ti\u0121i b&#8217;filosofija ta&#8217; Manly li toffri lill-utenti materjali premjum mag\u0127\u017cula b&#8217;attenzjoni bi prezz ra\u0121onevoli. Il-lasta b&#8217;wi\u010b\u010b s\u0127i\u0127 hija mag\u0127mula mill-azzar CPM S90V b&#8217;prestazzjoni g\u0127olja, b&#8217;sa\u0127\u0127a ta&#8217; Rockwell ta&#8217; 60-62 HRC, li ti\u017cgura \u0121ebla e\u010b\u010bezzjonali u re\u017cistenza g\u0127all-korru\u017cjoni.<\/p>\n<p>Imfassla g\u0127all-u\u017cu ambidestru, dan il-mudell jinkludi klippa tal-but riversibbli u po\u017cizzjoni doppja ta&#8217; pinna, li tag\u0127milha adattata kemm g\u0127all-utenti bil-leminija kif ukoll g\u0127all-utenti bil-leminija. Il-mani\u0121 G10 jipprovdi qbid sigur u komdu, filwaqt li l-ftu\u0127 b&#8217;id wa\u0127da u l-mekkani\u017cmu tal-lok jassiguraw operazzjoni affidabbli.<\/p>\n<p>B&#8217;tul totali ta&#8217; 17.7 cm u tul tal-lasta ta&#8217; 7.0 cm, il-Manly City CPM S90V hija kukkell versatili li tin\u0121arr ta&#8217; kuljum li tikkombina materjali premjum, prestazzjoni e\u010b\u010bezzjonali u karatteristi\u010bi u\u017cufruwi mill-utent. Ti\u017cen biss 95 g, hija kompanji \u0127afif u fa\u010bilment portabbli g\u0127al firxa varjata ta&#8217; kompiti ta&#8217; kuljum.<\/p>\n","protected":false},"excerpt":{"rendered":"<p>Kunsinna ta&#8217; \u0121urnata EDC. Lasta tal-azzar CPM S90V, mpin\u0121i ta&#8217; G10, klibbja reversiet, adattati g\u0127al u\u017cu man-na\u0127a tax-xellug\/leminija.<\/p>\n","protected":false},"featured_media":682053,"template":"","meta":{"_acf_changed":false},"product_brand":[15093],"product_cat":[14143],"product_tag":[],"class_list":{"0":"post-681779","1":"product","2":"type-product","3":"status-publish","4":"has-post-thumbnail","6":"product_brand-manly-knives","7":"product_cat-edc","9":"first","10":"instock","11":"taxable","12":"shipping-taxable","13":"purchasable","14":"product-type-simple"},"acf":[],"_links":{"self":[{"href":"https:\/\/nbg.eu\/mt\/wp-json\/wp\/v2\/product\/681779","targetHints":{"allow":["GET"]}}],"collection":[{"href":"https:\/\/nbg.eu\/mt\/wp-json\/wp\/v2\/product"}],"about":[{"href":"https:\/\/nbg.eu\/mt\/wp-json\/wp\/v2\/types\/product"}],"wp:featuredmedia":[{"embeddable":true,"href":"https:\/\/nbg.eu\/mt\/wp-json\/wp\/v2\/media\/682053"}],"wp:attachment":[{"href":"https:\/\/nbg.eu\/mt\/wp-json\/wp\/v2\/media?parent=681779"}],"wp:term":[{"taxonomy":"product_brand","embeddable":true,"href":"https:\/\/nbg.eu\/mt\/wp-json\/wp\/v2\/product_brand?post=681779"},{"taxonomy":"product_cat","embeddable":true,"href":"https:\/\/nbg.eu\/mt\/wp-json\/wp\/v2\/product_cat?post=681779"},{"taxonomy":"product_tag","embeddable":true,"href":"https:\/\/nbg.eu\/mt\/wp-json\/wp\/v2\/product_tag?post=681779"}],"curies":[{"name":"wp","href":"https:\/\/api.w.org\/{rel}","templated":true}]}}