{"id":682120,"date":"2026-01-08T18:13:52","date_gmt":"2026-01-08T15:13:52","guid":{"rendered":"https:\/\/nbg.eu\/product\/belindia-militari-cittadina-14c28n\/"},"modified":"2026-01-21T11:41:31","modified_gmt":"2026-01-21T08:41:31","slug":"belindia-militari-cittadina-14c28n","status":"publish","type":"product","link":"https:\/\/nbg.eu\/mt\/product\/belindia-militari-cittadina-14c28n\/","title":{"rendered":"Bel\u00ecndia Militari \u010aittadina 14C28N"},"content":{"rendered":"<h2>Manly City Military 14C28N: Il Ku\u010b\u010brin ta &#8216;Kuljum E\u010b\u010bezzjonali<\/h2>\n<p>Il-Manly City Military 14C28N huwa ku\u010b\u010brin ta&#8217; belt ta&#8217; kuljum e\u010b\u010bezzjonali li jincarna l-filosofija tag\u0127na li noffru materja prima primarja b&#8217;prezz ra\u0121onevoli. B&#8217;lama tal-pjan\u010ba s\u0127i\u0127a mag\u0127mula mill-azzar Sandvik 14C28N, dan il-mudell huwa ddisinjat g\u0127all-versatilit\u00e0 u l-kumdit\u00e0.<\/p>\n<p>B&#8217;a\u010b\u010bessorju riversibbli u po\u017cizzjoni doppja tal-pin, il-Manly City Military 14C28N huwa adatt kemm g\u0127all-utenti tax-xellug kif ukoll g\u0127al dawk tal-lemin, li ji\u017cguraw qabda komda u personalizzata. Il-materjal tal-manku G10 jipprovdi qbid sod u durabbli, filwaqt li l-ftu\u0127 b&#8217;id wa\u0127da u l-mekkani\u017cmu tal-lockback joffru operat nadif u affidabbli.<\/p>\n<p>Spe\u010bifikazzjonijiet Tekni\u010bi:<\/p>\n<ul>\n<li>Mudell: CITY 14C28N Military Green Flat Handle<\/li>\n<li>Tip: Ku\u010b\u010brin foldjabbli<\/li>\n<li>Tul totali: 17.7 cm<\/li>\n<li>Tul tal-lama: 7.0 cm<\/li>\n<li>Tul meta mag\u0127fus: 10.5 cm<\/li>\n<li>\u0126xuna tal-lama: 2.7 mm<\/li>\n<li>Pi\u017c: 95 g<\/li>\n<li>Materjal tal-lama: 14C28N<\/li>\n<li>Materjal tal-manku: G10<\/li>\n<li>Ftu\u0127: Didu tal-Pollici<\/li>\n<li>Ftu\u0127: id wa\u0127da<\/li>\n<li>Tip ta&#8217; Blokk: Lockback<\/li>\n<\/ul>\n","protected":false},"excerpt":{"rendered":"<p>Il-Manly City Military 14C28N huwa sikkina e\u010b\u010bezzjonali ta&#8217; kuljum g\u0127all-belt mag\u0127mula bl-istil Sandvik 14C28N u l-maniku G10, adattat g\u0127al-u\u017cu tal-id il-leminija u tax-xellugija.<\/p>\n","protected":false},"featured_media":682222,"template":"","meta":{"_acf_changed":false},"product_brand":[15093],"product_cat":[14143],"product_tag":[],"class_list":{"0":"post-682120","1":"product","2":"type-product","3":"status-publish","4":"has-post-thumbnail","6":"product_brand-manly-knives","7":"product_cat-edc","9":"first","10":"instock","11":"taxable","12":"shipping-taxable","13":"purchasable","14":"product-type-simple"},"acf":[],"_links":{"self":[{"href":"https:\/\/nbg.eu\/mt\/wp-json\/wp\/v2\/product\/682120","targetHints":{"allow":["GET"]}}],"collection":[{"href":"https:\/\/nbg.eu\/mt\/wp-json\/wp\/v2\/product"}],"about":[{"href":"https:\/\/nbg.eu\/mt\/wp-json\/wp\/v2\/types\/product"}],"wp:featuredmedia":[{"embeddable":true,"href":"https:\/\/nbg.eu\/mt\/wp-json\/wp\/v2\/media\/682222"}],"wp:attachment":[{"href":"https:\/\/nbg.eu\/mt\/wp-json\/wp\/v2\/media?parent=682120"}],"wp:term":[{"taxonomy":"product_brand","embeddable":true,"href":"https:\/\/nbg.eu\/mt\/wp-json\/wp\/v2\/product_brand?post=682120"},{"taxonomy":"product_cat","embeddable":true,"href":"https:\/\/nbg.eu\/mt\/wp-json\/wp\/v2\/product_cat?post=682120"},{"taxonomy":"product_tag","embeddable":true,"href":"https:\/\/nbg.eu\/mt\/wp-json\/wp\/v2\/product_tag?post=682120"}],"curies":[{"name":"wp","href":"https:\/\/api.w.org\/{rel}","templated":true}]}}