{"id":682347,"date":"2026-01-09T22:09:00","date_gmt":"2026-01-09T19:09:00","guid":{"rendered":"https:\/\/nbg.eu\/product\/citta-manly-g10-iswed-s90v\/"},"modified":"2026-01-21T12:28:45","modified_gmt":"2026-01-21T09:28:45","slug":"citta-manly-g10-iswed-s90v","status":"publish","type":"product","link":"https:\/\/nbg.eu\/mt\/product\/citta-manly-g10-iswed-s90v\/","title":{"rendered":"\u010aitt\u00e0 Manly G10 Iswed S90V"},"content":{"rendered":"<h2>Manly City G10 Iswed S90V: Sommarju E\u010b\u010bezzjonali Jittie\u0127ed Kuljum<\/h2>\n<p>Kif jissu\u0121\u0121erixxi ismu, il-Manly City G10 Iswed S90V huwa sommarju e\u010b\u010bezzjonali ta&#8217; kuljum li jittie\u0127ed fil-belt. Mag\u0127mul bil-filosofija tag\u0127na li noffru lill-utenti materjali ta&#8217; kwalit\u00e0 g\u0127olja sselezzjonati b&#8217;mod attent b&#8217;prezz ra\u0121onevoli, dan il-\u0121lekja li tin\u0121ibed fiha jifta\u0127ar b&#8217;lasta tonda miksija kompletament mag\u0127mula mill-azzar CPM S90V b&#8217;sa\u0127\u0127a Rockwell ta&#8217; 60-62 HRC. Il-gripper reversibli g\u0127all-but u d-po\u017cizzjoni doppja tal-buttuna jag\u0127mluh perfettament adatt kemm g\u0127all-utenti tal-lemin kif ukoll tal-leminija.<\/p>\n<p>Tul totali ta&#8217; 17.7 cm, b&#8217;lasta ta&#8217; 7.0 cm u tul miftu\u0127 ta&#8217; 10.5 cm, din il-\u0121lekja g\u0127andha lasta b&#8217;tiksira ta&#8217; 2.7 mm u tpaxxi biss 95 g. Il-mani\u0121 huwa mag\u0127mul mill-materjal 3D G10 li jdur, u l-\u0121lekja tista&#8217; tinfta\u0127 b&#8217;buttuna tal-polli b&#8217;operazzjoni b&#8217;id wa\u0127da. Mekkani\u017cmu sod ta&#8217; lock-back jassigura l-u\u017cu sikur u affidabbli tal-lasta.<\/p>\n<p>Disponibbli f&#8217;kulur iswed e\u017cotiku, il-Manly City G10 Iswed S90V huwa l-kompanjun ideali tal-kuljum, li jg\u0127aqqad prestazzjoni premium u kostruzzjoni ta&#8217; kwalit\u00e0 bi prezz a\u010b\u010bessibbli.<\/p>\n","protected":false},"excerpt":{"rendered":"<p>Knief tal-belt straordinarji ta&#8217; kuljum b&#8217;lama tal-CPM S90V, idejn tal-G10 3D, u klippa li tista&#8217; tinbidel.<\/p>\n","protected":false},"featured_media":682515,"template":"","meta":{"_acf_changed":false},"product_brand":[15093],"product_cat":[14143,15387,15366],"product_tag":[],"class_list":{"0":"post-682347","1":"product","2":"type-product","3":"status-publish","4":"has-post-thumbnail","6":"product_brand-manly-knives","7":"product_cat-edc","8":"product_cat-folding-knives-mt","9":"product_cat-knives-mt","11":"first","12":"outofstock","13":"taxable","14":"shipping-taxable","15":"purchasable","16":"product-type-simple"},"acf":[],"_links":{"self":[{"href":"https:\/\/nbg.eu\/mt\/wp-json\/wp\/v2\/product\/682347","targetHints":{"allow":["GET"]}}],"collection":[{"href":"https:\/\/nbg.eu\/mt\/wp-json\/wp\/v2\/product"}],"about":[{"href":"https:\/\/nbg.eu\/mt\/wp-json\/wp\/v2\/types\/product"}],"wp:featuredmedia":[{"embeddable":true,"href":"https:\/\/nbg.eu\/mt\/wp-json\/wp\/v2\/media\/682515"}],"wp:attachment":[{"href":"https:\/\/nbg.eu\/mt\/wp-json\/wp\/v2\/media?parent=682347"}],"wp:term":[{"taxonomy":"product_brand","embeddable":true,"href":"https:\/\/nbg.eu\/mt\/wp-json\/wp\/v2\/product_brand?post=682347"},{"taxonomy":"product_cat","embeddable":true,"href":"https:\/\/nbg.eu\/mt\/wp-json\/wp\/v2\/product_cat?post=682347"},{"taxonomy":"product_tag","embeddable":true,"href":"https:\/\/nbg.eu\/mt\/wp-json\/wp\/v2\/product_tag?post=682347"}],"curies":[{"name":"wp","href":"https:\/\/api.w.org\/{rel}","templated":true}]}}