{"id":682588,"date":"2026-01-09T22:08:59","date_gmt":"2026-01-09T19:08:59","guid":{"rendered":"https:\/\/nbg.eu\/product\/citta-manly-iswed-14c28n\/"},"modified":"2026-01-21T12:29:38","modified_gmt":"2026-01-21T09:29:38","slug":"citta-manly-iswed-14c28n","status":"publish","type":"product","link":"https:\/\/nbg.eu\/mt\/product\/citta-manly-iswed-14c28n\/","title":{"rendered":"\u010aitt\u00e0 Manly Iswed 14C28N"},"content":{"rendered":"<h2>Manly City Black 14C28N: Sikkiera Kuljana tal-Belt kuljana ta&#8217; Kuljana<\/h2>\n<p>Il-Manly City Black 14C28N hija sikkiera tal-belt kuljana li tincarna fil-filosofija tag\u0127na li noffru lill-utenti materjali primarji mag\u0127\u017cula b&#8217;mod attent bi prezz ra\u0121onevoli. B&#8217;lama pjana s\u0127i\u0127a mag\u0127mula mill-azzar Sandvik 14C28N re\u017cistenti, dan il-qlug\u0127 ikkieg\u0127ed huwa mdisinjat biex ikun sie\u0127eb affidabbli g\u0127al \u0127iliet ta&#8217; kuljum.<\/p>\n<p>B&#8217;tul totali ta&#8217; 17.7 cm u tul tal-lama ta&#8217; 7.0 cm, il-Manly City Black 14C28N hija g\u0127odda kompatta u versattili. Meta minfuqa, tag\u0127mel 10.5 cm, li jag\u0127milha fa\u010bli biex tkun im\u0121arrba u ma\u0127\u017cuna. It-tidwira tal-lama ta&#8217; 2.7 mm u l-pi\u017c totali ta&#8217; 95 g ji\u017cguraw esperjenza bilan\u010bjata u komda tal-immani\u0121\u0121jar.<\/p>\n<p>Wie\u0127ed mill-karatteristi\u010bi prominenti ta&#8217; din is-sikkiera huwa l-klippa riversibbli tag\u0127ha, li tag\u0127milha adattata kemm g\u0127al utenti tal-lemin kif ukoll tal-idejn tax-xellug. Il-materjal tal-mani\u0121\u0121 huwa mag\u0127mul mill-G10 re\u017cistenti, li jipprovdi qbid sod u li ma j\u017celliqx, anke f&#8217;kundizzjonijiet umdi u e\u017ci\u0121enti.<\/p>\n<p>Mg\u0127ammra b&#8217;mekkani\u017cmu li jifta\u0127 b&#8217;\u017cew\u0121 idejn u mekkani\u017cmu ta&#8217; blokkar affidabbli, il-Manly City Black 14C28N toffri operazzjoni sigura u sigura, li ti\u017cgura li l-\u0127iliet ta&#8217; qtug\u0127 jitwettqu b&#8217;kunfidenza u pre\u010bi\u017cjoni. L-iskema tal-kulur iswed u smooth \u017c\u017cid mal-appell modern u sofistikat tas-sikkiera, li tag\u0127milha g\u0127a\u017cla stilistika g\u0127all-kuljum.<\/p>\n","protected":false},"excerpt":{"rendered":"<p>Il-Manly City Black 14C28N huwa sikkina ta&#8217; kuljum e\u010b\u010bezzjonali g\u0127all-belt b&#8217;lasta tal-azzar Sandvik 14C28N u kalamita reversivali g\u0127all-u\u017cu man-na\u0127a tax-xellug jew il-lemin.<\/p>\n","protected":false},"featured_media":682721,"template":"","meta":{"_acf_changed":false},"product_brand":[15093],"product_cat":[14143,15387,15366],"product_tag":[],"class_list":{"0":"post-682588","1":"product","2":"type-product","3":"status-publish","4":"has-post-thumbnail","6":"product_brand-manly-knives","7":"product_cat-edc","8":"product_cat-folding-knives-mt","9":"product_cat-knives-mt","11":"first","12":"instock","13":"taxable","14":"shipping-taxable","15":"purchasable","16":"product-type-simple"},"acf":[],"_links":{"self":[{"href":"https:\/\/nbg.eu\/mt\/wp-json\/wp\/v2\/product\/682588","targetHints":{"allow":["GET"]}}],"collection":[{"href":"https:\/\/nbg.eu\/mt\/wp-json\/wp\/v2\/product"}],"about":[{"href":"https:\/\/nbg.eu\/mt\/wp-json\/wp\/v2\/types\/product"}],"wp:featuredmedia":[{"embeddable":true,"href":"https:\/\/nbg.eu\/mt\/wp-json\/wp\/v2\/media\/682721"}],"wp:attachment":[{"href":"https:\/\/nbg.eu\/mt\/wp-json\/wp\/v2\/media?parent=682588"}],"wp:term":[{"taxonomy":"product_brand","embeddable":true,"href":"https:\/\/nbg.eu\/mt\/wp-json\/wp\/v2\/product_brand?post=682588"},{"taxonomy":"product_cat","embeddable":true,"href":"https:\/\/nbg.eu\/mt\/wp-json\/wp\/v2\/product_cat?post=682588"},{"taxonomy":"product_tag","embeddable":true,"href":"https:\/\/nbg.eu\/mt\/wp-json\/wp\/v2\/product_tag?post=682588"}],"curies":[{"name":"wp","href":"https:\/\/api.w.org\/{rel}","templated":true}]}}