{"id":682893,"date":"2026-01-08T18:15:12","date_gmt":"2026-01-08T15:15:12","guid":{"rendered":"https:\/\/nbg.eu\/product\/manly-blaze-walnut-wood-rwl-34\/"},"modified":"2026-01-21T12:28:45","modified_gmt":"2026-01-21T09:28:45","slug":"manly-blaze-walnut-wood-rwl-34","status":"publish","type":"product","link":"https:\/\/nbg.eu\/mt\/product\/manly-blaze-walnut-wood-rwl-34\/","title":{"rendered":"Manly Blaze Walnut Wood RWL-34"},"content":{"rendered":"<h2>Blaze RWL-34 Walnut: L-I\u017cjed Sikkanti G\u0127all-Buscar<\/h2>\n<p>B&#8217;lasta fissa u kostruzzjoni s\u0127i\u0127a tal-lasta, il-Blaze RWL-34 Walnut hija l-g\u0127a\u017cla definittiva g\u0127al prestazzjoni affidabbli fil-g\u0127elieqi l-kbar. Manifatturata bi pre\u010bi\u017cjoni u attenzjoni g\u0127ad-dettall, din il-landa hija l-a\u0127jar g\u0127ajnuna g\u0127al-avventuri tieg\u0127ek ta&#8217; kampjar, sajd, jew mountaineering.<\/p>\n<p>Il-mani\u0121\u0121 huwa mag\u0127mul minn \u0121ew\u017c Bulgaru, li jipprovdi qbid komdu u sigur, anke fil-kundizzjonijiet l-aktar diffi\u010bli. Sew jekk g\u0127andek b\u017conn tag\u0127ti qata&#8217; g\u0127al buskara densa, tipprepara l-\u0127atfa tieg\u0127ek, jew twettaq kompiti essenzjali tas-sopravvivenza, il-Blaze RWL-34 Walnut hija adatta g\u0127all-isfida.<\/p>\n<p>B&#8217;lasta ta&#8217; 4mm miksuba mill-azzar RWL-34 premium, din il-landa tg\u0127axxaq b&#8217;sa\u0127\u0127a tal-\u0121rif ta&#8217; 62 HRC, li ti\u017cgura durabilit\u00e0 e\u010b\u010bezzjonali u \u017camma tal-\u0121rif. B&#8217;tul totali ta&#8217; 24.5 cm u tul tal-lasta ta&#8217; 11.9 cm, il-Blaze RWL-34 Walnut toffri l-bilan\u010b perfett bejn id-daqs u l-manuvrar.<\/p>\n<p>B&#8217;pi\u017c ta&#8217; biss 210 grammi, din il-landa hija fa\u010bli biex \u0121\u0121orr u ma ttelliffekx, li tag\u0127milha l-a\u0127jar g\u0127ajnuna g\u0127all-e\u010b\u010bursjonijiet tieg\u0127ek barra. Il-kurija tal-\u0121ilda inklu\u017ca \u017c\u017cid livell ie\u0127or ta&#8217; protezzjoni u konvenjenza, li j\u0127alli lilek \u017c\u017comm il-Blaze RWL-34 Walnut tieg\u0127ek qrib.<\/p>\n","protected":false},"excerpt":{"rendered":"<p>Blaze RWL-34 Walnut &#8211; il-kusell perfett tal-Bushcraft b&#8217;indafa tal-\u0121nien u lasta ta&#8217; 62 HRC.<\/p>\n","protected":false},"featured_media":682943,"template":"","meta":{"_acf_changed":false},"product_brand":[15093],"product_cat":[15366],"product_tag":[],"class_list":{"0":"post-682893","1":"product","2":"type-product","3":"status-publish","4":"has-post-thumbnail","6":"product_brand-manly-knives","7":"product_cat-knives-mt","9":"first","10":"instock","11":"taxable","12":"shipping-taxable","13":"purchasable","14":"product-type-simple"},"acf":[],"_links":{"self":[{"href":"https:\/\/nbg.eu\/mt\/wp-json\/wp\/v2\/product\/682893","targetHints":{"allow":["GET"]}}],"collection":[{"href":"https:\/\/nbg.eu\/mt\/wp-json\/wp\/v2\/product"}],"about":[{"href":"https:\/\/nbg.eu\/mt\/wp-json\/wp\/v2\/types\/product"}],"wp:featuredmedia":[{"embeddable":true,"href":"https:\/\/nbg.eu\/mt\/wp-json\/wp\/v2\/media\/682943"}],"wp:attachment":[{"href":"https:\/\/nbg.eu\/mt\/wp-json\/wp\/v2\/media?parent=682893"}],"wp:term":[{"taxonomy":"product_brand","embeddable":true,"href":"https:\/\/nbg.eu\/mt\/wp-json\/wp\/v2\/product_brand?post=682893"},{"taxonomy":"product_cat","embeddable":true,"href":"https:\/\/nbg.eu\/mt\/wp-json\/wp\/v2\/product_cat?post=682893"},{"taxonomy":"product_tag","embeddable":true,"href":"https:\/\/nbg.eu\/mt\/wp-json\/wp\/v2\/product_tag?post=682893"}],"curies":[{"name":"wp","href":"https:\/\/api.w.org\/{rel}","templated":true}]}}