{"id":683280,"date":"2025-12-17T17:30:35","date_gmt":"2025-12-17T14:30:35","guid":{"rendered":"https:\/\/nbg.eu\/product\/manly-blaze-black-g10-rwl-34\/"},"modified":"2026-01-21T11:41:30","modified_gmt":"2026-01-21T08:41:30","slug":"manly-blaze-black-g10-rwl-34","status":"publish","type":"product","link":"https:\/\/nbg.eu\/mt\/product\/manly-blaze-black-g10-rwl-34\/","title":{"rendered":"Manly Blaze Black G10 RWL-34"},"content":{"rendered":"<h2>Manly Blaze Black G10 RWL-34 &#8211; L-Unika Sikkina g\u0127all-Bushcraft<\/h2>\n<p>Blaze RWL-34 Black hija s-sikkina perfetta g\u0127all-Bushcraft. B&#8217;lama fissa u kostruzzjoni bitanzjali s\u0127i\u0127a + l-azzar tal-powr RWL-34 superjuri, id-durabbilt\u00e0 ta&#8217; din is-sikkina hija garantita. Il-manku huwa mag\u0127mul mill-materjal G10 iswed mg\u0127affe\u0121 re\u017cistenti g\u0127all-korru\u017cjoni. Is-sikkina tista&#8217; titne\u0127\u0127a mil-waxka (mag\u0127mula mill-kydex) bil-fa\u010bilit\u00e0 b&#8217;moviment ta&#8217; id wa\u0127da, u l-muntatura tal-\u010binturin tista&#8217; tkun orizzontali jew vertikali.<\/p>\n<p>Jekk te\u0127tie\u0121 sikkina affidabbli fil-muntanji, kampe\u0121\u0121, jew sajd, Blaze hija g\u0127alik.<\/p>\n<h2>Spe\u010bifikazzjonijiet Tekni\u010bi<\/h2>\n<p>Isem: Blaze \u2013 RWL-34 Iswed<br \/>\nTip: Lama fissa<br \/>\nTul totali: 24.5 \u010bm<br \/>\nTul tal-lama: 11.9 \u010bm<br \/>\n\u0126xuna tal-lama: 4 mm<br \/>\nG\u0127erq tad-daqq tal-\u0121arr: 62 hrc<br \/>\nPi\u017c: 210g<br \/>\nMaterjal tal-lama: RWL-34<br \/>\nMaterjal tal-manku: G10<br \/>\nMaterjal tal-waxka: Kydex<\/p>\n","protected":false},"excerpt":{"rendered":"<p>Blaze RWL-34 Iswed: il-\u0121emb perfett tal-Bushcraft bi lasta fissa, tang s\u0127i\u0127, u azzar tal-porvli RWL-34.<\/p>\n","protected":false},"featured_media":683330,"template":"","meta":{"_acf_changed":false},"product_brand":[15093],"product_cat":[2876],"product_tag":[],"class_list":{"0":"post-683280","1":"product","2":"type-product","3":"status-publish","4":"has-post-thumbnail","6":"product_brand-manly-knives","7":"product_cat-rahohvatki","9":"first","10":"instock","11":"taxable","12":"shipping-taxable","13":"purchasable","14":"product-type-simple"},"acf":[],"_links":{"self":[{"href":"https:\/\/nbg.eu\/mt\/wp-json\/wp\/v2\/product\/683280","targetHints":{"allow":["GET"]}}],"collection":[{"href":"https:\/\/nbg.eu\/mt\/wp-json\/wp\/v2\/product"}],"about":[{"href":"https:\/\/nbg.eu\/mt\/wp-json\/wp\/v2\/types\/product"}],"wp:featuredmedia":[{"embeddable":true,"href":"https:\/\/nbg.eu\/mt\/wp-json\/wp\/v2\/media\/683330"}],"wp:attachment":[{"href":"https:\/\/nbg.eu\/mt\/wp-json\/wp\/v2\/media?parent=683280"}],"wp:term":[{"taxonomy":"product_brand","embeddable":true,"href":"https:\/\/nbg.eu\/mt\/wp-json\/wp\/v2\/product_brand?post=683280"},{"taxonomy":"product_cat","embeddable":true,"href":"https:\/\/nbg.eu\/mt\/wp-json\/wp\/v2\/product_cat?post=683280"},{"taxonomy":"product_tag","embeddable":true,"href":"https:\/\/nbg.eu\/mt\/wp-json\/wp\/v2\/product_tag?post=683280"}],"curies":[{"name":"wp","href":"https:\/\/api.w.org\/{rel}","templated":true}]}}