{"id":683364,"date":"2025-12-17T17:40:13","date_gmt":"2025-12-17T14:40:13","guid":{"rendered":"https:\/\/nbg.eu\/product\/blaze-sewwa-iswed-g10-d2\/"},"modified":"2026-01-21T11:39:01","modified_gmt":"2026-01-21T08:39:01","slug":"blaze-sewwa-iswed-g10-d2","status":"publish","type":"product","link":"https:\/\/nbg.eu\/mt\/product\/blaze-sewwa-iswed-g10-d2\/","title":{"rendered":"Blaze Sewwa Iswed G10 D2"},"content":{"rendered":"<h2>Blaze D2 Iswed: Il-Sikkina tal-Bushcraft Affidabbli g\u0127al Avventuri fl-Ewwel Apra<\/h2>\n<p>Blaze D2 Iswed hija s-sikkina tal-Bushcraft perfetta, imfassla g\u0127all-u\u017cu iebes fl-ewwel apra. B&#8217;talkien fissat u kostruzzjoni b&#8217;talkien s\u0127i\u0127, din is-sikkina toffri stabbilt\u00e0 u durabilit\u00e0 bla xebg\u0127a, li ti\u017cgura li tista&#8217; tifla\u0127 l-aktar kompiti diffi\u010bli.<\/p>\n<p>Il-manku tat-tesstura G10 iswed huwa re\u017cistenti g\u0127all-korru\u017cjoni, li jipprovdi qbid sod anke f&#8217;kundizzjonijiet umdi.<\/p>\n<p>Blaze tista&#8217; titne\u0127\u0127a fa\u010bilment mill-kaxxa Kydex tag\u0127ha b&#8217;moviment ta&#8217; id wa\u0127da, li jippermetti a\u010b\u010bess mg\u0127a\u0121\u0121el meta tkun te\u0127tie\u0121ha l-aktar. Il-munta\u0121\u0121 tal-belt versatili jista&#8217; ji\u0121i po\u017cizzjonat orizzontalment jew vertikalment, li jag\u0127milha komda biex \u0121\u0121orr fi triqatek.<\/p>\n<p>Sew jekk tkun qed tinda\u0127al ma&#8217; sfidi tal-widien, kampjar, jew sajd, Blaze D2 Iswed hija l-kumpanija affidabbli li tista&#8217; tafda fuqha. Mag\u0127mula b&#8217;pre\u010bi\u017cjoni, din is-sikkina tifra\u0127 b&#8217;dehra tal-\u0121rie\u0127i ta&#8217; 61HRC, li ti\u017cgura li tista&#8217; timmani\u0121\u0121ja varjet\u00e0 wiesg\u0127a ta&#8217; kompiti b&#8217;fa\u010bilit\u00e0. B&#8217;materjal tal-lama 1.2379 (D2) u kostruzzjoni b&#8217;sa\u0127\u0127itha, Blaze D2 Iswed hija mag\u0127mula biex iddum, li jag\u0127milha g\u0127odda essenzjali g\u0127al kull wild enthusiast.<\/p>\n","protected":false},"excerpt":{"rendered":"<p>Blaze D2 Iswed &#8211; il-briket perfett tal-bushcraft. Ghama ta&#8217; G10 imfukkna, lama ta&#8217; azzar D2, slipper ta&#8217; Kydex.<\/p>\n","protected":false},"featured_media":683421,"template":"","meta":{"_acf_changed":false},"product_brand":[15093],"product_cat":[2876],"product_tag":[],"class_list":{"0":"post-683364","1":"product","2":"type-product","3":"status-publish","4":"has-post-thumbnail","6":"product_brand-manly-knives","7":"product_cat-rahohvatki","9":"first","10":"instock","11":"taxable","12":"shipping-taxable","13":"purchasable","14":"product-type-simple"},"acf":[],"_links":{"self":[{"href":"https:\/\/nbg.eu\/mt\/wp-json\/wp\/v2\/product\/683364","targetHints":{"allow":["GET"]}}],"collection":[{"href":"https:\/\/nbg.eu\/mt\/wp-json\/wp\/v2\/product"}],"about":[{"href":"https:\/\/nbg.eu\/mt\/wp-json\/wp\/v2\/types\/product"}],"wp:featuredmedia":[{"embeddable":true,"href":"https:\/\/nbg.eu\/mt\/wp-json\/wp\/v2\/media\/683421"}],"wp:attachment":[{"href":"https:\/\/nbg.eu\/mt\/wp-json\/wp\/v2\/media?parent=683364"}],"wp:term":[{"taxonomy":"product_brand","embeddable":true,"href":"https:\/\/nbg.eu\/mt\/wp-json\/wp\/v2\/product_brand?post=683364"},{"taxonomy":"product_cat","embeddable":true,"href":"https:\/\/nbg.eu\/mt\/wp-json\/wp\/v2\/product_cat?post=683364"},{"taxonomy":"product_tag","embeddable":true,"href":"https:\/\/nbg.eu\/mt\/wp-json\/wp\/v2\/product_tag?post=683364"}],"curies":[{"name":"wp","href":"https:\/\/api.w.org\/{rel}","templated":true}]}}